{"id":6824,"date":"2025-12-12T13:09:41","date_gmt":"2025-12-12T12:09:41","guid":{"rendered":"https:\/\/bestoptika.eu\/?post_type=product&#038;p=6824"},"modified":"2025-12-12T13:09:41","modified_gmt":"2025-12-12T12:09:41","slug":"deerhunter-caroline-padded-barna-hoszigetelt-noi-kabat","status":"publish","type":"product","link":"https:\/\/bestoptika.eu\/sk\/product\/deerhunter-caroline-padded-barna-hoszigetelt-noi-kabat\/","title":{"rendered":"Deerhunter Caroline zateplen\u00e1 hned\u00e1 d\u00e1mska bunda"},"content":{"rendered":"<p>A <strong>Deerhunter Caroline zateplen\u00e1 hned\u00e1 d\u00e1mska bunda<\/strong> mo\u017eno nosi\u0165 po cel\u00fd rok alebo najm\u00e4 na jesenn\u00e9 po\u013eova\u010dky. Tento vrchn\u00fd kab\u00e1t od v\u00fdrobcu Deerhunter zaru\u010duje dostato\u010dn\u00e9 teplo po\u010das celej jesene. Jedine\u010dn\u00fd tich\u00fd materi\u00e1l a kontrastn\u00e9 farby, ktor\u00e9 dokonale ladia s pr\u00edrodou. Po\u013eovn\u00edcka bunda Deerhunter v\u00e1m zaru\u010d\u00ed fantastick\u00fd z\u00e1\u017eitok z lovu. Bunda Caroline s membr\u00e1nou Deer Tex je dokonal\u00e1 \u0161t\u00fdlov\u00e1 bunda. \u013dahk\u00e1 bunda m\u00e1 v podpazu\u0161\u00ed m\u00e4kk\u00fa pleteninu, v\u010faka ktorej sa pohodlne nos\u00ed a je priedu\u0161n\u00e1<\/p>\n<h2>Popis produktu<\/h2>\n<ul>\n<li><strong>Rozmery:<\/strong> 36-48<\/li>\n<li><strong>Farba:<\/strong> 393 - Drevo<\/li>\n<li><strong>Vonkaj\u0161ie zlo\u017eenie:<\/strong> 100% polyester<\/li>\n<li><strong>Izol\u00e1cia:<\/strong> Deer Tex<\/li>\n<\/ul>\n<h2>Parametre produktu<\/h2>\n<ul>\n<li>Kontrastn\u00e9 farebn\u00e9 detaily na ruk\u00e1voch a bokoch<\/li>\n<li>Vertik\u00e1lne vreck\u00e1 na zips<\/li>\n<li>Jedno predn\u00e9 vrecko na zips<\/li>\n<\/ul>","protected":false},"excerpt":{"rendered":"<p>D\u00e1mska zateplen\u00e1 bunda Deerhunter Caroline Padded Brown je \u013eahk\u00e1, tich\u00e1 a tepl\u00e1 vonkaj\u0161ia vrstva, ktor\u00e1 je ide\u00e1lna na celoro\u010dn\u00fd lov, najm\u00e4 na jese\u0148, v\u010faka svojim pr\u00edrodn\u00fdm farb\u00e1m, ktor\u00e9 dobre spl\u00fdvaj\u00fa s okol\u00edm. Zateplenie Deer Tex, m\u00e4kk\u00e9 priedu\u0161n\u00e9 vlo\u017eky a praktick\u00e9 vreck\u00e1 na zips umo\u017e\u0148uj\u00fa pohodln\u00e9 a \u0161t\u00fdlov\u00e9 nosenie v pr\u00edrode.<\/p>","protected":false},"featured_media":6833,"comment_status":"open","ping_status":"closed","template":"","meta":[],"product_brand":[],"product_cat":[319],"product_tag":[368,314],"class_list":{"0":"post-6824","1":"product","2":"type-product","3":"status-publish","4":"has-post-thumbnail","6":"product_cat-kabatok-es-puloverek","7":"product_tag-caroline-padded","8":"product_tag-deerhunter","10":"first","11":"instock","12":"taxable","13":"shipping-taxable","14":"purchasable","15":"product-type-variable","16":"has-default-attributes"},"jetpack_sharing_enabled":true,"_links":{"self":[{"href":"https:\/\/bestoptika.eu\/sk\/wp-json\/wp\/v2\/product\/6824","targetHints":{"allow":["GET"]}}],"collection":[{"href":"https:\/\/bestoptika.eu\/sk\/wp-json\/wp\/v2\/product"}],"about":[{"href":"https:\/\/bestoptika.eu\/sk\/wp-json\/wp\/v2\/types\/product"}],"replies":[{"embeddable":true,"href":"https:\/\/bestoptika.eu\/sk\/wp-json\/wp\/v2\/comments?post=6824"}],"wp:featuredmedia":[{"embeddable":true,"href":"https:\/\/bestoptika.eu\/sk\/wp-json\/wp\/v2\/media\/6833"}],"wp:attachment":[{"href":"https:\/\/bestoptika.eu\/sk\/wp-json\/wp\/v2\/media?parent=6824"}],"wp:term":[{"taxonomy":"product_brand","embeddable":true,"href":"https:\/\/bestoptika.eu\/sk\/wp-json\/wp\/v2\/product_brand?post=6824"},{"taxonomy":"product_cat","embeddable":true,"href":"https:\/\/bestoptika.eu\/sk\/wp-json\/wp\/v2\/product_cat?post=6824"},{"taxonomy":"product_tag","embeddable":true,"href":"https:\/\/bestoptika.eu\/sk\/wp-json\/wp\/v2\/product_tag?post=6824"}],"curies":[{"name":"wp","href":"https:\/\/api.w.org\/{rel}","templated":true}]}}