{"id":6885,"date":"2025-12-12T14:38:43","date_gmt":"2025-12-12T13:38:43","guid":{"rendered":"https:\/\/bestoptika.eu\/?post_type=product&#038;p=6885"},"modified":"2025-12-12T14:38:43","modified_gmt":"2025-12-12T13:38:43","slug":"deerhunter-lady-eagle-winter-tarmac-green-noi-teli-kabat","status":"publish","type":"product","link":"https:\/\/bestoptika.eu\/sk\/product\/deerhunter-lady-eagle-winter-tarmac-green-noi-teli-kabat\/","title":{"rendered":"Deerhunter Lady Eagle Winter Tarmac Green d\u00e1mska zimn\u00e1 bunda"},"content":{"rendered":"<p>A <strong>D\u00e1mska zimn\u00e1 bunda Deerhunter Lady Eagle Winter Tarmac Green<\/strong> \u0161peci\u00e1lne navrhnut\u00e9 pre modern\u00fdch lovcov, ktor\u00ed h\u013eadaj\u00fa spo\u013eahliv\u00fa ochranu v extr\u00e9mnych zimn\u00fdch podmienkach. Bunda poskytuje vynikaj\u00facu izol\u00e1ciu a z\u00e1rove\u0148 je pohodln\u00e1 a odoln\u00e1 - ide\u00e1lna na lov, turistiku alebo ak\u00fako\u013evek outdoorov\u00fa aktivitu v chladnom po\u010das\u00ed. Vonkaj\u0161ia vrstva s membr\u00e1nou Deer-Tex\u00ae Performance Shell je odoln\u00e1 vo\u010di vetru a vode a poskytuje maxim\u00e1lnu ochranu pred chladom, da\u017e\u010fom a snehom. Kvalitn\u00e1 izola\u010dn\u00e1 v\u00fdpl\u0148 v\u00e1s udr\u017e\u00ed v teple aj pri extr\u00e9mnych teplot\u00e1ch. Ergonomick\u00fd strih a elastick\u00e9 vlo\u017eky umo\u017e\u0148uj\u00fa vo\u013en\u00fd pohyb, zatia\u013e \u010do nastavite\u013en\u00e9 man\u017eety, spodn\u00fd lem a kapuc\u0148a poskytuj\u00fa dodato\u010dn\u00e9 pohodlie a prisp\u00f4sobenie. Vreck\u00e1 na zips s\u00fa ide\u00e1lne na ulo\u017eenie drobnost\u00ed alebo udr\u017eanie r\u00fak v teple. Mask\u00e1\u010dov\u00fd dizajn v\u00e1m poskytne extra v\u00fdhodu pri splynut\u00ed s pr\u00edrodou.<\/p>\n<div>\n<h2>Popis produktu<\/h2>\n<\/div>\n<ul>\n<li><strong>Farba:<\/strong> 5955-379 - zelen\u00fd asfalt<\/li>\n<li><strong>Materi\u00e1l:<\/strong> 85% polyester, 15% polyamid<\/li>\n<li><strong>Oblo\u017eenie:<\/strong> 100% polyester<\/li>\n<li><strong>Izol\u00e1cia:<\/strong> Deer-Tex\u00ae Temp 100 g\/m\u00b2 a 120 g\/m\u00b2<\/li>\n<li><strong>Odpor\u00fa\u010dan\u00e9 pranie:<\/strong> Perte hore dnom pri 30 \u00b0C, neoplachujte, nebielte, nesu\u0161te v bubnovej su\u0161i\u010dke ani ne\u017eehlite<\/li>\n<li><strong>\u00dadr\u017eba:<\/strong> pra\u0165 s podobn\u00fdmi farbami, zavesi\u0165 na sucho, nie je mo\u017en\u00e9 chemicky \u010disti\u0165<\/li>\n<\/ul>\n<h2>Parametre produktu<\/h2>\n<ul>\n<li>Materi\u00e1l odoln\u00fd vo\u010di vetru a vode<\/li>\n<li>Vysokokvalitn\u00e1 tepeln\u00e1 izol\u00e1cia<\/li>\n<li>Ergonomick\u00fd strih s elastick\u00fdmi vlo\u017ekami<\/li>\n<li>Nastavite\u013en\u00e9 detaily<\/li>\n<li>Praktick\u00e9 vreck\u00e1 na zips<\/li>\n<\/ul>","protected":false},"excerpt":{"rendered":"<p>D\u00e1mska zimn\u00e1 bunda Deerhunter Lady Eagle Winter Tarmac Green v\u00e1s udr\u017e\u00ed v teple a suchu v extr\u00e9mnych zimn\u00fdch podmienkach v\u010faka membr\u00e1ne Deer-Tex\u00ae Performance Shell odolnej vo\u010di vetru a vode a izol\u00e1cii Deer-Tex\u00ae Temp. Jej ergonomick\u00fd strih, elastick\u00e9 vlo\u017eky, nastavite\u013en\u00e1 kapuc\u0148a a praktick\u00e9 vreck\u00e1 na zips z nej robia pohodln\u00fa a funk\u010dn\u00fa vo\u013ebu na lov, turistiku a v\u0161etky zimn\u00e9 outdoorov\u00e9 aktivity.<\/p>","protected":false},"featured_media":6893,"comment_status":"open","ping_status":"closed","template":"","meta":[],"product_brand":[],"product_cat":[319],"product_tag":[314,611],"class_list":{"0":"post-6885","1":"product","2":"type-product","3":"status-publish","4":"has-post-thumbnail","6":"product_cat-kabatok-es-puloverek","7":"product_tag-deerhunter","8":"product_tag-lady-eagle-winter-tarmac","10":"first","11":"instock","12":"taxable","13":"shipping-taxable","14":"purchasable","15":"product-type-variable","16":"has-default-attributes"},"jetpack_sharing_enabled":true,"_links":{"self":[{"href":"https:\/\/bestoptika.eu\/sk\/wp-json\/wp\/v2\/product\/6885","targetHints":{"allow":["GET"]}}],"collection":[{"href":"https:\/\/bestoptika.eu\/sk\/wp-json\/wp\/v2\/product"}],"about":[{"href":"https:\/\/bestoptika.eu\/sk\/wp-json\/wp\/v2\/types\/product"}],"replies":[{"embeddable":true,"href":"https:\/\/bestoptika.eu\/sk\/wp-json\/wp\/v2\/comments?post=6885"}],"wp:featuredmedia":[{"embeddable":true,"href":"https:\/\/bestoptika.eu\/sk\/wp-json\/wp\/v2\/media\/6893"}],"wp:attachment":[{"href":"https:\/\/bestoptika.eu\/sk\/wp-json\/wp\/v2\/media?parent=6885"}],"wp:term":[{"taxonomy":"product_brand","embeddable":true,"href":"https:\/\/bestoptika.eu\/sk\/wp-json\/wp\/v2\/product_brand?post=6885"},{"taxonomy":"product_cat","embeddable":true,"href":"https:\/\/bestoptika.eu\/sk\/wp-json\/wp\/v2\/product_cat?post=6885"},{"taxonomy":"product_tag","embeddable":true,"href":"https:\/\/bestoptika.eu\/sk\/wp-json\/wp\/v2\/product_tag?post=6885"}],"curies":[{"name":"wp","href":"https:\/\/api.w.org\/{rel}","templated":true}]}}