{"id":6895,"date":"2025-12-12T14:45:59","date_gmt":"2025-12-12T13:45:59","guid":{"rendered":"https:\/\/bestoptika.eu\/?post_type=product&#038;p=6895"},"modified":"2025-12-12T14:45:59","modified_gmt":"2025-12-12T13:45:59","slug":"deerhunter-pro-gamekeeper-turf-ferfi-vadaszkabat","status":"publish","type":"product","link":"https:\/\/bestoptika.eu\/sk\/product\/deerhunter-pro-gamekeeper-turf-ferfi-vadaszkabat\/","title":{"rendered":"Deerhunter PRO Gamekeeper turf p\u00e1nska po\u013eovn\u00edcka bunda"},"content":{"rendered":"<p>A <strong>Deerhunter PRO Gamekeeper turf p\u00e1nska po\u013eovn\u00edcka bunda<\/strong> mimoriadne tich\u00e1 bunda pre n\u00e1ro\u010dn\u00fdch lovcov. Kr\u00e1tka kon\u0161trukcia zaru\u010duje maxim\u00e1lnu vo\u013enos\u0165 pohybu. Bunda odol\u00e1 nepriazniv\u00fdm poveternostn\u00fdm podmienkam a n\u00e1ro\u010dn\u00e9mu ter\u00e9nu. V\u010faka svojim praktick\u00fdm vlastnostiam je kr\u00e1tka bunda Pro-Gamekeeper vo farbe 100% odoln\u00e1 vo\u010di vode a vetru, \u010do z nej rob\u00ed ide\u00e1lnu vo\u013ebu pre profesion\u00e1lnych po\u013eovn\u00edkov alebo dobrodruhov v pr\u00edrode. T\u00e1to bunda je vybaven\u00e1 membr\u00e1nou Deer-Tex Performance Shell, ktor\u00e1 zaru\u010duje nepremokavos\u0165 a priedu\u0161nos\u0165 bundy. Deer-Tex Performance je membr\u00e1na laminovan\u00e1 na tkaninu zvr\u0161ku. 100% vo farbe 100% je vetruvzdorn\u00e1, nepremokav\u00e1 a priedu\u0161n\u00e1. T\u00e1to membr\u00e1na je roz\u0161\u00edrite\u013en\u00e1 v 4 smeroch, \u010do zaru\u010duje dokonal\u00fa vo\u013enos\u0165 pohybu. V\u010faka tejto membr\u00e1ne sa bunda \u013eahko \u010dist\u00ed.<\/p>\n<h2>Popis produktu<\/h2>\n<ul>\n<li><strong>Ve\u013ekos\u0165:<\/strong> S-3XL<\/li>\n<li><strong>Farba:<\/strong> 342 - Tr\u00e1vnik<\/li>\n<li><strong>Vonkaj\u0161ie zlo\u017eenie:<\/strong> 100% polyester<\/li>\n<\/ul>\n<h2>Parametre produktu<\/h2>\n<ul>\n<li>Extra tich\u00fd materi\u00e1l<\/li>\n<li>Membr\u00e1na Deer-Tex<\/li>\n<li>Vodotesnos\u0165 a odolnos\u0165 vo\u010di vetru<\/li>\n<\/ul>","protected":false},"excerpt":{"rendered":"<p>P\u00e1nska po\u013eovn\u00edcka bunda Deerhunter PRO Gamekeeper Turf je mimoriadne tich\u00e1 bunda kr\u00e1tkeho strihu, ktor\u00e1 v\u00e1m poskytne maxim\u00e1lnu vo\u013enos\u0165 pohybu pri n\u00e1ro\u010dn\u00fdch po\u013eova\u010dk\u00e1ch. Jej membr\u00e1na Deer-Tex Performance Shell 100% je vetruvzdorn\u00e1 a nepremokav\u00e1, ale z\u00e1rove\u0148 priedu\u0161n\u00e1, \u010d\u00edm poskytuje trval\u00fa ochranu a pohodlie v nepriaznivom po\u010das\u00ed.<\/p>","protected":false},"featured_media":6898,"comment_status":"open","ping_status":"closed","template":"","meta":[],"product_brand":[],"product_cat":[319],"product_tag":[314,613],"class_list":{"0":"post-6895","1":"product","2":"type-product","3":"status-publish","4":"has-post-thumbnail","6":"product_cat-kabatok-es-puloverek","7":"product_tag-deerhunter","8":"product_tag-pro-gamekeeper-turf","10":"first","11":"instock","12":"taxable","13":"shipping-taxable","14":"purchasable","15":"product-type-variable","16":"has-default-attributes"},"jetpack_sharing_enabled":true,"_links":{"self":[{"href":"https:\/\/bestoptika.eu\/sk\/wp-json\/wp\/v2\/product\/6895","targetHints":{"allow":["GET"]}}],"collection":[{"href":"https:\/\/bestoptika.eu\/sk\/wp-json\/wp\/v2\/product"}],"about":[{"href":"https:\/\/bestoptika.eu\/sk\/wp-json\/wp\/v2\/types\/product"}],"replies":[{"embeddable":true,"href":"https:\/\/bestoptika.eu\/sk\/wp-json\/wp\/v2\/comments?post=6895"}],"wp:featuredmedia":[{"embeddable":true,"href":"https:\/\/bestoptika.eu\/sk\/wp-json\/wp\/v2\/media\/6898"}],"wp:attachment":[{"href":"https:\/\/bestoptika.eu\/sk\/wp-json\/wp\/v2\/media?parent=6895"}],"wp:term":[{"taxonomy":"product_brand","embeddable":true,"href":"https:\/\/bestoptika.eu\/sk\/wp-json\/wp\/v2\/product_brand?post=6895"},{"taxonomy":"product_cat","embeddable":true,"href":"https:\/\/bestoptika.eu\/sk\/wp-json\/wp\/v2\/product_cat?post=6895"},{"taxonomy":"product_tag","embeddable":true,"href":"https:\/\/bestoptika.eu\/sk\/wp-json\/wp\/v2\/product_tag?post=6895"}],"curies":[{"name":"wp","href":"https:\/\/api.w.org\/{rel}","templated":true}]}}