{"id":6905,"date":"2025-12-12T14:54:57","date_gmt":"2025-12-12T13:54:57","guid":{"rendered":"https:\/\/bestoptika.eu\/?post_type=product&#038;p=6905"},"modified":"2025-12-12T14:54:57","modified_gmt":"2025-12-12T13:54:57","slug":"deerhunter-chasse-olive-night-melange-gyermek-kabat","status":"publish","type":"product","link":"https:\/\/bestoptika.eu\/sk\/product\/deerhunter-chasse-olive-night-melange-gyermek-kabat\/","title":{"rendered":"Deerhunter Chasse \u2013 Olive Night Melange detsk\u00e1 bunda"},"content":{"rendered":"<p>A <strong>Deerhunter Chasse \u2013 Olive Night Melange detsk\u00e1 bunda<\/strong> bol vyroben\u00fd na v\u00fdrobu jedine\u010dnej rodinnej kolekcie Chasseovcov. Bunda pon\u00faka maxim\u00e1lnu odolnos\u0165, mno\u017estvo vreciek, kvalitn\u00e9 inov\u00e1cie a pohodlie. Je to univerz\u00e1lna bunda s odn\u00edmate\u013enou kapuc\u0148ou a predtvarovan\u00fdmi lak\u0165ami pre vo\u013enej\u0161\u00ed pohyb. Bunda m\u00e1 \u0161irok\u00e9 vyu\u017eitie a je vhodn\u00e1 prakticky do ka\u017ed\u00e9ho po\u010dasia. V\u010faka nepremokavej membr\u00e1ne chr\u00e1ni pred da\u017e\u010fom a snehom. Okrem in\u00e9ho je vysoko priedu\u0161n\u00e1 a vetruodoln\u00e1. V\u010faka tejto bunde bude ka\u017ed\u00fd z\u00e1\u017eitok v pr\u00edrode e\u0161te jedine\u010dnej\u0161\u00ed.<\/p>\n<h2>Popis produktu<\/h2>\n<ul>\n<li><strong>Farba:<\/strong> 365 - Olive Night Melange<\/li>\n<li><strong>Rozmery:<\/strong> 116\/128\/140\/152\/164<\/li>\n<li><strong>Vonkaj\u0161\u00ed materi\u00e1l:<\/strong> 100% polyester<\/li>\n<li><strong>Kontrastn\u00fd materi\u00e1l:<\/strong> 100% polyester<\/li>\n<li><strong>Oblo\u017eenie:<\/strong> 100% polyester<\/li>\n<li><strong>Odpor\u00fa\u010da sa pranie:<\/strong> nepou\u017e\u00edvajte aviv\u00e1\u017e, perte naruby, perte s podobn\u00fdmi farbami<\/li>\n<li><strong>Membr\u00e1na:<\/strong> DEER-TEX<\/li>\n<li><strong>Odolnos\u0165 vo\u010di vode:<\/strong> 100%<\/li>\n<\/ul>\n<p><strong>Membr\u00e1na DEER-TEX<\/strong> - ide o vrstven\u00fd vonkaj\u0161\u00ed materi\u00e1l, ktor\u00fd je v ka\u017edom \u0161ve lepen\u00fd. 100% v nepremokavom vyhotoven\u00ed. Je to extr\u00e9mne \u013eahk\u00e1 membr\u00e1na, ktor\u00e1 sa pou\u017e\u00edva v technickej\u0161\u00edch v\u00fdrobkoch Deerhunter, ako je napr\u00edklad rad Chasse.<\/p>\n<h2>Parametre produktu<\/h2>\n<ul>\n<li>Predtvarovan\u00e9 kolen\u00e1<\/li>\n<li>Odn\u00edmate\u013en\u00e1 kapuc\u0148a<\/li>\n<li>S nastavite\u013enou spodnou \u0161n\u00farkou<\/li>\n<li>Streccs<\/li>\n<li>Priedu\u0161nos\u0165<\/li>\n<li>Odolnos\u0165 proti vetru<\/li>\n<li>100% odolnos\u0165 vo\u010di vode<\/li>\n<\/ul>","protected":false},"excerpt":{"rendered":"<p>Detsk\u00e1 bunda Deerhunter Chasse Olive Night Melange je odoln\u00e1, nepremokav\u00e1, vetruodoln\u00e1 a priedu\u0161n\u00e1 po\u013eovn\u00edcka bunda 100% s odn\u00edmate\u013enou kapuc\u0148ou, ktor\u00e1 poskytuje spo\u013eahliv\u00fa ochranu takmer za ka\u017ed\u00e9ho po\u010dasia. Jej predtvarovan\u00e9 lakte, nastavite\u013en\u00e1 spodn\u00e1 s\u0165ahovacia \u0161n\u00farka a elastick\u00fd dizajn zabezpe\u010duj\u00fa pohodln\u00fd a vo\u013en\u00fd pohyb pri ka\u017edom dobrodru\u017estve v pr\u00edrode.<\/p>","protected":false},"featured_media":6911,"comment_status":"open","ping_status":"closed","template":"","meta":[],"product_brand":[],"product_cat":[319],"product_tag":[584,314],"class_list":{"0":"post-6905","1":"product","2":"type-product","3":"status-publish","4":"has-post-thumbnail","6":"product_cat-kabatok-es-puloverek","7":"product_tag-chasse","8":"product_tag-deerhunter","10":"first","11":"instock","12":"taxable","13":"shipping-taxable","14":"purchasable","15":"product-type-variable","16":"has-default-attributes"},"jetpack_sharing_enabled":true,"_links":{"self":[{"href":"https:\/\/bestoptika.eu\/sk\/wp-json\/wp\/v2\/product\/6905","targetHints":{"allow":["GET"]}}],"collection":[{"href":"https:\/\/bestoptika.eu\/sk\/wp-json\/wp\/v2\/product"}],"about":[{"href":"https:\/\/bestoptika.eu\/sk\/wp-json\/wp\/v2\/types\/product"}],"replies":[{"embeddable":true,"href":"https:\/\/bestoptika.eu\/sk\/wp-json\/wp\/v2\/comments?post=6905"}],"wp:featuredmedia":[{"embeddable":true,"href":"https:\/\/bestoptika.eu\/sk\/wp-json\/wp\/v2\/media\/6911"}],"wp:attachment":[{"href":"https:\/\/bestoptika.eu\/sk\/wp-json\/wp\/v2\/media?parent=6905"}],"wp:term":[{"taxonomy":"product_brand","embeddable":true,"href":"https:\/\/bestoptika.eu\/sk\/wp-json\/wp\/v2\/product_brand?post=6905"},{"taxonomy":"product_cat","embeddable":true,"href":"https:\/\/bestoptika.eu\/sk\/wp-json\/wp\/v2\/product_cat?post=6905"},{"taxonomy":"product_tag","embeddable":true,"href":"https:\/\/bestoptika.eu\/sk\/wp-json\/wp\/v2\/product_tag?post=6905"}],"curies":[{"name":"wp","href":"https:\/\/api.w.org\/{rel}","templated":true}]}}