{"id":693,"date":"2024-06-01T16:01:55","date_gmt":"2024-06-01T14:01:55","guid":{"rendered":"https:\/\/bestoptika.eu\/?post_type=product&#038;p=693"},"modified":"2026-03-26T17:09:21","modified_gmt":"2026-03-26T16:09:21","slug":"hikmicro-lynx-pro-lh19-kezi-hokamera-kereso","status":"publish","type":"product","link":"https:\/\/bestoptika.eu\/sk\/product\/hikmicro-lynx-pro-lh19-kezi-hokamera-kereso\/","title":{"rendered":"Hikmicro LYNX LH19 2.0 termov\u00edzny monokul\u00e1r"},"content":{"rendered":"<p><span style=\"font-weight: 400\">HIKMICRO LYNX LH19 2.0 je druh\u00e1 gener\u00e1cia termokamier radu Lynx od spolo\u010dnosti HIKVISION, najv\u00e4\u010d\u0161ieho svetov\u00e9ho v\u00fdrobcu bezpe\u010dnostn\u00fdch kamier. Nov\u00e1 kamera je vybaven\u00e1 12 mikr\u00f3nov\u00fdm sn\u00edma\u010dom s 19 mm optikou. Dosah detekcie je 900 m a zorn\u00fd uhol 13,7 stup\u0148a. Jej z\u00e1kladn\u00e9 zv\u00e4\u010d\u0161enie je 1,8x.<\/span><span style=\"font-weight: 400\"><br \/>\n<\/span><span style=\"font-weight: 400\">V porovnan\u00ed so star\u00fdm typom LH19 sa v tejto s\u00e9rii nach\u00e1dzaj\u00fa tieto d\u00f4le\u017eit\u00e9 vylep\u0161enia:<\/span><\/p>\n<ul>\n<li style=\"font-weight: 400\"><span style=\"font-weight: 400\">Vy\u0161\u0161ia citlivos\u0165 termo\u010dl\u00e1nku NETD&lt;20mK<\/span><\/li>\n<li style=\"font-weight: 400\"><span style=\"font-weight: 400\">Pokro\u010dilej\u0161\u00ed displej s rozl\u00ed\u0161en\u00edm 1024 \u00d7 768 pixelov vo verzii 0,39\" OLED.<\/span><\/li>\n<li style=\"font-weight: 400\"><span style=\"font-weight: 400\">Vymenite\u013en\u00e1 a dob\u00edjate\u013en\u00e1 bat\u00e9ria, ktor\u00fa mo\u017eno nab\u00edja\u0165 v zariaden\u00ed!<\/span><\/li>\n<li style=\"font-weight: 400\"><span style=\"font-weight: 400\">Ni\u017e\u0161ia hmotnos\u0165, len 282 gramov<\/span><\/li>\n<li style=\"font-weight: 400\"><span style=\"font-weight: 400\">R\u00fdchlej\u0161ie zapnutie<\/span><\/li>\n<li style=\"font-weight: 400\"><span style=\"font-weight: 400\">Funkcia automatick\u00e9ho vypnutia displeja<\/span><\/li>\n<li style=\"font-weight: 400\"><span style=\"font-weight: 400\">Nov\u00e9, \u013eah\u0161ie ovl\u00e1dacie tla\u010didl\u00e1<\/span><\/li>\n<\/ul>\n<table>\n<tbody>\n<tr>\n<td colspan=\"2\"><b>Hlavn\u00e9 funkcie<\/b><\/td>\n<\/tr>\n<tr>\n<td><span style=\"font-weight: 400\">Maxim\u00e1lne rozl\u00ed\u0161enie<\/span><\/td>\n<td><span style=\"font-weight: 400\">384\u00d7288<\/span><\/td>\n<\/tr>\n<tr>\n<td><span style=\"font-weight: 400\">Aktualiz\u00e1cia obr\u00e1zkov<\/span><\/td>\n<td><span style=\"font-weight: 400\">50 Hz<\/span><\/td>\n<\/tr>\n<tr>\n<td><span style=\"font-weight: 400\">NETD<\/span><\/td>\n<td><span style=\"font-weight: 400\">Menej ako 20mK<\/span><\/td>\n<\/tr>\n<tr>\n<td><span style=\"font-weight: 400\">\u0160o\u0161ovka<\/span><\/td>\n<td><span style=\"font-weight: 400\">19 mm, F1,0<\/span><\/td>\n<\/tr>\n<tr>\n<td><span style=\"font-weight: 400\">Re\u017eim zaostrenia<\/span><\/td>\n<td><span style=\"font-weight: 400\">Zaostrovac\u00ed kr\u00fa\u017eok<\/span><\/td>\n<\/tr>\n<tr>\n<td><span style=\"font-weight: 400\">Zorn\u00fd uhol<\/span><\/td>\n<td><span style=\"font-weight: 400\">13.7\u00b0\u00d710.3\u00b0<\/span><\/td>\n<\/tr>\n<tr>\n<td><span style=\"font-weight: 400\">Zv\u00e4\u010d\u0161i\u0165<\/span><\/td>\n<td><span style=\"font-weight: 400\">1,8x-14,4x (8x)<\/span><\/td>\n<\/tr>\n<tr>\n<td><span style=\"font-weight: 400\">Min. ohniskov\u00e1 vzdialenos\u0165<\/span><\/td>\n<td><span style=\"font-weight: 400\">1,9m<\/span><\/td>\n<\/tr>\n<tr>\n<td><span style=\"font-weight: 400\">Detek\u010dn\u00e1 vzdialenos\u0165<\/span><\/td>\n<td><span style=\"font-weight: 400\">900m<\/span><\/td>\n<\/tr>\n<tr>\n<td colspan=\"2\"><b>Zobrazenie<\/b><\/td>\n<\/tr>\n<tr>\n<td><span style=\"font-weight: 400\">Max. rozl\u00ed\u0161enie<\/span><\/td>\n<td><span style=\"font-weight: 400\">1024 \u00d7 768, 0,39 palca, OLED<\/span><\/td>\n<\/tr>\n<tr>\n<td><span style=\"font-weight: 400\">Re\u017eim FFC<\/span><\/td>\n<td><span style=\"font-weight: 400\">Automatick\u00e1, manu\u00e1lna, extern\u00e1 korekcia<\/span><\/td>\n<\/tr>\n<tr>\n<td><span style=\"font-weight: 400\">Odch\u00e1dzaj\u00faci \u017eiak<\/span><\/td>\n<td><span style=\"font-weight: 400\">6 mm<\/span><\/td>\n<\/tr>\n<tr>\n<td><span style=\"font-weight: 400\">Eyelines<\/span><\/td>\n<td><span style=\"font-weight: 400\">20 mm<\/span><\/td>\n<\/tr>\n<tr>\n<td><span style=\"font-weight: 400\">Nastavenie dioptri\u00ed<\/span><\/td>\n<td><span style=\"font-weight: 400\">medzi -5D a +3D<\/span><\/td>\n<\/tr>\n<tr>\n<td colspan=\"2\"><b>V\u0161eobecn\u00e9<\/b><\/td>\n<\/tr>\n<tr>\n<td><span style=\"font-weight: 400\">Mechanick\u00e1 ochrana<\/span><\/td>\n<td><span style=\"font-weight: 400\">IP67<\/span><\/td>\n<\/tr>\n<tr>\n<td><span style=\"font-weight: 400\">Hmotnos\u0165<\/span><\/td>\n<td><span style=\"font-weight: 400\">282g<\/span><\/td>\n<\/tr>\n<tr>\n<td><span style=\"font-weight: 400\">Rozmery<\/span><\/td>\n<td><span style=\"font-weight: 400\">172,5 mm \u00d7 56,0 mm \u00d7 60,8 mm<\/span><\/td>\n<\/tr>\n<tr>\n<td><span style=\"font-weight: 400\">Prev\u00e1dzkov\u00e1 teplota<\/span><\/td>\n<td><span style=\"font-weight: 400\">-30\u00b0C a\u017e +55\u00b0C<\/span><\/td>\n<\/tr>\n<tr>\n<td><span style=\"font-weight: 400\">Ukladanie<\/span><\/td>\n<td><span style=\"font-weight: 400\">Zabudovan\u00e1 pam\u00e4\u0165 EMMC (16 GB)<\/span><\/td>\n<\/tr>\n<tr>\n<td colspan=\"2\"><b>Dod\u00e1vka elektrickej energie<\/b><\/td>\n<\/tr>\n<tr>\n<td><span style=\"font-weight: 400\">Bat\u00e9ria<\/span><\/td>\n<td><span style=\"font-weight: 400\">Vymenite\u013en\u00e1 a dob\u00edjate\u013en\u00e1 l\u00edtiov\u00e1 bat\u00e9ria<\/span><\/td>\n<\/tr>\n<tr>\n<td><span style=\"font-weight: 400\">Prev\u00e1dzkov\u00e9 hodiny<\/span><\/td>\n<td><span style=\"font-weight: 400\">6,5 hodiny <\/span><span style=\"font-weight: 400\">(25 \u00b0C, Wi-Fi vypnut\u00e9)<\/span><\/td>\n<\/tr>\n<tr>\n<td><span style=\"font-weight: 400\">Z\u00e1suvka nab\u00edja\u010dky<\/span><\/td>\n<td><span style=\"font-weight: 400\">5 V DC\/2 A, typ C\u00a0<\/span><\/td>\n<\/tr>\n<\/tbody>\n<\/table>\n<p><a href=\"https:\/\/www.hikmicrotech.com\/en\/outdoor-products\/lynx-2-0-thermal-monocular\/\">https:\/\/www.hikmicrotech.com\/en\/outdoor-products\/lynx-2-0-thermal-monocular\/\u00a0<\/a><\/p>","protected":false},"excerpt":{"rendered":"<ul>\n<li style=\"font-weight: 400\"><span style=\"font-weight: 400\">Vysoko citliv\u00fd sn\u00edmac\u00ed prvok s rozl\u00ed\u0161en\u00edm 384 \u00d7 288 pixelov<\/span><\/li>\n<li style=\"font-weight: 400\"><span style=\"font-weight: 400\">19 mm objekt\u00edv a nov\u00fd 12 mikr\u00f3nov\u00fd sn\u00edma\u010d<\/span><\/li>\n<li style=\"font-weight: 400\"><span style=\"font-weight: 400\">Detek\u010dn\u00e1 vzdialenos\u0165 900 metrov<\/span><\/li>\n<li style=\"font-weight: 400\"><span style=\"font-weight: 400\">V\u00fdnimo\u010dne dobr\u00e1 hodnota NETD (20 mk) zaru\u010duje jasn\u00fd a kontrastn\u00fd obraz v hmle a da\u017edi<\/span><\/li>\n<li style=\"font-weight: 400\"><span style=\"font-weight: 400\">0,39-palcov\u00fd displej OLED s rozl\u00ed\u0161en\u00edm 1024 \u00d7 768 pixelov poskytuje ostr\u00fd a jasn\u00fd obraz<\/span><\/li>\n<li style=\"font-weight: 400\"><span style=\"font-weight: 400\">Integrovan\u00e1 pam\u00e4\u0165 je 16 GB<\/span><\/li>\n<\/ul>","protected":false},"featured_media":1694,"comment_status":"open","ping_status":"closed","template":"","meta":[],"product_brand":[],"product_cat":[17],"product_tag":[31,18],"class_list":{"0":"post-693","1":"product","2":"type-product","3":"status-publish","4":"has-post-thumbnail","6":"product_cat-hokamera-kereso","7":"product_tag-hikmicro","8":"product_tag-hokamera","10":"first","11":"instock","12":"sale","13":"taxable","14":"shipping-taxable","15":"purchasable","16":"product-type-simple"},"jetpack_sharing_enabled":true,"_links":{"self":[{"href":"https:\/\/bestoptika.eu\/sk\/wp-json\/wp\/v2\/product\/693","targetHints":{"allow":["GET"]}}],"collection":[{"href":"https:\/\/bestoptika.eu\/sk\/wp-json\/wp\/v2\/product"}],"about":[{"href":"https:\/\/bestoptika.eu\/sk\/wp-json\/wp\/v2\/types\/product"}],"replies":[{"embeddable":true,"href":"https:\/\/bestoptika.eu\/sk\/wp-json\/wp\/v2\/comments?post=693"}],"wp:featuredmedia":[{"embeddable":true,"href":"https:\/\/bestoptika.eu\/sk\/wp-json\/wp\/v2\/media\/1694"}],"wp:attachment":[{"href":"https:\/\/bestoptika.eu\/sk\/wp-json\/wp\/v2\/media?parent=693"}],"wp:term":[{"taxonomy":"product_brand","embeddable":true,"href":"https:\/\/bestoptika.eu\/sk\/wp-json\/wp\/v2\/product_brand?post=693"},{"taxonomy":"product_cat","embeddable":true,"href":"https:\/\/bestoptika.eu\/sk\/wp-json\/wp\/v2\/product_cat?post=693"},{"taxonomy":"product_tag","embeddable":true,"href":"https:\/\/bestoptika.eu\/sk\/wp-json\/wp\/v2\/product_tag?post=693"}],"curies":[{"name":"wp","href":"https:\/\/api.w.org\/{rel}","templated":true}]}}