{"id":7012,"date":"2025-12-12T15:48:50","date_gmt":"2025-12-12T14:48:50","guid":{"rendered":"https:\/\/bestoptika.eu\/?post_type=product&#038;p=7012"},"modified":"2025-12-12T15:48:50","modified_gmt":"2025-12-12T14:48:50","slug":"deerhunter-excape-winter-art-green-ferfi-teli-kabat","status":"publish","type":"product","link":"https:\/\/bestoptika.eu\/sk\/product\/deerhunter-excape-winter-art-green-ferfi-teli-kabat\/","title":{"rendered":"Deerhunter Excape Winter Art Zelen\u00e1 p\u00e1nska zimn\u00e1 bunda"},"content":{"rendered":"<p>A <strong>Deerhunter Excape Winter Art Zelen\u00e1 p\u00e1nska zimn\u00e1 bunda<\/strong> ide\u00e1lna vo\u013eba pre t\u00fdch, ktor\u00ed h\u013eadaj\u00fa maxim\u00e1lnu ochranu a pohodlie aj v t\u00fdch najchladnej\u0161\u00edch podmienkach. T\u00e1to bunda, navrhnut\u00e1 \u0161peci\u00e1lne na outdoorov\u00e9 aktivity, kombinuje modern\u00e9 technol\u00f3gie s funk\u010dn\u00fdmi vlastnos\u0165ami. Je vyroben\u00e1 z polyesteru 100% a vybaven\u00e1 membr\u00e1nou DEERHUNTER\u00ae Stormliner\u00ae, ktor\u00e1 poskytuje vodeodolnos\u0165 do 5000 mm, priedu\u0161nos\u0165 do 3000 g\/m\u00b2\/24 h a vysok\u00fa odolnos\u0165 proti vetru.<\/p>\n<p>Bunda m\u00e1 mno\u017estvo praktick\u00fdch detailov vr\u00e1tane nastavite\u013enej kapucne pre maxim\u00e1lnu ochranu pred nepriazniv\u00fdm po\u010das\u00edm, tak\u017ee je ide\u00e1lnou vo\u013ebou pre po\u013eovn\u00edkov a milovn\u00edkov outdoorov\u00fdch dobrodru\u017estiev. Navrhnut\u00e1 tak, aby poskytovala v\u00fdnimo\u010dn\u00e9 pohodlie v\u010faka izola\u010dnej v\u00fdplni, ktor\u00e1 v\u00e1s udr\u017e\u00ed v teple po\u010das chladn\u00fdch dn\u00ed.<\/p>\n<p>Praktick\u00e9 funkcie zah\u0155\u0148aj\u00fa viacero vreciek vr\u00e1tane vn\u00fatorn\u00e9ho vrecka, vrecka na vysiela\u010dku a vrecka na zips na bezpe\u010dn\u00e9 ulo\u017eenie nevyhnutn\u00fdch vec\u00ed. Elastick\u00e9 man\u017eety a nastavite\u013en\u00fd spodn\u00fd okraj poskytuj\u00fa dodato\u010dn\u00fa ochranu proti vetru a chladu a zabezpe\u010duj\u00fa ide\u00e1lne prisp\u00f4sobenie.<\/p>\n<p>T\u00e1to zimn\u00e1 bunda je navrhnut\u00e1 s oh\u013eadom na ka\u017ed\u00fd detail, aby poskytovala pohodlie a spo\u013eahliv\u00fa ochranu aj v t\u00fdch najn\u00e1ro\u010dnej\u0161\u00edch podmienkach. Ide\u00e1lna na lov, turistiku a v\u0161etky outdoorov\u00e9 aktivity, pri ktor\u00fdch je spo\u013eahlivos\u0165 a funk\u010dnos\u0165 na prvom mieste.<\/p>\n<h2>Popis produktu<\/h2>\n<ul>\n<li><strong>Farba:<\/strong> 376 - Art Green<\/li>\n<li><strong>Materi\u00e1l:<\/strong> 100% polyester<\/li>\n<li><strong>Nalo\u017een\u00e9:<\/strong> 100% polyester, Deer-Tex\u00ae Temp 120 g\/m\u00b2 Deer-Tex\u00ae Temp 150 g\/m\u00b2<\/li>\n<li><strong>Membr\u00e1na:<\/strong> DEERHUNTER\u00ae Stormliner\u00ae<\/li>\n<li><strong>Odolnos\u0165 vo\u010di vode:<\/strong> 5000 mm<\/li>\n<li><strong>Priedu\u0161nos\u0165:<\/strong> 3000 g\/m\u00b2\/24 hod\u00edn<\/li>\n<li><strong>Odolnos\u0165 proti vetru:<\/strong> \u00c1no<\/li>\n<li><strong>Po\u010det vreciek:<\/strong> nieko\u013eko funk\u010dn\u00fdch vreciek vr\u00e1tane vrecka na r\u00e1dio<\/li>\n<\/ul>\n<p><strong>Membr\u00e1na DEERHUNTER\u00ae Stormliner\u00ae<\/strong> - laminovan\u00e1 membr\u00e1na na vonkaj\u0161ej tkanine alebo medzi dvoma vrstvami tkaniny. Pou\u017e\u00edva sa pre v\u00fdrobky bez lepen\u00fdch \u0161vov. Poskytuje vysok\u00fa priedu\u0161nos\u0165.<\/p>\n<p><strong>V\u00fdpl\u0148 DEER-TEX\u00ae Temp<\/strong> - je to trojvrstvov\u00e1 v\u00fdpl\u0148 pozost\u00e1vaj\u00faca z vl\u00e1kien sp\u00e1jan\u00fdch pri n\u00edzkej teplote. V\u00fdsledn\u00e1 \u0161trukt\u00fara poskytuje mimoriadne m\u00e4kk\u00fd pocit. Zhroma\u017e\u010fuje telesn\u00e9 teplo, zatia\u013e \u010do vonkaj\u0161\u00ed materi\u00e1l zabezpe\u010duje zachyt\u00e1vanie tepla vo vrstv\u00e1ch a tepeln\u00fa izol\u00e1ciu.<\/p>\n<h2>Parametre produktu<\/h2>\n<ul>\n<li>Membr\u00e1na DEERHUNTER\u00ae Stormliner\u00ae<\/li>\n<li>Na\u010d\u00edtanie DEER-TEX\u00ae Temp<\/li>\n<li>Praktick\u00e9 vreck\u00e1<\/li>\n<li>Odolnos\u0165 proti vetru<\/li>\n<li>Vysok\u00e1 priedu\u0161nos\u0165<\/li>\n<\/ul>","protected":false},"excerpt":{"rendered":"<p>P\u00e1nska zimn\u00e1 bunda Deerhunter Excape Winter Art Green s membr\u00e1nou DEERHUNTER Stormliner a izol\u00e1ciou DEER-TEX Temp poskytuje spo\u013eahliv\u00fa ochranu v chladnom, veternom a vlhkom po\u010das\u00ed. Vysok\u00e1 priedu\u0161nos\u0165, nastavite\u013en\u00e9 panely a viacero funk\u010dn\u00fdch vreciek z nej robia pohodln\u00fa a praktick\u00fa vo\u013ebu na intenz\u00edvny lov a in\u00e9 zimn\u00e9 outdoorov\u00e9 aktivity.<\/p>","protected":false},"featured_media":7020,"comment_status":"open","ping_status":"closed","template":"","meta":[],"product_brand":[],"product_cat":[319],"product_tag":[314,625],"class_list":{"0":"post-7012","1":"product","2":"type-product","3":"status-publish","4":"has-post-thumbnail","6":"product_cat-kabatok-es-puloverek","7":"product_tag-deerhunter","8":"product_tag-excape-winter","10":"first","11":"instock","12":"taxable","13":"shipping-taxable","14":"purchasable","15":"product-type-variable","16":"has-default-attributes"},"jetpack_sharing_enabled":true,"_links":{"self":[{"href":"https:\/\/bestoptika.eu\/sk\/wp-json\/wp\/v2\/product\/7012","targetHints":{"allow":["GET"]}}],"collection":[{"href":"https:\/\/bestoptika.eu\/sk\/wp-json\/wp\/v2\/product"}],"about":[{"href":"https:\/\/bestoptika.eu\/sk\/wp-json\/wp\/v2\/types\/product"}],"replies":[{"embeddable":true,"href":"https:\/\/bestoptika.eu\/sk\/wp-json\/wp\/v2\/comments?post=7012"}],"wp:featuredmedia":[{"embeddable":true,"href":"https:\/\/bestoptika.eu\/sk\/wp-json\/wp\/v2\/media\/7020"}],"wp:attachment":[{"href":"https:\/\/bestoptika.eu\/sk\/wp-json\/wp\/v2\/media?parent=7012"}],"wp:term":[{"taxonomy":"product_brand","embeddable":true,"href":"https:\/\/bestoptika.eu\/sk\/wp-json\/wp\/v2\/product_brand?post=7012"},{"taxonomy":"product_cat","embeddable":true,"href":"https:\/\/bestoptika.eu\/sk\/wp-json\/wp\/v2\/product_cat?post=7012"},{"taxonomy":"product_tag","embeddable":true,"href":"https:\/\/bestoptika.eu\/sk\/wp-json\/wp\/v2\/product_tag?post=7012"}],"curies":[{"name":"wp","href":"https:\/\/api.w.org\/{rel}","templated":true}]}}