{"id":7081,"date":"2025-12-12T16:35:22","date_gmt":"2025-12-12T15:35:22","guid":{"rendered":"https:\/\/bestoptika.eu\/?post_type=product&#038;p=7081"},"modified":"2025-12-12T16:44:15","modified_gmt":"2025-12-12T15:44:15","slug":"deerhunter-embossed-logo-hat-walnut-barna-sapka-teli","status":"publish","type":"product","link":"https:\/\/bestoptika.eu\/sk\/product\/deerhunter-embossed-logo-hat-walnut-barna-sapka-teli\/","title":{"rendered":"Deerhunter Embossed Logo Hat Walnut - hned\u00e1 \u010diapka zimn\u00e1"},"content":{"rendered":"<p>A <strong>Deerhunter Embossed Logo Hat Walnut - hned\u00e1 \u010diapka zimn\u00e1<\/strong> pre vhodn\u00fdch lovcov. Klob\u00faky svetozn\u00e1meho v\u00fdrobcu Derhunter maj\u00fa decentn\u00e9 logo Deerhunter. Vn\u00fatorn\u00e1 oblas\u0165 u\u0161\u00ed je vybaven\u00e1 pr\u00edjemn\u00fdm a m\u00e4kk\u00fdm materi\u00e1lom pre v\u00e4\u010d\u0161ie teplo.<\/p>\n<div>\n<h2>Popis produktu<\/h2>\n<\/div>\n<ul>\n<li><strong>Ve\u013ekos\u0165:<\/strong> Jedna ve\u013ekos\u0165<\/li>\n<\/ul>\n<h2>Parametre produktu<\/h2>\n<ul>\n<li>Pohodln\u00fd hrejiv\u00fd materi\u00e1l<\/li>\n<li>Logo Deerhunter<\/li>\n<li>Dve farebn\u00e9 verzie<\/li>\n<\/ul>","protected":false},"excerpt":{"rendered":"<p>\u010ciapka Deerhunter Embossed Logo Hat Orechovo hned\u00e1 \u010diapka je tepl\u00e1, pohodln\u00e1 zimn\u00e1 pokr\u00fdvka hlavy pre po\u013eovn\u00edkov s m\u00e4kk\u00fdmi vn\u00fatorn\u00fdmi u\u0161kami pre lep\u0161\u00ed pocit tepla. Jej \u010dist\u00fd dizajn dop\u013a\u0148a v\u00fdrazn\u00e9 logo Deerhunter, v\u010faka \u010domu je praktick\u00fdm a \u0161t\u00fdlov\u00fdm doplnkom na chladn\u00e9 dni.<\/p>","protected":false},"featured_media":7082,"comment_status":"open","ping_status":"closed","template":"","meta":[],"product_brand":[],"product_cat":[320],"product_tag":[314,434],"class_list":{"0":"post-7081","1":"product","2":"type-product","3":"status-publish","4":"has-post-thumbnail","6":"product_cat-kiegeszitok","7":"product_tag-deerhunter","8":"product_tag-embossed-logo-hat","10":"first","11":"instock","12":"taxable","13":"shipping-taxable","14":"purchasable","15":"product-type-simple"},"jetpack_sharing_enabled":true,"_links":{"self":[{"href":"https:\/\/bestoptika.eu\/sk\/wp-json\/wp\/v2\/product\/7081","targetHints":{"allow":["GET"]}}],"collection":[{"href":"https:\/\/bestoptika.eu\/sk\/wp-json\/wp\/v2\/product"}],"about":[{"href":"https:\/\/bestoptika.eu\/sk\/wp-json\/wp\/v2\/types\/product"}],"replies":[{"embeddable":true,"href":"https:\/\/bestoptika.eu\/sk\/wp-json\/wp\/v2\/comments?post=7081"}],"wp:featuredmedia":[{"embeddable":true,"href":"https:\/\/bestoptika.eu\/sk\/wp-json\/wp\/v2\/media\/7082"}],"wp:attachment":[{"href":"https:\/\/bestoptika.eu\/sk\/wp-json\/wp\/v2\/media?parent=7081"}],"wp:term":[{"taxonomy":"product_brand","embeddable":true,"href":"https:\/\/bestoptika.eu\/sk\/wp-json\/wp\/v2\/product_brand?post=7081"},{"taxonomy":"product_cat","embeddable":true,"href":"https:\/\/bestoptika.eu\/sk\/wp-json\/wp\/v2\/product_cat?post=7081"},{"taxonomy":"product_tag","embeddable":true,"href":"https:\/\/bestoptika.eu\/sk\/wp-json\/wp\/v2\/product_tag?post=7081"}],"curies":[{"name":"wp","href":"https:\/\/api.w.org\/{rel}","templated":true}]}}