{"id":7083,"date":"2025-12-12T16:39:14","date_gmt":"2025-12-12T15:39:14","guid":{"rendered":"https:\/\/bestoptika.eu\/?post_type=product&#038;p=7083"},"modified":"2025-12-12T16:44:44","modified_gmt":"2025-12-12T15:44:44","slug":"deerhunter-rusky-multifunkcionalis-sal","status":"publish","type":"product","link":"https:\/\/bestoptika.eu\/sk\/product\/deerhunter-rusky-multifunkcionalis-sal\/","title":{"rendered":"Deerhunter Rusky multifunk\u010dn\u00e1 \u0161\u00e1l"},"content":{"rendered":"<p>A <strong>Deerhunter Rusky multifunk\u010dn\u00e1 \u0161\u00e1l<\/strong> ide\u00e1lny pre chladn\u00e9 mesiace roka. Jeho v\u0161estrannos\u0165 je univerz\u00e1lna. Okrem viazania sa d\u00e1 pou\u017ei\u0165 aj ako \u010diapka, maska na tv\u00e1r, balaklava. Je vyroben\u00e1 z kvalitn\u00fdch m\u00e4kk\u00fdch a pr\u00edjemn\u00fdch tkan\u00edn pre maxim\u00e1lne pohodlie.<\/p>\n<h2>Popis produktu<\/h2>\n<ul>\n<li>Farba: 391 Peat<\/li>\n<li>Ve\u013ekosti: jedna ve\u013ekos\u0165<\/li>\n<li>Materi\u00e1l: 90% polyester, 10% elastan<\/li>\n<\/ul>\n<h2>Parametre produktu<\/h2>\n<ul>\n<li>Jednodielna kravata\/\u0161atka<\/li>\n<li>Univerz\u00e1lne pou\u017eitie<\/li>\n<li>Vhodn\u00e9 na chladnej\u0161ie mesiace<\/li>\n<\/ul>","protected":false},"excerpt":{"rendered":"<p>Multifunk\u010dn\u00e1 \u0161\u00e1l Deerhunter Rusky je vyroben\u00e1 z m\u00e4kkej a pr\u00edjemnej tkaniny, ktor\u00e1 v\u00e1s v chladnej\u0161\u00edch mesiacoch udr\u017e\u00ed v teple. M\u00e1 jednodielny dizajn a mo\u017eno ho nosi\u0165 ako ohrieva\u010d krku, \u010diapku, masku na tv\u00e1r alebo balaklavu, \u010do z neho rob\u00ed univerz\u00e1lny doplnok na v\u0161etky va\u0161e zimn\u00e9 v\u00fdlety a loveck\u00e9 v\u00fdpravy.<\/p>","protected":false},"featured_media":7085,"comment_status":"open","ping_status":"closed","template":"","meta":[],"product_brand":[],"product_cat":[320],"product_tag":[314,635],"class_list":{"0":"post-7083","1":"product","2":"type-product","3":"status-publish","4":"has-post-thumbnail","6":"product_cat-kiegeszitok","7":"product_tag-deerhunter","8":"product_tag-rusky","10":"first","11":"instock","12":"taxable","13":"shipping-taxable","14":"purchasable","15":"product-type-simple"},"jetpack_sharing_enabled":true,"_links":{"self":[{"href":"https:\/\/bestoptika.eu\/sk\/wp-json\/wp\/v2\/product\/7083","targetHints":{"allow":["GET"]}}],"collection":[{"href":"https:\/\/bestoptika.eu\/sk\/wp-json\/wp\/v2\/product"}],"about":[{"href":"https:\/\/bestoptika.eu\/sk\/wp-json\/wp\/v2\/types\/product"}],"replies":[{"embeddable":true,"href":"https:\/\/bestoptika.eu\/sk\/wp-json\/wp\/v2\/comments?post=7083"}],"wp:featuredmedia":[{"embeddable":true,"href":"https:\/\/bestoptika.eu\/sk\/wp-json\/wp\/v2\/media\/7085"}],"wp:attachment":[{"href":"https:\/\/bestoptika.eu\/sk\/wp-json\/wp\/v2\/media?parent=7083"}],"wp:term":[{"taxonomy":"product_brand","embeddable":true,"href":"https:\/\/bestoptika.eu\/sk\/wp-json\/wp\/v2\/product_brand?post=7083"},{"taxonomy":"product_cat","embeddable":true,"href":"https:\/\/bestoptika.eu\/sk\/wp-json\/wp\/v2\/product_cat?post=7083"},{"taxonomy":"product_tag","embeddable":true,"href":"https:\/\/bestoptika.eu\/sk\/wp-json\/wp\/v2\/product_tag?post=7083"}],"curies":[{"name":"wp","href":"https:\/\/api.w.org\/{rel}","templated":true}]}}