{"id":713,"date":"2024-06-01T16:44:02","date_gmt":"2024-06-01T14:44:02","guid":{"rendered":"https:\/\/bestoptika.eu\/?post_type=product&#038;p=713"},"modified":"2026-03-23T19:18:35","modified_gmt":"2026-03-23T18:18:35","slug":"hikmicro-lynx-pro-le10","status":"publish","type":"product","link":"https:\/\/bestoptika.eu\/sk\/product\/hikmicro-lynx-pro-le10\/","title":{"rendered":"Hikmicro LYNX LE10S termov\u00edzny monokul\u00e1r"},"content":{"rendered":"<p><span style=\"font-weight: 400\">Od najv\u00e4\u010d\u0161ieho svetov\u00e9ho v\u00fdrobcu bezpe\u010dnostn\u00fdch kamier, spolo\u010dnosti HIKVISION. Nov\u00e1 kamera je vybaven\u00e1 12 mikr\u00f3nov\u00fdm sn\u00edma\u010dom s 9,7 mm optikou. Detek\u010dn\u00e1 vzdialenos\u0165 je viac ako 500 metrov a uhol z\u00e1beru je 18 stup\u0148ov.<\/span><\/p>\n<p><span style=\"font-weight: 400\">Zmeny nov\u00e9ho typu \"S\" v porovnan\u00ed s predch\u00e1dzaj\u00facou verziou:<\/span><\/p>\n<ul>\n<li style=\"font-weight: 400\"><span style=\"font-weight: 400\">Nov\u00e9 a vylep\u0161en\u00e9 pou\u017e\u00edvate\u013esk\u00e9 menu<\/span><\/li>\n<li style=\"font-weight: 400\"><span style=\"font-weight: 400\">Nov\u00fd displej OLED s rozl\u00ed\u0161en\u00edm 800 \u00d7 600 pixelov<\/span><\/li>\n<li style=\"font-weight: 400\"><span style=\"font-weight: 400\">Extr\u00e9mne dlh\u00fd prev\u00e1dzkov\u00fd \u010das (a\u017e 8 hod\u00edn)<\/span><\/li>\n<\/ul>\n<table>\n<tbody>\n<tr>\n<td colspan=\"2\"><b>Hlavn\u00e9 funkcie<\/b><\/td>\n<\/tr>\n<tr>\n<td><span style=\"font-weight: 400\">Maxim\u00e1lne rozl\u00ed\u0161enie<\/span><\/td>\n<td><span style=\"font-weight: 400\">256 \u00d7 192<\/span><\/td>\n<\/tr>\n<tr>\n<td><span style=\"font-weight: 400\">Aktualiz\u00e1cia obr\u00e1zkov<\/span><\/td>\n<td><span style=\"font-weight: 400\">50 Hz<\/span><\/td>\n<\/tr>\n<tr>\n<td><span style=\"font-weight: 400\">NETD<\/span><\/td>\n<td><span style=\"font-weight: 400\">Menej ako 35mK<\/span><\/td>\n<\/tr>\n<tr>\n<td><span style=\"font-weight: 400\">\u0160o\u0161ovka<\/span><\/td>\n<td><span style=\"font-weight: 400\">9,7 mm, f1,0<\/span><\/td>\n<\/tr>\n<tr>\n<td><span style=\"font-weight: 400\">Re\u017eim zaostrenia<\/span><\/td>\n<td><span style=\"font-weight: 400\">Zameranie zadarmo<\/span><\/td>\n<\/tr>\n<tr>\n<td><span style=\"font-weight: 400\">Min. ohniskov\u00e1 vzdialenos\u0165<\/span><\/td>\n<td><span style=\"font-weight: 400\">4m<\/span><\/td>\n<\/tr>\n<tr>\n<td><span style=\"font-weight: 400\">Zorn\u00fd uhol<\/span><\/td>\n<td><span style=\"font-weight: 400\">18,0\u00b0 \u00d7 13,6\u00b0 \/ 31,7 m \u00d7 23,8 m<\/span><\/td>\n<\/tr>\n<tr>\n<td><span style=\"font-weight: 400\">Zv\u00e4\u010d\u0161i\u0165<\/span><\/td>\n<td><span style=\"font-weight: 400\">1,5x-12,0x(8x)<\/span><\/td>\n<\/tr>\n<tr>\n<td><span style=\"font-weight: 400\">Detek\u010dn\u00e1 vzdialenos\u0165<\/span><\/td>\n<td><span style=\"font-weight: 400\">500m<\/span><\/td>\n<\/tr>\n<tr>\n<td colspan=\"2\"><b>Zobrazenie<\/b><\/td>\n<\/tr>\n<tr>\n<td><span style=\"font-weight: 400\">Max. rozl\u00ed\u0161enie<\/span><\/td>\n<td><span style=\"font-weight: 400\">800 \u00d7 600, 0,32 palca, OLED<\/span><\/td>\n<\/tr>\n<tr>\n<td><span style=\"font-weight: 400\">Re\u017eim FFC<\/span><\/td>\n<td><span style=\"font-weight: 400\">Automatick\u00e1, manu\u00e1lna, extern\u00e1 korekcia<\/span><\/td>\n<\/tr>\n<tr>\n<td><span style=\"font-weight: 400\">Odch\u00e1dzaj\u00faci \u017eiak<\/span><\/td>\n<td><span style=\"font-weight: 400\">20 mm<\/span><\/td>\n<\/tr>\n<tr>\n<td><span style=\"font-weight: 400\">Eyelines<\/span><\/td>\n<td><span style=\"font-weight: 400\">6 mm<\/span><\/td>\n<\/tr>\n<tr>\n<td><span style=\"font-weight: 400\">Nastavenie dioptri\u00ed<\/span><\/td>\n<td><span style=\"font-weight: 400\">medzi -5D a +4D<\/span><\/td>\n<\/tr>\n<tr>\n<td colspan=\"2\"><b>V\u0161eobecn\u00e9<\/b><\/td>\n<\/tr>\n<tr>\n<td><span style=\"font-weight: 400\">Mechanick\u00e1 ochrana<\/span><\/td>\n<td><span style=\"font-weight: 400\">IP67<\/span><\/td>\n<\/tr>\n<tr>\n<td><span style=\"font-weight: 400\">Hmotnos\u0165<\/span><\/td>\n<td><span style=\"font-weight: 400\">260g<\/span><\/td>\n<\/tr>\n<tr>\n<td><span style=\"font-weight: 400\">Rozmery<\/span><\/td>\n<td><span style=\"font-weight: 400\">158,3 mm \u00d7 61 mm \u00d7 57 mm<\/span><\/td>\n<\/tr>\n<tr>\n<td><span style=\"font-weight: 400\">Prev\u00e1dzkov\u00e1 teplota<\/span><\/td>\n<td><span style=\"font-weight: 400\">-20 \u00b0C a\u017e +55 \u00b0C<\/span><\/td>\n<\/tr>\n<tr>\n<td colspan=\"2\"><b>Syst\u00e9m<\/b><\/td>\n<\/tr>\n<tr>\n<td><span style=\"font-weight: 400\">Sn\u00edmanie sn\u00edmok<\/span><\/td>\n<td><span style=\"font-weight: 400\">\u00c1no<\/span><\/td>\n<\/tr>\n<tr>\n<td><span style=\"font-weight: 400\">Hotspot<\/span><\/td>\n<td><span style=\"font-weight: 400\">\u00c1no<\/span><\/td>\n<\/tr>\n<tr>\n<td><span style=\"font-weight: 400\">Meranie vzdialenosti<\/span><\/td>\n<td><span style=\"font-weight: 400\">\u00c1no<\/span><\/td>\n<\/tr>\n<tr>\n<td><span style=\"font-weight: 400\">Pohotovostn\u00fd re\u017eim<\/span><\/td>\n<td><span style=\"font-weight: 400\">\u00c1no<\/span><\/td>\n<\/tr>\n<tr>\n<td><span style=\"font-weight: 400\">Ukladanie<\/span><\/td>\n<td><span style=\"font-weight: 400\">Zabudovan\u00fd pam\u00e4\u0165ov\u00fd modul (8 GB)<\/span><\/td>\n<\/tr>\n<tr>\n<td><span style=\"font-weight: 400\">Zvukov\u00fd z\u00e1znam<\/span><\/td>\n<td><span style=\"font-weight: 400\">\u00c1no<\/span><\/td>\n<\/tr>\n<tr>\n<td colspan=\"2\"><b>Dod\u00e1vka elektrickej energie<\/b><\/td>\n<\/tr>\n<tr>\n<td><span style=\"font-weight: 400\">Bat\u00e9ria<\/span><\/td>\n<td><span style=\"font-weight: 400\">Nab\u00edjate\u013en\u00e1 l\u00edtiov\u00e1 bat\u00e9ria<\/span><\/td>\n<\/tr>\n<tr>\n<td><span style=\"font-weight: 400\">Prev\u00e1dzkov\u00e9 hodiny<\/span><\/td>\n<td><span style=\"font-weight: 400\">8 hod\u00edn <\/span><span style=\"font-weight: 400\">(25 \u00b0C, Wi-Fi vypnut\u00e9)<\/span><\/td>\n<\/tr>\n<tr>\n<td><span style=\"font-weight: 400\">Z\u00e1suvka nab\u00edja\u010dky<\/span><\/td>\n<td><span style=\"font-weight: 400\">5 V DC\/2 A, typ C\u00a0<\/span><\/td>\n<\/tr>\n<\/tbody>\n<\/table>\n<p><a href=\"https:\/\/www.hikmicrotech.com\/en\/outdoor-products\/lynx-s-thermal-monocular\/\">https:\/\/www.hikmicrotech.com\/en\/outdoor-products\/lynx-s-thermal-monocular\/\u00a0<\/a><\/p>","protected":false},"excerpt":{"rendered":"<ul>\n<li style=\"font-weight: 400\"><span style=\"font-weight: 400\">V\u010faka 9,7 mm objekt\u00edvu a nov\u00e9mu 12-mikr\u00f3nov\u00e9mu sn\u00edma\u010du mo\u017eno rozpozna\u0165 \u013eudsk\u00fa postavu alebo jele\u0148a a\u017e na vzdialenos\u0165 500 metrov<\/span><\/li>\n<li style=\"font-weight: 400\"><span style=\"font-weight: 400\">Zorn\u00e9 pole je mimoriadne \u0161irok\u00e9, s uhlom z\u00e1beru 18 stup\u0148ov, ktor\u00fd v\u00e1m umo\u017en\u00ed vidie\u0165 obrovsk\u00fa plochu naraz<\/span><\/li>\n<li style=\"font-weight: 400\"><span style=\"font-weight: 400\">V\u00fdnimo\u010dne dobr\u00e1 hodnota NETD ( 35 mk ( @25\u00b0C, F=1,0) zaru\u010duje jasn\u00e9 a kontrastn\u00e9 sn\u00edmky v hmle a da\u017edi<\/span><\/li>\n<li style=\"font-weight: 400\"><span style=\"font-weight: 400\">Integrovan\u00e1 pam\u00e4\u0165 m\u00e1 kapacitu 8 GB, tak\u017ee m\u00f4\u017eete uklada\u0165 pomerne dlh\u00e9 videoz\u00e1znamy<\/span><\/li>\n<li style=\"font-weight: 400\"><span style=\"font-weight: 400\">Obnovovacia frekvencia je 50 Hz, tak\u017ee \u017eiv\u00fd obraz bude \u017eiv\u00fd<\/span><\/li>\n<\/ul>","protected":false},"featured_media":1666,"comment_status":"open","ping_status":"closed","template":"","meta":[],"product_brand":[],"product_cat":[17],"product_tag":[31,18],"class_list":{"0":"post-713","1":"product","2":"type-product","3":"status-publish","4":"has-post-thumbnail","6":"product_cat-hokamera-kereso","7":"product_tag-hikmicro","8":"product_tag-hokamera","10":"first","11":"outofstock","12":"taxable","13":"shipping-taxable","14":"purchasable","15":"product-type-simple"},"jetpack_sharing_enabled":true,"_links":{"self":[{"href":"https:\/\/bestoptika.eu\/sk\/wp-json\/wp\/v2\/product\/713","targetHints":{"allow":["GET"]}}],"collection":[{"href":"https:\/\/bestoptika.eu\/sk\/wp-json\/wp\/v2\/product"}],"about":[{"href":"https:\/\/bestoptika.eu\/sk\/wp-json\/wp\/v2\/types\/product"}],"replies":[{"embeddable":true,"href":"https:\/\/bestoptika.eu\/sk\/wp-json\/wp\/v2\/comments?post=713"}],"wp:featuredmedia":[{"embeddable":true,"href":"https:\/\/bestoptika.eu\/sk\/wp-json\/wp\/v2\/media\/1666"}],"wp:attachment":[{"href":"https:\/\/bestoptika.eu\/sk\/wp-json\/wp\/v2\/media?parent=713"}],"wp:term":[{"taxonomy":"product_brand","embeddable":true,"href":"https:\/\/bestoptika.eu\/sk\/wp-json\/wp\/v2\/product_brand?post=713"},{"taxonomy":"product_cat","embeddable":true,"href":"https:\/\/bestoptika.eu\/sk\/wp-json\/wp\/v2\/product_cat?post=713"},{"taxonomy":"product_tag","embeddable":true,"href":"https:\/\/bestoptika.eu\/sk\/wp-json\/wp\/v2\/product_tag?post=713"}],"curies":[{"name":"wp","href":"https:\/\/api.w.org\/{rel}","templated":true}]}}