{"id":7144,"date":"2025-12-28T14:45:20","date_gmt":"2025-12-28T13:45:20","guid":{"rendered":"https:\/\/bestoptika.eu\/?post_type=product&#038;p=7144"},"modified":"2026-03-09T10:21:17","modified_gmt":"2026-03-09T09:21:17","slug":"hikmicro-explorer-e20plus-hokamera","status":"publish","type":"product","link":"https:\/\/bestoptika.eu\/sk\/product\/hikmicro-explorer-e20plus-hokamera\/","title":{"rendered":"Hikmicro EXPLORER E20PLUS"},"content":{"rendered":"<p><strong>Hikmicro EXPLORER E20PLUS h\u0151kamera<\/strong><\/p>\n<p><b>Kicsi a zsebben, kisebb, mint egy \u00f3ra<\/b><\/p>\n<p><span style=\"font-weight: 400\">S\u00falya kisebb, mint 26 g, egyszer\u0171en mag\u00e1val viheti.<\/span><\/p>\n<p><b>A telep\u00edt\u00e9s kevesebb, mint egy m\u00e1sodpercet vesz ig\u00e9nybe<\/b><\/p>\n<p><span style=\"font-weight: 400\">Egyszer\u0171en csatlakoztassa az E20 Plus-t az okostelefonj\u00e1hoz (csak Andriod telefonokkal haszn\u00e1lhat\u00f3), \u00e9s azonnal megkezdheti a felfedez\u00e9st a HIKMICRO Sight alkalmaz\u00e1s seg\u00edts\u00e9g\u00e9vel, a vezet\u00e9k n\u00e9lk\u00fcli kapcsolat is rendelkez\u00e9sre \u00e1ll<\/span><\/p>\n<p><b>Er\u0151teljes h\u0151detektor, a k\u00e9p megfelel\u0151 vizu\u00e1lis \u00e9lm\u00e9nyt biztos\u00edt<\/b><\/p>\n<p><span style=\"font-weight: 400\">A 12 mikron cs\u00edksz\u00e9less\u00e9g\u0171, 256 x 192 pixel felbont\u00e1s\u00fa h\u0151detektor, a 9,7 mm-es lencse \u00e9s a 100 m\u00e9teren 18,1\u00b0x13,6\u00b0\/31,8 m x 23,8 m sz\u00e9les FOV seg\u00edts\u00e9g\u00e9vel az EXPLORER biztos\u00edtja, hogy a h\u0151k\u00e9p a vizu\u00e1lis elv\u00e1r\u00e1soknak megfelel\u0151 legyen.<\/span><\/p>\n<p><b>Egyenletesebb HDR k\u00e9p<\/b><\/p>\n<p><span style=\"font-weight: 400\">Az 50 Hz-en t\u00f6rt\u00e9n\u0151 filmez\u00e9ssel minden k\u00e9p nagyobb dinamikatartom\u00e1nyt kap.<\/span><\/p>\n<p><b>T\u00f6bb \u00fczemm\u00f3d, extra mad\u00e1rmegfigyel\u00e9s-\u00fczemm\u00f3d is rendelkez\u00e9sre \u00e1ll<\/b><\/p>\n<p><span style=\"font-weight: 400\">Hat palett\u00e1t biztos\u00edt, hogy a k\u00fclt\u00e9ri megfigyel\u00e9s sor\u00e1n minden helyzetben megfelel\u0151 legyen.<\/span><\/p>\n<p><b>Akkumul\u00e1tormentes kivitel alacsony energiafogyaszt\u00e1ssal &lt;0,35 W<\/b><\/p>\n<p><span style=\"font-weight: 400\">Az akkumul\u00e1tormentes kivitel \u00e9s a rendk\u00edv\u00fcl alacsony energiafogyaszt\u00e1s (&lt;0,35 W), biztos\u00edtja, hogy az E20Plus eg\u00e9sz napos haszn\u00e1latra is megfelel.<\/span><\/p>\n<p><b>Hossz\u00fa \u00e9szlel\u00e9si t\u00e1vols\u00e1g<\/b><\/p>\n<p><span style=\"font-weight: 400\">Kompakt m\u00e9rete ellen\u00e9re az EXPLORER nagy \u00e9rszlel\u00e9si t\u00e1vols\u00e1got biztos\u00edt, \u00edgy ak\u00e1r 970 m t\u00e1vols\u00e1gb\u00f3l is tiszta k\u00e9pet figyelhet meg.<\/span><\/p>\n<table dir=\"ltr\" style=\"width: 916px\" border=\"1\" cellspacing=\"0\" cellpadding=\"0\" data-sheets-root=\"1\" data-sheets-baot=\"1\">\n<colgroup>\n<col width=\"100\" \/>\n<col width=\"100\" \/><\/colgroup>\n<tbody>\n<tr>\n<td style=\"width: 424.55px\">\u00c9rz\u00e9kel\u0151<\/td>\n<td style=\"width: 486.65px\">\n<div>\n<div>256 \u00d7 192 px, 12 \u03bcm, VOx<\/div>\n<\/div>\n<\/td>\n<\/tr>\n<tr>\n<td style=\"width: 424.55px\">Lencse<\/td>\n<td style=\"width: 486.65px\">9,7 mm<\/td>\n<\/tr>\n<tr>\n<td style=\"width: 424.55px\">\u00c9szlel\u00e9si t\u00e1vols\u00e1g<\/td>\n<td style=\"width: 486.65px\">970 m<\/td>\n<\/tr>\n<tr>\n<td style=\"width: 424.55px\">L\u00e1t\u00f3mez\u0151<\/td>\n<td style=\"width: 486.65px\">18,1\u00b0 \u00d7 13,6\u00b0<\/td>\n<\/tr>\n<tr>\n<td style=\"width: 424.55px\">Digit\u00e1lis nagy\u00edt\u00e1s<\/td>\n<td style=\"width: 486.65px\">2\u00d7<\/td>\n<\/tr>\n<tr>\n<td style=\"width: 424.55px\">H\u0151\u00e9rz\u00e9kenys\u00e9g (NETD)<\/td>\n<td style=\"width: 486.65px\">\u2264 50 mK<\/td>\n<\/tr>\n<tr>\n<td style=\"width: 424.55px\">Vide\u00f3felv\u00e9tel<\/td>\n<td style=\"width: 486.65px\">Igen<\/td>\n<\/tr>\n<tr>\n<td style=\"width: 424.55px\">F\u00e9nyk\u00e9pk\u00e9sz\u00edt\u00e9s<\/td>\n<td style=\"width: 486.65px\">Igen<\/td>\n<\/tr>\n<tr>\n<td style=\"width: 424.55px\">Sz\u00ednpalett\u00e1k<\/td>\n<td style=\"width: 486.65px\">\n<div>\n<div>Birdwatching \/ Red Hot \/ White Hot \/ Black Hot \/ Rainbow \/ Ironbow<\/div>\n<\/div>\n<\/td>\n<\/tr>\n<tr>\n<td style=\"width: 424.55px\">Hotspot-k\u00f6vet\u00e9s<\/td>\n<td style=\"width: 486.65px\">Igen<\/td>\n<\/tr>\n<tr>\n<td style=\"width: 424.55px\">K\u00e9p a k\u00e9pben (PIP)<\/td>\n<td style=\"width: 486.65px\">Igen<\/td>\n<\/tr>\n<tr>\n<td style=\"width: 424.55px\">V\u00e9detts\u00e9gi fokozat<\/td>\n<td style=\"width: 486.65px\">IP40<\/td>\n<\/tr>\n<tr>\n<td style=\"width: 424.55px\">\u00dczemi h\u0151m\u00e9rs\u00e9klet<\/td>\n<td style=\"width: 486.65px\">\u221210 \u00b0C \u2013 +50 \u00b0C<\/td>\n<\/tr>\n<tr>\n<td style=\"width: 424.55px\">M\u00e9retek<\/td>\n<td style=\"width: 486.65px\">\n<div>\n<div>26,6 \u00d7 26,6 \u00d7 27,2 mm<\/div>\n<\/div>\n<\/td>\n<\/tr>\n<tr>\n<td style=\"width: 424.55px\">S\u00faly<\/td>\n<td style=\"width: 486.65px\">26 g<\/td>\n<\/tr>\n<\/tbody>\n<\/table>\n<p>&nbsp;<\/p>\n<div class=\"flex flex-col text-sm pb-25\">\n<article class=\"text-token-text-primary w-full focus:outline-none [--shadow-height:45px] has-data-writing-block:pointer-events-none has-data-writing-block:-mt-(--shadow-height) has-data-writing-block:pt-(--shadow-height) [&amp;:has([data-writing-block])&gt;*]:pointer-events-auto scroll-mt-[calc(var(--header-height)+min(200px,max(70px,20svh)))]\" dir=\"auto\" data-turn-id=\"request-WEB:797058a7-a6eb-4c73-afda-75b0a05e7989-16\" data-testid=\"conversation-turn-34\" data-scroll-anchor=\"true\" data-turn=\"assistant\">\n<div class=\"text-base my-auto mx-auto pb-10 [--thread-content-margin:--spacing(4)] @w-sm\/main:[--thread-content-margin:--spacing(6)] @w-lg\/main:[--thread-content-margin:--spacing(16)] px-(--thread-content-margin)\">\n<div class=\"[--thread-content-max-width:40rem] @w-lg\/main:[--thread-content-max-width:48rem] mx-auto max-w-(--thread-content-max-width) flex-1 group\/turn-messages focus-visible:outline-hidden relative flex w-full min-w-0 flex-col agent-turn\" tabindex=\"-1\">\n<div class=\"flex max-w-full flex-col grow\">\n<div class=\"min-h-8 text-message relative flex w-full flex-col items-end gap-2 text-start break-words whitespace-normal [.text-message+&amp;]:mt-1\" dir=\"auto\" data-message-author-role=\"assistant\" data-message-id=\"90506f53-5b74-4376-b71a-79de10e8beab\" data-message-model-slug=\"gpt-5-2\">\n<div class=\"flex w-full flex-col gap-1 empty:hidden first:pt-[1px]\">\n<div class=\"markdown prose dark:prose-invert w-full break-words light markdown-new-styling\">\n<p data-start=\"28\" data-end=\"50\"><strong data-start=\"28\" data-end=\"50\">A csomag tartalma:<\/strong><\/p>\n<ul>\n<li data-start=\"54\" data-end=\"90\">HIKMICRO EXPLORER E20Plus h\u0151kamera<\/li>\n<li data-start=\"93\" data-end=\"98\">Tok<\/li>\n<li data-start=\"101\" data-end=\"114\">USB-C k\u00e1bel<\/li>\n<li data-start=\"117\" data-end=\"152\">Haszn\u00e1lati \u00fatmutat\u00f3<\/li>\n<\/ul>\n<p><strong>A m\u00e1rka hivatalos oldala:\u00a0 <a href=\"https:\/\/www.hikmicrotech.com\/hu\/\">https:\/\/www.hikmicrotech.com\/hu\/<\/a>\u00a0<\/strong><\/p>\n<\/div>\n<\/div>\n<\/div>\n<\/div>\n<\/div>\n<\/div>\n<\/article>\n<\/div>\n","protected":false},"excerpt":{"rendered":"<p>Modul termokamery Hikmicro Explorer E20Plus poskytuje vysokokvalitn\u00e9 term\u00e1lne zobrazovanie prostredn\u00edctvom mobiln\u00e9ho telef\u00f3nu so syst\u00e9mom Android.<\/p>\n<p>EXPLORER je ide\u00e1lny na to, aby ste si ho mohli vzia\u0165 so sebou do pr\u00edrody. Termokamera so \u0161\u00edrkou p\u00e1su 12 mikr\u00f3nov, rozl\u00ed\u0161en\u00edm 256 \u00d7 192 pixelov, objekt\u00edvom s priemerom 9,7 mm a FOV 18,1\u00b0 \u00d7 13,6\u00b0\/31,8 m \u00d7 23,8 m pri vzdialenosti 100 m je vynikaj\u00facou vo\u013ebou pre pou\u017e\u00edvate\u013eov na lokaliz\u00e1ciu a identifik\u00e1ciu skryt\u00fdch cie\u013eov v zmie\u0161an\u00fdch prostrediach, napr\u00edklad pri pozorovan\u00ed vt\u00e1kov alebo pr\u00edrody pri dennom alebo no\u010dnom kempovan\u00ed.<\/p>","protected":false},"featured_media":7146,"comment_status":"open","ping_status":"closed","template":"","meta":[],"product_brand":[],"product_cat":[45],"product_tag":[31,18],"class_list":{"0":"post-7144","1":"product","2":"type-product","3":"status-publish","4":"has-post-thumbnail","6":"product_cat-hokamera","7":"product_tag-hikmicro","8":"product_tag-hokamera","10":"first","11":"outofstock","12":"taxable","13":"shipping-taxable","14":"purchasable","15":"product-type-simple"},"jetpack_sharing_enabled":true,"_links":{"self":[{"href":"https:\/\/bestoptika.eu\/sk\/wp-json\/wp\/v2\/product\/7144","targetHints":{"allow":["GET"]}}],"collection":[{"href":"https:\/\/bestoptika.eu\/sk\/wp-json\/wp\/v2\/product"}],"about":[{"href":"https:\/\/bestoptika.eu\/sk\/wp-json\/wp\/v2\/types\/product"}],"replies":[{"embeddable":true,"href":"https:\/\/bestoptika.eu\/sk\/wp-json\/wp\/v2\/comments?post=7144"}],"wp:featuredmedia":[{"embeddable":true,"href":"https:\/\/bestoptika.eu\/sk\/wp-json\/wp\/v2\/media\/7146"}],"wp:attachment":[{"href":"https:\/\/bestoptika.eu\/sk\/wp-json\/wp\/v2\/media?parent=7144"}],"wp:term":[{"taxonomy":"product_brand","embeddable":true,"href":"https:\/\/bestoptika.eu\/sk\/wp-json\/wp\/v2\/product_brand?post=7144"},{"taxonomy":"product_cat","embeddable":true,"href":"https:\/\/bestoptika.eu\/sk\/wp-json\/wp\/v2\/product_cat?post=7144"},{"taxonomy":"product_tag","embeddable":true,"href":"https:\/\/bestoptika.eu\/sk\/wp-json\/wp\/v2\/product_tag?post=7144"}],"curies":[{"name":"wp","href":"https:\/\/api.w.org\/{rel}","templated":true}]}}