{"id":7196,"date":"2025-12-28T19:24:44","date_gmt":"2025-12-28T18:24:44","guid":{"rendered":"https:\/\/bestoptika.eu\/?post_type=product&#038;p=7196"},"modified":"2026-03-02T10:10:05","modified_gmt":"2026-03-02T09:10:05","slug":"pard-akkumulatortolto","status":"publish","type":"product","link":"https:\/\/bestoptika.eu\/sk\/product\/pard-akkumulatortolto\/","title":{"rendered":"PARD nab\u00edja\u010dka bat\u00e9ri\u00ed"},"content":{"rendered":"<p data-start=\"28\" data-end=\"100\"><strong data-start=\"28\" data-end=\"100\">Inteligentn\u00e1 nab\u00edja\u010dka pre 2 bat\u00e9rie, od spolo\u010dnosti PARD.<\/strong><\/p>\n<p data-start=\"102\" data-end=\"151\"><strong data-start=\"102\" data-end=\"151\">Kompatibiln\u00fd s t\u00fdmito typmi bat\u00e9ri\u00ed:<\/strong><\/p>\n<ul>\n<li data-start=\"155\" data-end=\"162\">18650<\/li>\n<li data-start=\"165\" data-end=\"172\">21700<\/li>\n<li data-start=\"175\" data-end=\"182\">26650<\/li>\n<li data-start=\"185\" data-end=\"192\">18490<\/li>\n<li data-start=\"195\" data-end=\"202\">18350<\/li>\n<li data-start=\"205\" data-end=\"212\">17670<\/li>\n<li data-start=\"215\" data-end=\"222\">17500<\/li>\n<li data-start=\"225\" data-end=\"232\">17335<\/li>\n<li data-start=\"235\" data-end=\"242\">16340<\/li>\n<li data-start=\"245\" data-end=\"252\">14500<\/li>\n<li data-start=\"255\" data-end=\"262\">10440<\/li>\n<\/ul>","protected":false},"excerpt":{"rendered":"<p>PARD nab\u00edja\u010dka bat\u00e9ri\u00ed<\/p>","protected":false},"featured_media":7197,"comment_status":"open","ping_status":"closed","template":"","meta":[],"product_brand":[],"product_cat":[128],"product_tag":[543,133],"class_list":{"0":"post-7196","1":"product","2":"type-product","3":"status-publish","4":"has-post-thumbnail","6":"product_cat-tolto","7":"product_tag-akkumulatortolto","8":"product_tag-pard","10":"first","11":"instock","12":"taxable","13":"shipping-taxable","14":"purchasable","15":"product-type-simple"},"jetpack_sharing_enabled":true,"_links":{"self":[{"href":"https:\/\/bestoptika.eu\/sk\/wp-json\/wp\/v2\/product\/7196","targetHints":{"allow":["GET"]}}],"collection":[{"href":"https:\/\/bestoptika.eu\/sk\/wp-json\/wp\/v2\/product"}],"about":[{"href":"https:\/\/bestoptika.eu\/sk\/wp-json\/wp\/v2\/types\/product"}],"replies":[{"embeddable":true,"href":"https:\/\/bestoptika.eu\/sk\/wp-json\/wp\/v2\/comments?post=7196"}],"wp:featuredmedia":[{"embeddable":true,"href":"https:\/\/bestoptika.eu\/sk\/wp-json\/wp\/v2\/media\/7197"}],"wp:attachment":[{"href":"https:\/\/bestoptika.eu\/sk\/wp-json\/wp\/v2\/media?parent=7196"}],"wp:term":[{"taxonomy":"product_brand","embeddable":true,"href":"https:\/\/bestoptika.eu\/sk\/wp-json\/wp\/v2\/product_brand?post=7196"},{"taxonomy":"product_cat","embeddable":true,"href":"https:\/\/bestoptika.eu\/sk\/wp-json\/wp\/v2\/product_cat?post=7196"},{"taxonomy":"product_tag","embeddable":true,"href":"https:\/\/bestoptika.eu\/sk\/wp-json\/wp\/v2\/product_tag?post=7196"}],"curies":[{"name":"wp","href":"https:\/\/api.w.org\/{rel}","templated":true}]}}