{"id":7221,"date":"2025-12-29T19:26:06","date_gmt":"2025-12-29T18:26:06","guid":{"rendered":"https:\/\/bestoptika.eu\/?post_type=product&#038;p=7221"},"modified":"2025-12-30T13:11:46","modified_gmt":"2025-12-30T12:11:46","slug":"pard-acel-szerelek-weaver-sinhez","status":"publish","type":"product","link":"https:\/\/bestoptika.eu\/sk\/product\/pard-acel-szerelek-weaver-sinhez\/","title":{"rendered":"Oce\u013eov\u00e1 mont\u00e1\u017e PARD na Weaver"},"content":{"rendered":"<p><strong>Oce\u013eov\u00e1 mont\u00e1\u017e PARD na Weaver<\/strong><\/p>\n<p data-start=\"73\" data-end=\"500\">Oce\u013eov\u00e9 kovanie PARD pon\u00faka vysok\u00fa stabilitu a odolnos\u0165, \u010do zaru\u010duje spo\u013eahliv\u00fd v\u00fdkon aj v t\u00fdch najn\u00e1ro\u010dnej\u0161\u00edch podmienkach. Medzi jej hlavn\u00e9 v\u00fdhody patr\u00ed r\u00fdchla mont\u00e1\u017e a demont\u00e1\u017e, \u010do umo\u017e\u0148uje jednoduch\u00fa manipul\u00e1ciu so zariaden\u00edm bez potreby preb\u00edjania zbrane. T\u00e1to mont\u00e1\u017e je dokonal\u00fdm pr\u00edslu\u0161enstvom pre ka\u017ed\u00e9ho, kto h\u013ead\u00e1 flexibiln\u00e9 a efekt\u00edvne rie\u0161enie pre optiku svojej zbrane.<\/p>\n<p data-start=\"502\" data-end=\"600\"><strong data-start=\"502\" data-end=\"557\">Vzdialenos\u0165 medzi stredmi uzamykacieho mechanizmu:<\/strong> 100 mm<br data-start=\"564\" data-end=\"567\" \/><strong data-start=\"567\" data-end=\"591\">D\u013a\u017eka ko\u013eajnice Weaver:<\/strong> 120 mm<\/p>\n<p data-start=\"414\" data-end=\"454\"><strong data-start=\"418\" data-end=\"454\">Kompatibiln\u00fd so zariadeniami PARD:<\/strong><\/p>\n<ul>\n<li data-start=\"458\" data-end=\"477\"><strong data-start=\"458\" data-end=\"475\">S\u00e9ria NV008<\/strong><\/li>\n<li data-start=\"480\" data-end=\"500\"><strong data-start=\"480\" data-end=\"498\">S\u00e9ria OCELOT<\/strong><\/li>\n<li data-start=\"503\" data-end=\"524\"><strong data-start=\"503\" data-end=\"522\">S\u00e9ria LANDSAT<\/strong><\/li>\n<li data-start=\"527\" data-end=\"543\"><strong data-start=\"527\" data-end=\"541\">S\u00e9ria SA<\/strong><\/li>\n<li data-start=\"546\" data-end=\"564\"><strong data-start=\"546\" data-end=\"562\">S\u00e9ria TA3x<\/strong><\/li>\n<li data-start=\"567\" data-end=\"585\"><strong data-start=\"567\" data-end=\"583\">S\u00e9ria FT3x<\/strong><\/li>\n<li data-start=\"588\" data-end=\"603\"><strong data-start=\"588\" data-end=\"603\">S\u00e9ria FD1<\/strong><\/li>\n<\/ul>","protected":false},"excerpt":{"rendered":"<p><strong data-start=\"56\" data-end=\"136\">Oce\u013eov\u00e9 r\u00fdchloup\u00ednacie kovanie pre Weaver (Picatinny) li\u0161tu s nastavite\u013en\u00fdm up\u00ednan\u00edm.<\/strong><br data-start=\"136\" data-end=\"139\" \/>Umo\u017e\u0148uje zariadeniu <strong data-start=\"165\" data-end=\"196\">jednoduch\u00e9 a r\u00fdchle odstr\u00e1nenie<\/strong> bez toho, aby ste museli znova vystreli\u0165.<br data-start=\"243\" data-end=\"246\" \/>Zostava je navrhnut\u00e1 pre maxim\u00e1lnu stabilitu a opakovate\u013enos\u0165, tak\u017ee <strong data-start=\"321\" data-end=\"407\">ide\u00e1lne rie\u0161enie pre t\u00fdch, ktor\u00ed \u010dasto vyberaj\u00fa PARD zo svojej zbrane.<\/strong><\/p>\n<p data-start=\"414\" data-end=\"454\"><strong data-start=\"418\" data-end=\"454\">Kompatibiln\u00fd so zariadeniami PARD:<\/strong><\/p>\n<ul>\n<li data-start=\"458\" data-end=\"477\"><strong data-start=\"458\" data-end=\"475\">S\u00e9ria NV008<\/strong><\/li>\n<li data-start=\"480\" data-end=\"500\"><strong data-start=\"480\" data-end=\"498\">S\u00e9ria OCELOT<\/strong><\/li>\n<li data-start=\"503\" data-end=\"524\"><strong data-start=\"503\" data-end=\"522\">S\u00e9ria LANDSAT<\/strong><\/li>\n<li data-start=\"527\" data-end=\"543\"><strong data-start=\"527\" data-end=\"541\">S\u00e9ria SA<\/strong><\/li>\n<li data-start=\"546\" data-end=\"564\"><strong data-start=\"546\" data-end=\"562\">S\u00e9ria TA3x<\/strong><\/li>\n<li data-start=\"567\" data-end=\"585\"><strong data-start=\"567\" data-end=\"583\">S\u00e9ria FT3x<\/strong><\/li>\n<li data-start=\"588\" data-end=\"603\"><strong data-start=\"588\" data-end=\"603\">S\u00e9ria FD1<\/strong><\/li>\n<\/ul>","protected":false},"featured_media":7222,"comment_status":"open","ping_status":"closed","template":"","meta":[],"product_brand":[],"product_cat":[152],"product_tag":[133,153],"class_list":{"0":"post-7221","1":"product","2":"type-product","3":"status-publish","4":"has-post-thumbnail","6":"product_cat-szerelek","7":"product_tag-pard","8":"product_tag-szerelek","10":"first","11":"instock","12":"taxable","13":"shipping-taxable","14":"purchasable","15":"product-type-simple"},"jetpack_sharing_enabled":true,"_links":{"self":[{"href":"https:\/\/bestoptika.eu\/sk\/wp-json\/wp\/v2\/product\/7221","targetHints":{"allow":["GET"]}}],"collection":[{"href":"https:\/\/bestoptika.eu\/sk\/wp-json\/wp\/v2\/product"}],"about":[{"href":"https:\/\/bestoptika.eu\/sk\/wp-json\/wp\/v2\/types\/product"}],"replies":[{"embeddable":true,"href":"https:\/\/bestoptika.eu\/sk\/wp-json\/wp\/v2\/comments?post=7221"}],"wp:featuredmedia":[{"embeddable":true,"href":"https:\/\/bestoptika.eu\/sk\/wp-json\/wp\/v2\/media\/7222"}],"wp:attachment":[{"href":"https:\/\/bestoptika.eu\/sk\/wp-json\/wp\/v2\/media?parent=7221"}],"wp:term":[{"taxonomy":"product_brand","embeddable":true,"href":"https:\/\/bestoptika.eu\/sk\/wp-json\/wp\/v2\/product_brand?post=7221"},{"taxonomy":"product_cat","embeddable":true,"href":"https:\/\/bestoptika.eu\/sk\/wp-json\/wp\/v2\/product_cat?post=7221"},{"taxonomy":"product_tag","embeddable":true,"href":"https:\/\/bestoptika.eu\/sk\/wp-json\/wp\/v2\/product_tag?post=7221"}],"curies":[{"name":"wp","href":"https:\/\/api.w.org\/{rel}","templated":true}]}}