{"id":7274,"date":"2026-01-06T12:12:54","date_gmt":"2026-01-06T11:12:54","guid":{"rendered":"https:\/\/bestoptika.eu\/?post_type=product&#038;p=7274"},"modified":"2026-01-06T12:12:54","modified_gmt":"2026-01-06T11:12:54","slug":"deerhunter-logo-neck-tube-orange-multifunkcionalis-salkendo","status":"publish","type":"product","link":"https:\/\/bestoptika.eu\/sk\/product\/deerhunter-logo-neck-tube-orange-multifunkcionalis-salkendo\/","title":{"rendered":"Deerhunter Logo Neck Tube oran\u017eov\u00fd multifunk\u010dn\u00fd \u0161\u00e1l"},"content":{"rendered":"<p>A <strong>Deerhunter Logo Neck Tube oran\u017eov\u00fd multifunk\u010dn\u00fd \u0161\u00e1l<\/strong> vyroben\u00e9 z vysokokvalitn\u00e9ho materi\u00e1lu. Teplo zabezpe\u010duje rovnomern\u00fa vlhkos\u0165 a zabra\u0148uje vzniku z\u00e1pachu aj po nieko\u013ek\u00fdch d\u0148och nosenia. Mo\u017eno ju nosi\u0165 ako \u0161\u00e1l, polomasku na ochranu tv\u00e1re pred \u013eadov\u00fdm vetrom, \u010diapku. N\u00e1kr\u010dn\u00edk m\u00e1 univerz\u00e1lnu ve\u013ekos\u0165<\/p>","protected":false},"excerpt":{"rendered":"<p>Deerhunter Logo Neck Tube oran\u017eov\u00fd multifunk\u010dn\u00fd \u0161\u00e1l je vyroben\u00e1 z kvalitnej tkaniny, rovnomerne odv\u00e1dza vlhkos\u0165 a zni\u017euje z\u00e1pach po nieko\u013ek\u00fdch d\u0148och nosenia. M\u00f4\u017eete ju nosi\u0165 ako \u0161\u00e1l, polomasku, \u010diapku, univerz\u00e1lnu ve\u013ekos\u0165, proti \u013eadov\u00e9mu vetru.<\/p>","protected":false},"featured_media":7275,"comment_status":"open","ping_status":"closed","template":"","meta":[],"product_brand":[],"product_cat":[320],"product_tag":[314,432],"class_list":{"0":"post-7274","1":"product","2":"type-product","3":"status-publish","4":"has-post-thumbnail","6":"product_cat-kiegeszitok","7":"product_tag-deerhunter","8":"product_tag-logo-neck-tube","10":"first","11":"instock","12":"taxable","13":"shipping-taxable","14":"purchasable","15":"product-type-simple"},"jetpack_sharing_enabled":true,"_links":{"self":[{"href":"https:\/\/bestoptika.eu\/sk\/wp-json\/wp\/v2\/product\/7274","targetHints":{"allow":["GET"]}}],"collection":[{"href":"https:\/\/bestoptika.eu\/sk\/wp-json\/wp\/v2\/product"}],"about":[{"href":"https:\/\/bestoptika.eu\/sk\/wp-json\/wp\/v2\/types\/product"}],"replies":[{"embeddable":true,"href":"https:\/\/bestoptika.eu\/sk\/wp-json\/wp\/v2\/comments?post=7274"}],"wp:featuredmedia":[{"embeddable":true,"href":"https:\/\/bestoptika.eu\/sk\/wp-json\/wp\/v2\/media\/7275"}],"wp:attachment":[{"href":"https:\/\/bestoptika.eu\/sk\/wp-json\/wp\/v2\/media?parent=7274"}],"wp:term":[{"taxonomy":"product_brand","embeddable":true,"href":"https:\/\/bestoptika.eu\/sk\/wp-json\/wp\/v2\/product_brand?post=7274"},{"taxonomy":"product_cat","embeddable":true,"href":"https:\/\/bestoptika.eu\/sk\/wp-json\/wp\/v2\/product_cat?post=7274"},{"taxonomy":"product_tag","embeddable":true,"href":"https:\/\/bestoptika.eu\/sk\/wp-json\/wp\/v2\/product_tag?post=7274"}],"curies":[{"name":"wp","href":"https:\/\/api.w.org\/{rel}","templated":true}]}}