{"id":7276,"date":"2026-01-06T12:17:40","date_gmt":"2026-01-06T11:17:40","guid":{"rendered":"https:\/\/bestoptika.eu\/?post_type=product&#038;p=7276"},"modified":"2026-01-06T12:17:40","modified_gmt":"2026-01-06T11:17:40","slug":"deerhunter-ram-teli-sapka","status":"publish","type":"product","link":"https:\/\/bestoptika.eu\/sk\/product\/deerhunter-ram-teli-sapka\/","title":{"rendered":"Deerhunter Ram zimn\u00e1 \u010diapka"},"content":{"rendered":"<p>A <strong>Deerhunter Ram zimn\u00e1 \u010diapka<\/strong> verzia je vyroben\u00e1 z polyesterovej \u010desanej tkaniny 100% a obsahuje membr\u00e1nu Deer-Tex, \u0161krupinu Performance Shell a vodoodpudiv\u00fa \u00fapravu na ochranu hlavy pred vetrom a da\u017e\u010fom. Ak lov\u00edte v zime, ke\u010f f\u00faka siln\u00fd vietor a je mimoriadne chladno, klob\u00fak Ram je vybaven\u00fd ochranou krku a zabudovanou ochranou sluchu.<\/p>\n<h2>Popis produktu<\/h2>\n<ul>\n<li><strong>Farba:<\/strong> Elmwood<\/li>\n<li><strong>Zlo\u017eenie:<\/strong> 100% polyester, 225 g\/m2<\/li>\n<\/ul>","protected":false},"excerpt":{"rendered":"<p>Deerhunter Ram zimn\u00e1 \u010diapka je vyroben\u00e1 z polyesteru 100% s membr\u00e1nou Deer-Tex, \u0161krupinou Performance Shell a vodoodpudivou \u00fapravou, ktor\u00e1 chr\u00e1ni hlavu pred vetrom a da\u017e\u010fom. S ochranou krku a zabudovan\u00fdmi klapkami na u\u0161i pre extra teplo po\u010das chladn\u00fdch, vetern\u00fdch lovov, v Elmwoode.<\/p>","protected":false},"featured_media":7281,"comment_status":"open","ping_status":"closed","template":"","meta":[],"product_brand":[],"product_cat":[320],"product_tag":[314,653],"class_list":{"0":"post-7276","1":"product","2":"type-product","3":"status-publish","4":"has-post-thumbnail","6":"product_cat-kiegeszitok","7":"product_tag-deerhunter","8":"product_tag-ram","10":"first","11":"instock","12":"taxable","13":"shipping-taxable","14":"purchasable","15":"product-type-variable","16":"has-default-attributes"},"jetpack_sharing_enabled":true,"_links":{"self":[{"href":"https:\/\/bestoptika.eu\/sk\/wp-json\/wp\/v2\/product\/7276","targetHints":{"allow":["GET"]}}],"collection":[{"href":"https:\/\/bestoptika.eu\/sk\/wp-json\/wp\/v2\/product"}],"about":[{"href":"https:\/\/bestoptika.eu\/sk\/wp-json\/wp\/v2\/types\/product"}],"replies":[{"embeddable":true,"href":"https:\/\/bestoptika.eu\/sk\/wp-json\/wp\/v2\/comments?post=7276"}],"wp:featuredmedia":[{"embeddable":true,"href":"https:\/\/bestoptika.eu\/sk\/wp-json\/wp\/v2\/media\/7281"}],"wp:attachment":[{"href":"https:\/\/bestoptika.eu\/sk\/wp-json\/wp\/v2\/media?parent=7276"}],"wp:term":[{"taxonomy":"product_brand","embeddable":true,"href":"https:\/\/bestoptika.eu\/sk\/wp-json\/wp\/v2\/product_brand?post=7276"},{"taxonomy":"product_cat","embeddable":true,"href":"https:\/\/bestoptika.eu\/sk\/wp-json\/wp\/v2\/product_cat?post=7276"},{"taxonomy":"product_tag","embeddable":true,"href":"https:\/\/bestoptika.eu\/sk\/wp-json\/wp\/v2\/product_tag?post=7276"}],"curies":[{"name":"wp","href":"https:\/\/api.w.org\/{rel}","templated":true}]}}