{"id":7352,"date":"2026-01-06T16:32:53","date_gmt":"2026-01-06T15:32:53","guid":{"rendered":"https:\/\/bestoptika.eu\/?post_type=product&#038;p=7352"},"modified":"2026-01-06T16:32:53","modified_gmt":"2026-01-06T15:32:53","slug":"deerhunter-protector-lathatosagi-melleny","status":"publish","type":"product","link":"https:\/\/bestoptika.eu\/sk\/product\/deerhunter-protector-lathatosagi-melleny\/","title":{"rendered":"Deerhunter Protector reflexn\u00e1 vesta"},"content":{"rendered":"<p>A <strong>Deerhunter Protector reflexn\u00e1 vesta<\/strong> sa pripravuje priamo na lov. Maskovac\u00ed vzor a vysokokvalitn\u00fd materi\u00e1l.<\/p>\n<div>\n<h2>Popis produktu<\/h2>\n<\/div>\n<ul>\n<li><strong>Farba:<\/strong> 78 - oran\u017eov\u00e1<\/li>\n<li><strong>Materi\u00e1l:<\/strong> 100% polyester<\/li>\n<li><strong>Povrchov\u00e1 \u00faprava:<\/strong> Odpudzovanie vody<\/li>\n<\/ul>","protected":false},"excerpt":{"rendered":"<p>Deerhunter Protector reflexn\u00e1 vesta je ur\u010den\u00e1 na spolo\u010dn\u00e9 po\u013eova\u010dky, aby zostala vidite\u013en\u00e1, zatia\u013e \u010do maskovac\u00ed vzor udr\u017eiava \u0161t\u00fdl lovca. Vyroben\u00e1 z polyesteru 100% s vodoodpudivou \u00fapravou v oran\u017eovej farbe.<\/p>","protected":false},"featured_media":7354,"comment_status":"open","ping_status":"closed","template":"","meta":[],"product_brand":[],"product_cat":[321],"product_tag":[314,675],"class_list":{"0":"post-7352","1":"product","2":"type-product","3":"status-publish","4":"has-post-thumbnail","6":"product_cat-mellenyek","7":"product_tag-deerhunter","8":"product_tag-protector","10":"first","11":"instock","12":"taxable","13":"shipping-taxable","14":"purchasable","15":"product-type-variable","16":"has-default-attributes"},"jetpack_sharing_enabled":true,"_links":{"self":[{"href":"https:\/\/bestoptika.eu\/sk\/wp-json\/wp\/v2\/product\/7352","targetHints":{"allow":["GET"]}}],"collection":[{"href":"https:\/\/bestoptika.eu\/sk\/wp-json\/wp\/v2\/product"}],"about":[{"href":"https:\/\/bestoptika.eu\/sk\/wp-json\/wp\/v2\/types\/product"}],"replies":[{"embeddable":true,"href":"https:\/\/bestoptika.eu\/sk\/wp-json\/wp\/v2\/comments?post=7352"}],"wp:featuredmedia":[{"embeddable":true,"href":"https:\/\/bestoptika.eu\/sk\/wp-json\/wp\/v2\/media\/7354"}],"wp:attachment":[{"href":"https:\/\/bestoptika.eu\/sk\/wp-json\/wp\/v2\/media?parent=7352"}],"wp:term":[{"taxonomy":"product_brand","embeddable":true,"href":"https:\/\/bestoptika.eu\/sk\/wp-json\/wp\/v2\/product_brand?post=7352"},{"taxonomy":"product_cat","embeddable":true,"href":"https:\/\/bestoptika.eu\/sk\/wp-json\/wp\/v2\/product_cat?post=7352"},{"taxonomy":"product_tag","embeddable":true,"href":"https:\/\/bestoptika.eu\/sk\/wp-json\/wp\/v2\/product_tag?post=7352"}],"curies":[{"name":"wp","href":"https:\/\/api.w.org\/{rel}","templated":true}]}}