{"id":7374,"date":"2026-01-06T16:51:51","date_gmt":"2026-01-06T15:51:51","guid":{"rendered":"https:\/\/bestoptika.eu\/?post_type=product&#038;p=7374"},"modified":"2026-01-06T16:51:51","modified_gmt":"2026-01-06T15:51:51","slug":"deerhunter-willow-waistcoat-parnazott-ferfi-melleny","status":"publish","type":"product","link":"https:\/\/bestoptika.eu\/sk\/product\/deerhunter-willow-waistcoat-parnazott-ferfi-melleny\/","title":{"rendered":"Deerhunter Willow Waistcoat p\u00e1nska vesta s polstrovan\u00edm"},"content":{"rendered":"<p>A <strong>Deerhunter Willow Waistcoat p\u00e1nska vesta s polstrovan\u00edm<\/strong> mimoriadne \u013eahk\u00e9 a pohodln\u00e9 na ka\u017edodenn\u00e9 nosenie. Hrejiv\u00fd z\u00e1\u017eitok v jesenn\u00fdch mesiacoch. Dizajn vesty je klasick\u00fd a jednoduch\u00fd. M\u00e1 dostato\u010dn\u00fd po\u010det vreciek na ulo\u017eenie potrebn\u00fdch dokladov. Na prednej strane je n\u00e1prsn\u00e9 vrecko a dve predn\u00e9 vreck\u00e1. Funk\u010dnos\u0165 vesty je vysok\u00e1 a nebr\u00e1ni nosite\u013eovi vo vo\u013enom pohybe. Je vhodn\u00e1 aj na be\u017en\u00e9 nosenie, na prech\u00e1dzky alebo tr\u00e1venie vo\u013en\u00e9ho \u010dasu s priate\u013emi.<\/p>\n<h2>Popis produktu<\/h2>\n<ul>\n<li><strong>Materi\u00e1l:<\/strong> 100% polyester \/ 95% polyester + 5% elastan<\/li>\n<li><strong>Farba:<\/strong> 92 - Realtree WAV3<\/li>\n<li><strong>Rozmery:<\/strong> S-3XL<\/li>\n<\/ul>\n<h2>Parametre produktu<\/h2>\n<ul>\n<li>Jednoduch\u00fd dizajn<\/li>\n<li>Polstrovan\u00fd predn\u00fd panel<\/li>\n<li>Funk\u010dnos\u0165<\/li>\n<li>Pohodln\u00e9 nosenie<\/li>\n<li>s 3 vreckami<\/li>\n<\/ul>","protected":false},"excerpt":{"rendered":"<p>Deerhunter Willow Waistcoat vesta je mimoriadne \u013eahk\u00e1, pohodln\u00e1, vyteplen\u00e1 p\u00e1nska vesta, ktor\u00e1 v\u00e1s na jese\u0148 udr\u017e\u00ed v teple bez toho, aby v\u00e1s obmedzovala v pohybe. Klasick\u00fd, \u010dist\u00fd strih s 3 vreckami, vzor Realtree WAV3, ve\u013ekosti S-3XL, zmes polyesteru a elastanu.<\/p>","protected":false},"featured_media":7376,"comment_status":"open","ping_status":"closed","template":"","meta":[],"product_brand":[],"product_cat":[321],"product_tag":[314,681],"class_list":{"0":"post-7374","1":"product","2":"type-product","3":"status-publish","4":"has-post-thumbnail","6":"product_cat-mellenyek","7":"product_tag-deerhunter","8":"product_tag-willow-waistcoat","10":"first","11":"instock","12":"taxable","13":"shipping-taxable","14":"purchasable","15":"product-type-variable","16":"has-default-attributes"},"jetpack_sharing_enabled":true,"_links":{"self":[{"href":"https:\/\/bestoptika.eu\/sk\/wp-json\/wp\/v2\/product\/7374","targetHints":{"allow":["GET"]}}],"collection":[{"href":"https:\/\/bestoptika.eu\/sk\/wp-json\/wp\/v2\/product"}],"about":[{"href":"https:\/\/bestoptika.eu\/sk\/wp-json\/wp\/v2\/types\/product"}],"replies":[{"embeddable":true,"href":"https:\/\/bestoptika.eu\/sk\/wp-json\/wp\/v2\/comments?post=7374"}],"wp:featuredmedia":[{"embeddable":true,"href":"https:\/\/bestoptika.eu\/sk\/wp-json\/wp\/v2\/media\/7376"}],"wp:attachment":[{"href":"https:\/\/bestoptika.eu\/sk\/wp-json\/wp\/v2\/media?parent=7374"}],"wp:term":[{"taxonomy":"product_brand","embeddable":true,"href":"https:\/\/bestoptika.eu\/sk\/wp-json\/wp\/v2\/product_brand?post=7374"},{"taxonomy":"product_cat","embeddable":true,"href":"https:\/\/bestoptika.eu\/sk\/wp-json\/wp\/v2\/product_cat?post=7374"},{"taxonomy":"product_tag","embeddable":true,"href":"https:\/\/bestoptika.eu\/sk\/wp-json\/wp\/v2\/product_tag?post=7374"}],"curies":[{"name":"wp","href":"https:\/\/api.w.org\/{rel}","templated":true}]}}