{"id":7391,"date":"2026-01-06T17:11:56","date_gmt":"2026-01-06T16:11:56","guid":{"rendered":"https:\/\/bestoptika.eu\/?post_type=product&#038;p=7391"},"modified":"2026-01-06T17:11:56","modified_gmt":"2026-01-06T16:11:56","slug":"deerhunter-moor-padded-waistcoat-belessel-timber-ferfi-melleny","status":"publish","type":"product","link":"https:\/\/bestoptika.eu\/sk\/product\/deerhunter-moor-padded-waistcoat-belessel-timber-ferfi-melleny\/","title":{"rendered":"Deerhunter Moor Padded Waistcoat vesta s pod\u0161\u00edvkou Timber p\u00e1nska vesta"},"content":{"rendered":"<p>A <strong>Deerhunter Moor Padded Waistcoat vesta s pod\u0161\u00edvkou Timber p\u00e1nska vesta<\/strong>, vysoko kvalitn\u00e1 zateplen\u00e1 vesta od zn\u00e1mej spolo\u010dnosti Deerhunter. M\u00f4\u017ee sa nosi\u0165 po cel\u00fd rok. Ak sa c\u00edtite nepohodlne s ruk\u00e1vmi, t\u00e1to vesta by mohla by\u0165 dobrou vo\u013ebou. Vesta je priedu\u0161n\u00e1, odoln\u00e1 vo\u010di vetru. Jej jedine\u010dn\u00e9 vrstvy s\u00fa vyroben\u00e9 z odoln\u00e9ho polyesteru 100%, ktor\u00fd je podlo\u017een\u00fd tromi vrstvami DEER-TEX\u00ae Temp. Vesta je vhodn\u00e1 na lov, ale aj na be\u017en\u00e9 nosenie s d\u017e\u00ednsami.<\/p>\n<h2>Popis produktu<\/h2>\n<ul>\n<li><strong>Rozmery:<\/strong> S-5XL<\/li>\n<li><strong>Farba:<\/strong> 393 - Drevo<\/li>\n<li><strong>Vonkaj\u0161\u00ed materi\u00e1l:<\/strong> 100% polyester<\/li>\n<li><strong>Kontrastn\u00fd materi\u00e1l:<\/strong> 100% polyester<\/li>\n<li><strong>Oblo\u017eenie:<\/strong> 100% polyester<\/li>\n<li><strong>Nalo\u017een\u00e9:<\/strong> 100% polyester, Deer-Tex\u00ae Temp 160 g\/m\u00b2<\/li>\n<li><strong>Odpor\u00fa\u010da sa pranie:<\/strong> nepou\u017e\u00edvajte aviv\u00e1\u017e, nesu\u0161te v bubnovej su\u0161i\u010dke, pranie podobn\u00fdch farieb, jemn\u00e9 pranie, max. 40 \u00b0C, bielenie nie je povolen\u00e9, su\u0161enie v bubnovej su\u0161i\u010dke nie je povolen\u00e9, \u017eehlenie nie je povolen\u00e9<\/li>\n<\/ul>\n<p><strong>V\u00fdpl\u0148 DEER-TEX\u00ae Temp<\/strong> - trojvrstvov\u00e1 v\u00fdpl\u0148 z vl\u00e1kien sp\u00e1jan\u00fdch pri n\u00edzkej teplote. Jej \u0161trukt\u00fara jej dod\u00e1va mimoriadnu m\u00e4kkos\u0165. V\u00fdpl\u0148 zhroma\u017e\u010fuje telesn\u00e9 teplo, zatia\u013e \u010do vonkaj\u0161\u00ed materi\u00e1l zabezpe\u010duje, \u017ee zhroma\u017eden\u00e9 teplo vytv\u00e1ra izol\u00e1ciu.<\/p>\n<h2>Parametre produktu<\/h2>\n<ul>\n<li>N\u00e1prsn\u00e9 vrecko so skryt\u00fdm zipsom<\/li>\n<li>2 predn\u00e9 vreck\u00e1 na pr\u00edslu\u0161enstvo<\/li>\n<li>Lep\u0161ie padnutie a pohodlie v\u010faka pletenine na ramen\u00e1ch<\/li>\n<li>Na\u010d\u00edtanie DEER-TEX\u00ae Temp<\/li>\n<\/ul>","protected":false},"excerpt":{"rendered":"<p>Deerhunter Moor Padded Waistcoat vesta s pod\u0161\u00edvkou Timber p\u00e1nska vesta je zateplen\u00e1, priedu\u0161n\u00e1 a vetruodoln\u00e1 p\u00e1nska vesta s v\u00fdpl\u0148ou DEER-TEX Temp, ktor\u00e1 je skvelou vo\u013ebou na celoro\u010dn\u00fd lov a ka\u017edodenn\u00e9 nosenie. S praktick\u00fdmi vreckami a pohodlnou pletenou vlo\u017ekou na ramene sa dod\u00e1va vo ve\u013ekostiach S-5XL z polyesteru 100%.<\/p>","protected":false},"featured_media":7400,"comment_status":"open","ping_status":"closed","template":"","meta":[],"product_brand":[],"product_cat":[321],"product_tag":[314,685],"class_list":{"0":"post-7391","1":"product","2":"type-product","3":"status-publish","4":"has-post-thumbnail","6":"product_cat-mellenyek","7":"product_tag-deerhunter","8":"product_tag-moor-padded-waistcoat","10":"first","11":"instock","12":"taxable","13":"shipping-taxable","14":"purchasable","15":"product-type-variable","16":"has-default-attributes"},"jetpack_sharing_enabled":true,"_links":{"self":[{"href":"https:\/\/bestoptika.eu\/sk\/wp-json\/wp\/v2\/product\/7391","targetHints":{"allow":["GET"]}}],"collection":[{"href":"https:\/\/bestoptika.eu\/sk\/wp-json\/wp\/v2\/product"}],"about":[{"href":"https:\/\/bestoptika.eu\/sk\/wp-json\/wp\/v2\/types\/product"}],"replies":[{"embeddable":true,"href":"https:\/\/bestoptika.eu\/sk\/wp-json\/wp\/v2\/comments?post=7391"}],"wp:featuredmedia":[{"embeddable":true,"href":"https:\/\/bestoptika.eu\/sk\/wp-json\/wp\/v2\/media\/7400"}],"wp:attachment":[{"href":"https:\/\/bestoptika.eu\/sk\/wp-json\/wp\/v2\/media?parent=7391"}],"wp:term":[{"taxonomy":"product_brand","embeddable":true,"href":"https:\/\/bestoptika.eu\/sk\/wp-json\/wp\/v2\/product_brand?post=7391"},{"taxonomy":"product_cat","embeddable":true,"href":"https:\/\/bestoptika.eu\/sk\/wp-json\/wp\/v2\/product_cat?post=7391"},{"taxonomy":"product_tag","embeddable":true,"href":"https:\/\/bestoptika.eu\/sk\/wp-json\/wp\/v2\/product_tag?post=7391"}],"curies":[{"name":"wp","href":"https:\/\/api.w.org\/{rel}","templated":true}]}}