{"id":7412,"date":"2026-01-06T17:33:46","date_gmt":"2026-01-06T16:33:46","guid":{"rendered":"https:\/\/bestoptika.eu\/?post_type=product&#038;p=7412"},"modified":"2026-01-06T17:33:46","modified_gmt":"2026-01-06T16:33:46","slug":"deerhunter-strike-fallen-leaf-ferfi-melleny","status":"publish","type":"product","link":"https:\/\/bestoptika.eu\/sk\/product\/deerhunter-strike-fallen-leaf-ferfi-melleny\/","title":{"rendered":"Deerhunter Strike Fallen Leaf p\u00e1nska vesta"},"content":{"rendered":"<p>A <strong>Deerhunter Strike Fallen Leaf p\u00e1nska vesta<\/strong> ide\u00e1lny doplnok pre ka\u017ed\u00e9ho v\u00e1\u0161niv\u00e9ho po\u013eovn\u00edka, ktor\u00fd h\u013ead\u00e1 kvalitn\u00fd, odoln\u00fd a pohodln\u00fd po\u013eovn\u00edcky doplnok. Vyroben\u00e9 z vysokokvalitn\u00fdch materi\u00e1lov - polyester 65% \/ bavlna 35%, ktor\u00e9 poskytuj\u00fa vo\u013enos\u0165 pohybu a spo\u013eahlivos\u0165 potrebn\u00fa aj v t\u00fdch najn\u00e1ro\u010dnej\u0161\u00edch podmienkach. Vesta sa uzatv\u00e1ra pomocou dvojcestn\u00e9ho zipsu YKK. Povrch vesty je tefl\u00f3nov\u00fd odoln\u00fd vo\u010di vode a ne\u010distot\u00e1m. Vesta m\u00e1 tie\u017e certifik\u00e1t OEKO-TEX, \u010do znamen\u00e1, \u017ee bola vyroben\u00e1 ekologicky a bez pou\u017eitia chemik\u00e1li\u00ed.<\/p>\n<h2>Popis produktu<\/h2>\n<ul>\n<li><strong>Farba:<\/strong> 381 - Spadnut\u00fd list<\/li>\n<li><strong>Vonkaj\u0161\u00ed materi\u00e1l:<\/strong> 65% polyester \/ 35% bavlna<\/li>\n<li><strong>Kontrastn\u00fd materi\u00e1l:<\/strong> 57% polyamid \/ 33% polyester \/ 10% elastan<\/li>\n<li><strong>Zips:<\/strong> obojsmern\u00fd, YKK<\/li>\n<li><strong>Ochrana:<\/strong> Tefl\u00f3nov\u00fd povrch<\/li>\n<li><strong>Odpor\u00fa\u010da sa pranie:<\/strong> nepou\u017e\u00edvajte zm\u00e4k\u010dova\u010d, perte naruby, oddelene, jemn\u00e9 pranie pri max. 40 \u00b0C, bielenie nie je povolen\u00e9, su\u0161enie v bubnovej su\u0161i\u010dke nie je povolen\u00e9, \u017eehlenie pri max. 110 \u00b0C<\/li>\n<\/ul>\n<h2>Parametre produktu<\/h2>\n<ul>\n<li>Vynikaj\u00faci stre\u010dov\u00fd materi\u00e1l<\/li>\n<li>Odolnos\u0165 vo\u010di vode a ne\u010distot\u00e1m<\/li>\n<li>Certifik\u00e1cia OEKO-TEX<\/li>\n<\/ul>","protected":false},"excerpt":{"rendered":"<p>Deerhunter Strike Fallen Leaf p\u00e1nska vesta je odoln\u00e1, pohodln\u00e1 po\u013eovn\u00edcka vesta s kon\u0161trukciou z elastickej tkaniny a dvojcestn\u00fdm zipsom YKK, ktor\u00fd ju rob\u00ed praktickou aj na cest\u00e1ch. Tefl\u00f3nov\u00e1 povrchov\u00e1 \u00faprava, ktor\u00e1 pom\u00e1ha chr\u00e1ni\u0165 pred vodou a ne\u010distotami, certifik\u00e1t OEKO-TEX vo farbe Fallen Leaf.<\/p>","protected":false},"featured_media":7418,"comment_status":"open","ping_status":"closed","template":"","meta":[],"product_brand":[],"product_cat":[321],"product_tag":[314,689],"class_list":{"0":"post-7412","1":"product","2":"type-product","3":"status-publish","4":"has-post-thumbnail","6":"product_cat-mellenyek","7":"product_tag-deerhunter","8":"product_tag-strike","10":"first","11":"instock","12":"taxable","13":"shipping-taxable","14":"purchasable","15":"product-type-variable","16":"has-default-attributes"},"jetpack_sharing_enabled":true,"_links":{"self":[{"href":"https:\/\/bestoptika.eu\/sk\/wp-json\/wp\/v2\/product\/7412","targetHints":{"allow":["GET"]}}],"collection":[{"href":"https:\/\/bestoptika.eu\/sk\/wp-json\/wp\/v2\/product"}],"about":[{"href":"https:\/\/bestoptika.eu\/sk\/wp-json\/wp\/v2\/types\/product"}],"replies":[{"embeddable":true,"href":"https:\/\/bestoptika.eu\/sk\/wp-json\/wp\/v2\/comments?post=7412"}],"wp:featuredmedia":[{"embeddable":true,"href":"https:\/\/bestoptika.eu\/sk\/wp-json\/wp\/v2\/media\/7418"}],"wp:attachment":[{"href":"https:\/\/bestoptika.eu\/sk\/wp-json\/wp\/v2\/media?parent=7412"}],"wp:term":[{"taxonomy":"product_brand","embeddable":true,"href":"https:\/\/bestoptika.eu\/sk\/wp-json\/wp\/v2\/product_brand?post=7412"},{"taxonomy":"product_cat","embeddable":true,"href":"https:\/\/bestoptika.eu\/sk\/wp-json\/wp\/v2\/product_cat?post=7412"},{"taxonomy":"product_tag","embeddable":true,"href":"https:\/\/bestoptika.eu\/sk\/wp-json\/wp\/v2\/product_tag?post=7412"}],"curies":[{"name":"wp","href":"https:\/\/api.w.org\/{rel}","templated":true}]}}