{"id":7438,"date":"2026-01-06T17:58:32","date_gmt":"2026-01-06T16:58:32","guid":{"rendered":"https:\/\/bestoptika.eu\/?post_type=product&#038;p=7438"},"modified":"2026-01-06T17:58:32","modified_gmt":"2026-01-06T16:58:32","slug":"deerhunter-lady-josephine-noi-melleny","status":"publish","type":"product","link":"https:\/\/bestoptika.eu\/sk\/product\/deerhunter-lady-josephine-noi-melleny\/","title":{"rendered":"Deerhunter Lady Josephine d\u00e1mska vesta"},"content":{"rendered":"<p>A <strong>Deerhunter Lady Josephine d\u00e1mska vesta<\/strong> m\u00e4kk\u00e1 fleecov\u00e1 vesta je z\u00e1kladn\u00fdm k\u00faskom d\u00e1mskeho po\u013eovn\u00edckeho \u0161atn\u00edka. D\u00e1mska vesta Deerhunter Lady Josephine je ide\u00e1lna ako stredn\u00e1 vrstva pod bundu alebo cez sveter. Ochr\u00e1ni v\u00e1s pred nepr\u00edjemn\u00fdm vetrom po\u010das letn\u00fdch dn\u00ed. Semi\u0161ov\u00e9 detaily jej dod\u00e1vaj\u00fa elegantn\u00fd vzh\u013ead.<\/p>\n<h2>Popis produktu<\/h2>\n<ul>\n<li><strong>Farba:<\/strong> 371 - Grafitovo zelen\u00e1 melan\u017e<\/li>\n<li><strong>Materi\u00e1l:<\/strong> 100% polyester<\/li>\n<li><strong>Odpor\u00fa\u010da sa pranie:<\/strong> 30\u02daC, nie je mo\u017en\u00e9 bieli\u0165, nie je mo\u017en\u00e9 su\u0161i\u0165, nie je mo\u017en\u00e9 \u017eehli\u0165<\/li>\n<li><strong>Starostlivos\u0165:<\/strong> umyt\u00e9 podobn\u00fdmi farbami<\/li>\n<\/ul>\n<h2>Parametre produktu<\/h2>\n<ul>\n<li>M\u00e4kk\u00e1 vlna<\/li>\n<li>Elastick\u00fd lem v spodnej \u010dasti vesty<\/li>\n<li>Dve diskr\u00e9tne predn\u00e9 vreck\u00e1<\/li>\n<li>Dve vn\u00fatorn\u00e9 vreck\u00e1<\/li>\n<\/ul>","protected":false},"excerpt":{"rendered":"<p>Deerhunter Lady Josephine d\u00e1mska vesta je m\u00e4kk\u00e1 pol\u00e1rna vesta, ide\u00e1lna ako stredn\u00e1 vrstva pod bundu alebo cez sveter, ktor\u00e1 poskytuje pohodln\u00fa ochranu vo veternom po\u010das\u00ed. M\u00e1 elegantn\u00e9 semi\u0161ov\u00e9 detaily, elastick\u00fd spodn\u00fd lem, dve vonkaj\u0161ie a dve vn\u00fatorn\u00e9 vreck\u00e1 a je k dispoz\u00edcii vo farbe Graphite Green Melange.<\/p>","protected":false},"featured_media":7443,"comment_status":"open","ping_status":"closed","template":"","meta":[],"product_brand":[],"product_cat":[321],"product_tag":[314,567],"class_list":{"0":"post-7438","1":"product","2":"type-product","3":"status-publish","4":"has-post-thumbnail","6":"product_cat-mellenyek","7":"product_tag-deerhunter","8":"product_tag-lady-josephine","10":"first","11":"instock","12":"taxable","13":"shipping-taxable","14":"purchasable","15":"product-type-variable","16":"has-default-attributes"},"jetpack_sharing_enabled":true,"_links":{"self":[{"href":"https:\/\/bestoptika.eu\/sk\/wp-json\/wp\/v2\/product\/7438","targetHints":{"allow":["GET"]}}],"collection":[{"href":"https:\/\/bestoptika.eu\/sk\/wp-json\/wp\/v2\/product"}],"about":[{"href":"https:\/\/bestoptika.eu\/sk\/wp-json\/wp\/v2\/types\/product"}],"replies":[{"embeddable":true,"href":"https:\/\/bestoptika.eu\/sk\/wp-json\/wp\/v2\/comments?post=7438"}],"wp:featuredmedia":[{"embeddable":true,"href":"https:\/\/bestoptika.eu\/sk\/wp-json\/wp\/v2\/media\/7443"}],"wp:attachment":[{"href":"https:\/\/bestoptika.eu\/sk\/wp-json\/wp\/v2\/media?parent=7438"}],"wp:term":[{"taxonomy":"product_brand","embeddable":true,"href":"https:\/\/bestoptika.eu\/sk\/wp-json\/wp\/v2\/product_brand?post=7438"},{"taxonomy":"product_cat","embeddable":true,"href":"https:\/\/bestoptika.eu\/sk\/wp-json\/wp\/v2\/product_cat?post=7438"},{"taxonomy":"product_tag","embeddable":true,"href":"https:\/\/bestoptika.eu\/sk\/wp-json\/wp\/v2\/product_tag?post=7438"}],"curies":[{"name":"wp","href":"https:\/\/api.w.org\/{rel}","templated":true}]}}