{"id":7455,"date":"2026-01-06T18:52:43","date_gmt":"2026-01-06T17:52:43","guid":{"rendered":"https:\/\/bestoptika.eu\/?post_type=product&#038;p=7455"},"modified":"2026-01-06T18:52:43","modified_gmt":"2026-01-06T17:52:43","slug":"deerhunter-lady-chasse-trousers-olive-night-melange-noi-nadrag","status":"publish","type":"product","link":"https:\/\/bestoptika.eu\/sk\/product\/deerhunter-lady-chasse-trousers-olive-night-melange-noi-nadrag\/","title":{"rendered":"Deerhunter Lady Chasse Trousers Olive Night d\u00e1mske nohavice"},"content":{"rendered":"<p>A <strong>Deerhunter Lady Chasse Trousers Olive Night d\u00e1mske nohavice<\/strong> predstavuj\u00fa kvalitn\u00e9 nohavice pre skuto\u010dn\u00e9ho po\u013eovn\u00edka, ktor\u00e9ho nezastav\u00ed ani sneh, nepr\u00edjemn\u00fd d\u00e1\u017e\u010f alebo nepr\u00edjemn\u00fd vietor. Maj\u00fa predtvarovan\u00e9 kolen\u00e1, ktor\u00e9 v\u00e1m v\u017edy poskytn\u00fa najv\u00e4\u010d\u0161iu vo\u013enos\u0165 pohybu. Elastick\u00fd p\u00e1s poskytuje pohodlie a ochranu v oblasti p\u00e1sa. Nohavice maj\u00fa dostato\u010dn\u00fd po\u010det vreciek, tak\u017ee budete ma\u0165 pri sebe v\u0161etko potrebn\u00e9. Elegantn\u00fd strih t\u00fdchto nohav\u00edc dokonale dop\u013a\u0148a mo\u017enos\u0165 regul\u00e1cie \u010dlenku pomocou p\u00e1sika a such\u00e9ho zipsu. S kvalitn\u00fdmi nohavicami Deerhunter Chasse za\u017eijete len tie najlep\u0161ie dobrodru\u017estv\u00e1.<\/p>\n<h2>Popis produktu<\/h2>\n<ul>\n<li><strong>Farba:<\/strong> 365 - Olive Night Melange<\/li>\n<li><strong>Rozmery:<\/strong> 36-46<\/li>\n<li><strong>Vonkaj\u0161\u00ed materi\u00e1l:<\/strong> 100% polyester<\/li>\n<li><strong>Kontrastn\u00fd materi\u00e1l:<\/strong> 100% polyester<\/li>\n<li><strong>Oblo\u017eenie:<\/strong> 100% polyester<\/li>\n<li><strong>Odpor\u00fa\u010da sa pranie:<\/strong> nepou\u017e\u00edvajte aviv\u00e1\u017e, perte naruby, perte s podobn\u00fdmi farbami<\/li>\n<li><strong>Odolnos\u0165 vo\u010di vode:<\/strong> 100%<\/li>\n<li><strong>Lepen\u00e9 \u0161vy:<\/strong> \u00e1no<\/li>\n<li><strong>Membr\u00e1na:<\/strong> DEER-TEX<\/li>\n<\/ul>\n<p><strong>Membr\u00e1na DEER-TEX<\/strong> - ide o vrstven\u00fd vonkaj\u0161\u00ed materi\u00e1l, ktor\u00fd je v ka\u017edom \u0161ve lepen\u00fd. 100% v nepremokavom vyhotoven\u00ed. Je to extr\u00e9mne \u013eahk\u00e1 membr\u00e1na, ktor\u00e1 sa pou\u017e\u00edva v technickej\u0161\u00edch v\u00fdrobkoch Deerhunter, ako je napr\u00edklad rad Chasse.<\/p>\n<h2>Parametre produktu<\/h2>\n<ul>\n<li>Elastick\u00fd p\u00e1s<\/li>\n<li>Koleno v tvare dopredu<\/li>\n<li>Nastavite\u013en\u00fd \u010dlenok s popruhom a such\u00fdm zipsom<\/li>\n<li>Dve predn\u00e9 vreck\u00e1<\/li>\n<li>Dve stehenn\u00e9 vreck\u00e1 so skryt\u00fdm zipsom<\/li>\n<li>Skryt\u00e9 vrecko na n\u00f4\u017e<\/li>\n<li>Zadn\u00e9 vrecko so skryt\u00fdm zipsom<\/li>\n<li>Otvoren\u00e9 pre registr\u00e1ciu<\/li>\n<li>Odpudzovanie vody<\/li>\n<li>Windward<\/li>\n<\/ul>","protected":false},"excerpt":{"rendered":"<p>Deerhunter Lady Chasse Trousers Olive Night d\u00e1mske nohavice s\u00fa vyroben\u00e9 s membr\u00e1nou DEER-TEX a podlepen\u00fdmi \u0161vami, v\u010faka \u010domu s\u00fa 100% nepremokav\u00e9 a vetruvzdorn\u00e9, spo\u013eahliv\u00e9 v da\u017edi a snehu. S\u00fa vybaven\u00e9 predtvarovan\u00fdmi kolenami, elastick\u00fdm p\u00e1som a nastavite\u013en\u00fdm \u010dlenkom pre vo\u013enos\u0165 pohybu, s nieko\u013ek\u00fdmi praktick\u00fdmi skryt\u00fdmi vreckami na zips, vo ve\u013ekostiach 36-46.<\/p>","protected":false},"featured_media":7462,"comment_status":"open","ping_status":"closed","template":"","meta":[],"product_brand":[],"product_cat":[322],"product_tag":[314,699],"class_list":{"0":"post-7455","1":"product","2":"type-product","3":"status-publish","4":"has-post-thumbnail","6":"product_cat-nadragok","7":"product_tag-deerhunter","8":"product_tag-lady-chasse-trousers","10":"first","11":"instock","12":"taxable","13":"shipping-taxable","14":"purchasable","15":"product-type-variable","16":"has-default-attributes"},"jetpack_sharing_enabled":true,"_links":{"self":[{"href":"https:\/\/bestoptika.eu\/sk\/wp-json\/wp\/v2\/product\/7455","targetHints":{"allow":["GET"]}}],"collection":[{"href":"https:\/\/bestoptika.eu\/sk\/wp-json\/wp\/v2\/product"}],"about":[{"href":"https:\/\/bestoptika.eu\/sk\/wp-json\/wp\/v2\/types\/product"}],"replies":[{"embeddable":true,"href":"https:\/\/bestoptika.eu\/sk\/wp-json\/wp\/v2\/comments?post=7455"}],"wp:featuredmedia":[{"embeddable":true,"href":"https:\/\/bestoptika.eu\/sk\/wp-json\/wp\/v2\/media\/7462"}],"wp:attachment":[{"href":"https:\/\/bestoptika.eu\/sk\/wp-json\/wp\/v2\/media?parent=7455"}],"wp:term":[{"taxonomy":"product_brand","embeddable":true,"href":"https:\/\/bestoptika.eu\/sk\/wp-json\/wp\/v2\/product_brand?post=7455"},{"taxonomy":"product_cat","embeddable":true,"href":"https:\/\/bestoptika.eu\/sk\/wp-json\/wp\/v2\/product_cat?post=7455"},{"taxonomy":"product_tag","embeddable":true,"href":"https:\/\/bestoptika.eu\/sk\/wp-json\/wp\/v2\/product_tag?post=7455"}],"curies":[{"name":"wp","href":"https:\/\/api.w.org\/{rel}","templated":true}]}}