{"id":7502,"date":"2026-01-06T19:21:44","date_gmt":"2026-01-06T18:21:44","guid":{"rendered":"https:\/\/bestoptika.eu\/?post_type=product&#038;p=7502"},"modified":"2026-01-06T19:21:44","modified_gmt":"2026-01-06T18:21:44","slug":"deerhunter-lady-roja-noi-vadasznadrag","status":"publish","type":"product","link":"https:\/\/bestoptika.eu\/sk\/product\/deerhunter-lady-roja-noi-vadasznadrag\/","title":{"rendered":"Deerhunter Lady Roja d\u00e1mske loveck\u00e9 nohavice"},"content":{"rendered":"<p>A <strong>Deerhunter Lady Roja d\u00e1mske loveck\u00e9 nohavice<\/strong>, v jarn\u00fdch a letn\u00fdch d\u0148och v n\u00e1ro\u010dnom ter\u00e9ne pr\u00edrody, nohavice poskytuj\u00fa skvel\u00fa pohyblivos\u0165 a nesklam\u00fa. V\u010faka elastick\u00e9mu p\u00e1su, predtvarovan\u00fdm kolen\u00e1m a v\u00fdstuh\u00e1m v spodnej \u010dasti nohav\u00edc v\u00e1m tieto nohavice umo\u017enia za\u017ei\u0165 tie najlep\u0161ie loveck\u00e9 a outdoorov\u00e9 dobrodru\u017estv\u00e1. Predn\u00e9 vreck\u00e1, stehenn\u00e9 vreck\u00e1 a zadn\u00e9 vrecko so skryt\u00fdmi zipsami nes\u00fa v\u0161etko, \u010do potrebujete.<\/p>\n<div>\n<h2>Popis produktu<\/h2>\n<\/div>\n<ul>\n<li><strong>Rozmery:<\/strong> 36 - 48<\/li>\n<li><strong>Farba:<\/strong> hnedo-\u010dierna<\/li>\n<li><strong>Vonkaj\u0161\u00ed materi\u00e1l:<\/strong> 65% polyester \/ 35% bavlna<\/li>\n<li><strong>Kontrastn\u00e9 m\u00e9dium:<\/strong> 57% polyamid \/ 33% polyester \/ 10% elastan<\/li>\n<li><strong>Potvrdenie:<\/strong> 100% polyester<\/li>\n<\/ul>\n<h2>Parametre produktu<\/h2>\n<ul>\n<li>Pru\u017enos\u0165 v p\u00e1se<\/li>\n<li>Dve predn\u00e9 vreck\u00e1<\/li>\n<li>Dve stehenn\u00e9 vreck\u00e1 so skryt\u00fdm zipsom<\/li>\n<li>Vrecko na n\u00f4\u017e v \u013eavom stehennom vrecku<\/li>\n<li>Zadn\u00e9 vrecko so skryt\u00fdm zipsom<\/li>\n<li>Kolen\u00e1 v prednom tvare<\/li>\n<li>Roz\u0161\u00edrite\u013en\u00e9 \u010dasti tkaniny pre lep\u0161ie prisp\u00f4sobenie a pohyblivos\u0165<\/li>\n<li>Posilnenie spodnej \u010dasti n\u00f4h<\/li>\n<li>Nastavite\u013en\u00e9 popruhy na \u010dlenok so such\u00fdm zipsom<\/li>\n<\/ul>","protected":false},"excerpt":{"rendered":"<p>Deerhunter Lady Roja d\u00e1mske loveck\u00e9 nohavice s\u00fa ur\u010den\u00e9 na jar a leto, maj\u00fa elastick\u00fd p\u00e1s a predtvarovan\u00e9 kolen\u00e1, ktor\u00e9 v\u00e1m poskytn\u00fa vo\u013enos\u0165 pohybu v nerovnom ter\u00e9ne. So zosilnen\u00fdmi koncami nohav\u00edc, nastavite\u013en\u00fdm p\u00e1sikom na \u010dlenku a viacer\u00fdmi skryt\u00fdmi vreckami na zips s\u00fa praktickou vo\u013ebou na turistiku a lov vo ve\u013ekostiach 36-48.<\/p>","protected":false},"featured_media":7505,"comment_status":"open","ping_status":"closed","template":"","meta":[],"product_brand":[],"product_cat":[322],"product_tag":[314,701],"class_list":{"0":"post-7502","1":"product","2":"type-product","3":"status-publish","4":"has-post-thumbnail","6":"product_cat-nadragok","7":"product_tag-deerhunter","8":"product_tag-lady-roja","10":"first","11":"instock","12":"taxable","13":"shipping-taxable","14":"purchasable","15":"product-type-variable","16":"has-default-attributes"},"jetpack_sharing_enabled":true,"_links":{"self":[{"href":"https:\/\/bestoptika.eu\/sk\/wp-json\/wp\/v2\/product\/7502","targetHints":{"allow":["GET"]}}],"collection":[{"href":"https:\/\/bestoptika.eu\/sk\/wp-json\/wp\/v2\/product"}],"about":[{"href":"https:\/\/bestoptika.eu\/sk\/wp-json\/wp\/v2\/types\/product"}],"replies":[{"embeddable":true,"href":"https:\/\/bestoptika.eu\/sk\/wp-json\/wp\/v2\/comments?post=7502"}],"wp:featuredmedia":[{"embeddable":true,"href":"https:\/\/bestoptika.eu\/sk\/wp-json\/wp\/v2\/media\/7505"}],"wp:attachment":[{"href":"https:\/\/bestoptika.eu\/sk\/wp-json\/wp\/v2\/media?parent=7502"}],"wp:term":[{"taxonomy":"product_brand","embeddable":true,"href":"https:\/\/bestoptika.eu\/sk\/wp-json\/wp\/v2\/product_brand?post=7502"},{"taxonomy":"product_cat","embeddable":true,"href":"https:\/\/bestoptika.eu\/sk\/wp-json\/wp\/v2\/product_cat?post=7502"},{"taxonomy":"product_tag","embeddable":true,"href":"https:\/\/bestoptika.eu\/sk\/wp-json\/wp\/v2\/product_tag?post=7502"}],"curies":[{"name":"wp","href":"https:\/\/api.w.org\/{rel}","templated":true}]}}