{"id":7540,"date":"2026-01-07T15:23:15","date_gmt":"2026-01-07T14:23:15","guid":{"rendered":"https:\/\/bestoptika.eu\/?post_type=product&#038;p=7540"},"modified":"2026-01-07T15:23:15","modified_gmt":"2026-01-07T14:23:15","slug":"deerhunter-lady-ann-noi-nadrag","status":"publish","type":"product","link":"https:\/\/bestoptika.eu\/sk\/product\/deerhunter-lady-ann-noi-nadrag\/","title":{"rendered":"Deerhunter Lady Ann d\u00e1mske nohavice"},"content":{"rendered":"<p>D\u00e1mske nohavice Lady Ann zna\u010dky Deerhunter maj\u00fa tefl\u00f3nov\u00fd povrch, ktor\u00fd zabezpe\u010duje r\u00fdchlej\u0161ie schnutie odevu. Ve\u013emi ob\u013e\u00faben\u00e9 nohavice na lov, \u0161port, outdoor alebo turistiku. Nohavice s\u00fa vhodn\u00e9 od jari do leta. Dokonal\u00fa kvalitu materi\u00e1lu ocen\u00edte najm\u00e4 pri dlh\u00fdch t\u00farach.<\/p>\n<h2>Popis produktu<\/h2>\n<ul>\n<li><strong>Ve\u013ekos\u0165:<\/strong> 36-48<\/li>\n<li><strong>Farba:<\/strong> 388 - Tmavozelen\u00e1<\/li>\n<li><strong>Vonkaj\u0161ie zlo\u017eenie:<\/strong> 65% polyester 35% bavlna<\/li>\n<li><strong>Kontrast:<\/strong> 57% polyamid 33% polyester 10% elastan<\/li>\n<li><strong>Povrchov\u00e1 \u00faprava:<\/strong> odpudzuje vodu<\/li>\n<\/ul>\n<h2>Parametre produktu<\/h2>\n<ul>\n<li>Elastick\u00fd p\u00e1s pre pohodln\u00e9 obliekanie<\/li>\n<li>Dve predn\u00e9 vreck\u00e1<\/li>\n<li>Flexibiln\u00e9 oblasti pre v\u00e4\u010d\u0161iu vo\u013enos\u0165 pohybu<\/li>\n<\/ul>","protected":false},"excerpt":{"rendered":"<p>D\u00e1mske nohavice Deerhunter Lady Ann s\u00fa vyroben\u00e9 s tefl\u00f3novou \u00fapravou, v\u010faka ktorej odpudzuj\u00fa vodu a r\u00fdchlej\u0161ie schn\u00fa, \u010do je ide\u00e1lne na lov a turistiku od jari do leta. V\u010faka elastick\u00e9mu p\u00e1su, dvom predn\u00fdm vreck\u00e1m a elastick\u00fdm vsadk\u00e1m poskytuj\u00fa pohodlie pri dlh\u0161\u00edch jazd\u00e1ch v tmavozelenej farbe, ve\u013ekosti 36-48.<\/p>","protected":false},"featured_media":7547,"comment_status":"open","ping_status":"closed","template":"","meta":[],"product_brand":[],"product_cat":[322],"product_tag":[314,705],"class_list":{"0":"post-7540","1":"product","2":"type-product","3":"status-publish","4":"has-post-thumbnail","6":"product_cat-nadragok","7":"product_tag-deerhunter","8":"product_tag-lady-ann","10":"first","11":"instock","12":"taxable","13":"shipping-taxable","14":"purchasable","15":"product-type-variable","16":"has-default-attributes"},"jetpack_sharing_enabled":true,"_links":{"self":[{"href":"https:\/\/bestoptika.eu\/sk\/wp-json\/wp\/v2\/product\/7540","targetHints":{"allow":["GET"]}}],"collection":[{"href":"https:\/\/bestoptika.eu\/sk\/wp-json\/wp\/v2\/product"}],"about":[{"href":"https:\/\/bestoptika.eu\/sk\/wp-json\/wp\/v2\/types\/product"}],"replies":[{"embeddable":true,"href":"https:\/\/bestoptika.eu\/sk\/wp-json\/wp\/v2\/comments?post=7540"}],"wp:featuredmedia":[{"embeddable":true,"href":"https:\/\/bestoptika.eu\/sk\/wp-json\/wp\/v2\/media\/7547"}],"wp:attachment":[{"href":"https:\/\/bestoptika.eu\/sk\/wp-json\/wp\/v2\/media?parent=7540"}],"wp:term":[{"taxonomy":"product_brand","embeddable":true,"href":"https:\/\/bestoptika.eu\/sk\/wp-json\/wp\/v2\/product_brand?post=7540"},{"taxonomy":"product_cat","embeddable":true,"href":"https:\/\/bestoptika.eu\/sk\/wp-json\/wp\/v2\/product_cat?post=7540"},{"taxonomy":"product_tag","embeddable":true,"href":"https:\/\/bestoptika.eu\/sk\/wp-json\/wp\/v2\/product_tag?post=7540"}],"curies":[{"name":"wp","href":"https:\/\/api.w.org\/{rel}","templated":true}]}}