{"id":7608,"date":"2026-01-11T12:50:02","date_gmt":"2026-01-11T11:50:02","guid":{"rendered":"https:\/\/bestoptika.eu\/?post_type=product&#038;p=7608"},"modified":"2026-04-27T15:16:31","modified_gmt":"2026-04-27T13:16:31","slug":"hikmicro-gryphon-gq50l-hokamera-es-ejjellato-tavolsagmerovel","status":"publish","type":"product","link":"https:\/\/bestoptika.eu\/sk\/product\/hikmicro-gryphon-gq50l-hokamera-es-ejjellato-tavolsagmerovel\/","title":{"rendered":"Hikmicro GRYPHON GQ50L termov\u00edzny monokul\u00e1r a no\u010dn\u00e9 videnie s dia\u013ekomerom"},"content":{"rendered":"<p><strong>Hikmicro GRYPHON GQ50L termov\u00edzny monokul\u00e1r<\/strong><strong data-start=\"51\" data-end=\"128\">s laserov\u00fdm dia\u013ekomerom na 600 m!<\/strong><\/p>\n<p data-start=\"130\" data-end=\"603\">Revolu\u010dn\u00e9 <strong data-start=\"141\" data-end=\"207\">termov\u00edzny monokul\u00e1r + no\u010dn\u00e9 videnie + 600 m laserov\u00fd dia\u013ekomer<\/strong> v jednom zariaden\u00ed - to je <strong data-start=\"231\" data-end=\"251\">Hikmicro Gryphon<\/strong>. A <strong data-start=\"255\" data-end=\"264\">GQ50L<\/strong> (HM-TS23-50QG\/WLV-GQ50L) m\u00e1 vysokokvalitn\u00fd senzor, <strong data-start=\"338\" data-end=\"372\">Rozl\u00ed\u0161enie 640 \u00d7 512 pixelov<\/strong>, <strong data-start=\"374\" data-end=\"383\">12 \u00b5m<\/strong>, <strong data-start=\"385\" data-end=\"392\">VOx<\/strong> technol\u00f3gie a <strong data-start=\"418\" data-end=\"437\">s displejom OLED<\/strong>, ktor\u00e9ho rozl\u00ed\u0161enie je <strong data-start=\"458\" data-end=\"478\">1024 \u00d7 768 pixelov<\/strong>. Model <strong data-start=\"489\" data-end=\"535\">S objekt\u00edvom termokamery s ohniskovou vzdialenos\u0165ou 50 mm<\/strong> a <strong data-start=\"539\" data-end=\"586\">S 22 mm ohniskovou vzdialenos\u0165ou objekt\u00edvu no\u010dn\u00e9ho videnia<\/strong> je vybaven\u00fd.<\/p>\n<p data-start=\"605\" data-end=\"1065\">Zariadenie Gryphon fusion podporuje <strong data-start=\"643\" data-end=\"655\">hor\u00face miesto<\/strong> funkcia <strong data-start=\"713\" data-end=\"738\">proporcion\u00e1lny dia\u013ekomer<\/strong>, ako aj <strong data-start=\"751\" data-end=\"760\">Wi-Fi<\/strong> Kontakt. A <strong data-start=\"776\" data-end=\"784\">GQ50<\/strong> je najvy\u0161\u0161\u00ed model zna\u010dky Hikmicro a <strong data-start=\"825\" data-end=\"859\">detek\u010dn\u00e1 vzdialenos\u0165 2600 m<\/strong> v\u00e1m tie\u017e umo\u017e\u0148uje, <strong data-start=\"878\" data-end=\"920\">v\u00fddr\u017e bat\u00e9rie a\u017e 4,5 hodiny<\/strong>! Vo vysokom rozl\u00ed\u0161en\u00ed, <strong data-start=\"941\" data-end=\"962\">640 \u00d7 512 pixelov<\/strong>, <strong data-start=\"964\" data-end=\"980\">12 \u00b5m VOx<\/strong> Sn\u00edma\u010d zaru\u010duje, \u017ee obraz zostane ostr\u00fd (bez \u201ekv\u00e1drov\u201d) aj pri zv\u00e4\u010d\u0161en\u00ed.<\/p>\n<p data-start=\"1067\" data-end=\"1139\">A <strong data-start=\"1069\" data-end=\"1086\">Gryphon GQ50L<\/strong> je vybaven\u00fd najnov\u0161\u00edmi technikami spracovania obrazu:<\/p>\n<p data-start=\"1067\" data-end=\"1139\"><strong data-start=\"1141\" data-end=\"1204\">Automatick\u00e9 riadenie zosilnenia (AGC: Auto Gain Control):<\/strong><br data-start=\"1204\" data-end=\"1207\" \/>Technol\u00f3gia AGC automaticky upravuje dynamick\u00fd rozsah obrazu. Termokamery Hikvision maj\u00fa jedine\u010dn\u00fa <strong data-start=\"1319\" data-end=\"1334\">adapt\u00edvne AGC<\/strong> ktor\u00e1 je ove\u013ea pokro\u010dilej\u0161ia ako tradi\u010dn\u00e1 line\u00e1rna AGC pou\u017e\u00edvan\u00e1 v termokamer\u00e1ch in\u00fdch v\u00fdrobcov.<\/p>\n<p data-start=\"42\" data-end=\"257\"><strong data-start=\"42\" data-end=\"105\">Digit\u00e1lne vylep\u0161enie detailov (DDE)<\/strong><br data-start=\"105\" data-end=\"108\" \/>Technol\u00f3gia DDE vyu\u017e\u00edva pokro\u010dil\u00e9 algoritmy na dosiahnutie ostrej\u0161\u00edch detailov aj v oblastiach s n\u00edzkym kontrastom (tepl\u00e9\/studen\u00e9 objekty).<\/p>\n<p data-start=\"277\" data-end=\"611\"><strong data-start=\"277\" data-end=\"357\">3D digit\u00e1lna redukcia \u0161umu (3D DNR)<\/strong><br data-start=\"357\" data-end=\"360\" \/>Technol\u00f3gia 3D DNR je ve\u013emi \u00fa\u010dinn\u00e1 pri odstra\u0148ovan\u00ed zrnit\u00fdch alebo rozmazan\u00fdch \u010dast\u00ed sledovanej sc\u00e9ny. V\u00fdsledn\u00fd obraz je ove\u013ea jasnej\u0161\u00ed ako pri zariadeniach, ktor\u00e9 pou\u017e\u00edvaj\u00fa tradi\u010dn\u00fa 2D DNR.<\/p>\n<p data-start=\"50\" data-end=\"450\">A <strong data-start=\"52\" data-end=\"64\">HIKMICRO<\/strong> spolo\u010dnos\u0165 je jedn\u00fdm z m\u00e1la v\u00fdrobcov, ktor\u00ed maj\u00fa vlastn\u00e9 <strong data-start=\"115\" data-end=\"164\">Rozl\u00ed\u0161enie 640 \u00d7 512 px, 12 \u00b5m, typ VOx<\/strong> vyvin\u00fa\u0165 a vyrobi\u0165 sn\u00edma\u010d (jadro), v\u010faka \u010domu s\u00fa ich najnov\u0161ie termokamery vynikaj\u00face <strong data-start=\"257\" data-end=\"278\">Hodnota za peniaze<\/strong> maj\u00fa. \u010c\u00edm ni\u017e\u0161ia je <strong data-start=\"313\" data-end=\"321\">NETD<\/strong> hodnota (<strong data-start=\"329\" data-end=\"338\">35 mK<\/strong>), t\u00fdm lep\u0161ie dok\u00e1\u017ee sn\u00edma\u010d rozpozna\u0165 mal\u00e9 teplotn\u00e9 rozdiely, a tak poskytn\u00fa\u0165 dokonalej\u0161\u00ed obraz!<\/p>\n<p data-start=\"452\" data-end=\"663\">Zabudovan\u00e9, <strong data-start=\"465\" data-end=\"487\">Citlivos\u0165 35 mK<\/strong>, vysokocitliv\u00fd tepeln\u00fd detektor poskytuje jasn\u00fd obraz aj v n\u00e1ro\u010dn\u00fdch podmienkach prostredia, ako napr. <strong data-start=\"589\" data-end=\"658\">v tme, v hmle, v dyme, v prachu, v da\u017edi, v snehu, v zalesnen\u00fdch oblastiach.<\/strong><\/p>\n<table dir=\"ltr\" style=\"width: 942px\" border=\"1\" cellspacing=\"0\" cellpadding=\"0\" data-sheets-root=\"1\" data-sheets-baot=\"1\">\n<colgroup>\n<col width=\"101\" \/>\n<col width=\"56\" \/>\n<col width=\"85\" \/><\/colgroup>\n<tbody>\n<tr>\n<td style=\"width: 304.025px\">Kateg\u00f3ria<\/td>\n<td style=\"width: 314.812px\">Parameter<\/td>\n<td style=\"width: 316.763px\">Hodnota<\/td>\n<\/tr>\n<tr>\n<td style=\"width: 304.025px\">Modul termokamery<\/td>\n<td style=\"width: 314.812px\">Rozl\u00ed\u0161enie detektora<\/td>\n<td style=\"width: 316.763px\">640 \u00d7 512<\/td>\n<\/tr>\n<tr>\n<td style=\"width: 304.025px\"><\/td>\n<td style=\"width: 314.812px\">Ve\u013ekos\u0165 pixelov (Pixel Pitch)<\/td>\n<td style=\"width: 316.763px\">12 \u00b5m<\/td>\n<\/tr>\n<tr>\n<td style=\"width: 304.025px\"><\/td>\n<td style=\"width: 314.812px\">NETD<\/td>\n<td style=\"width: 316.763px\">\n<div>\n<div>&lt; 35 mK (@25\u00b0C, F#=1,0)<\/div>\n<\/div>\n<\/td>\n<\/tr>\n<tr>\n<td style=\"width: 304.025px\"><\/td>\n<td style=\"width: 314.812px\">\u0160o\u0161ovka<\/td>\n<td style=\"width: 316.763px\">\n<div>\n<div>50 mm, manu\u00e1lne zaostrovanie<\/div>\n<\/div>\n<\/td>\n<\/tr>\n<tr>\n<td style=\"width: 304.025px\"><\/td>\n<td style=\"width: 314.812px\">Optick\u00e9 zv\u00e4\u010d\u0161enie<\/td>\n<td style=\"width: 316.763px\">2,9\u00d7<\/td>\n<\/tr>\n<tr>\n<td style=\"width: 304.025px\"><\/td>\n<td style=\"width: 314.812px\">Digit\u00e1lny zoom<\/td>\n<td style=\"width: 316.763px\">1\u00d7, 2\u00d7, 4\u00d7, 8\u00d7<\/td>\n<\/tr>\n<tr>\n<td style=\"width: 304.025px\"><\/td>\n<td style=\"width: 314.812px\">Zorn\u00e9 pole<\/td>\n<td style=\"width: 316.763px\">8,78\u00b0 \u00d7 7,03\u00b0<\/td>\n<\/tr>\n<tr>\n<td style=\"width: 304.025px\"><\/td>\n<td style=\"width: 314.812px\">Vzdialenos\u0165 detekcie vozidla<\/td>\n<td style=\"width: 316.763px\">6 300 m<\/td>\n<\/tr>\n<tr>\n<td style=\"width: 304.025px\"><\/td>\n<td style=\"width: 314.812px\">Vzdialenos\u0165 detekcie \u010dloveka<\/td>\n<td style=\"width: 316.763px\">2 600 m<\/td>\n<\/tr>\n<tr>\n<td style=\"width: 304.025px\">Optick\u00fd modul (no\u010dn\u00e9 videnie)<\/td>\n<td style=\"width: 314.812px\">Sn\u00edma\u010d obrazu<\/td>\n<td style=\"width: 316.763px\">\n<div>\n<div>1\/2\u2033 CMOS (progres\u00edvne sn\u00edmanie)<\/div>\n<\/div>\n<\/td>\n<\/tr>\n<tr>\n<td style=\"width: 304.025px\"><\/td>\n<td style=\"width: 314.812px\">Maxim\u00e1lne rozl\u00ed\u0161enie<\/td>\n<td style=\"width: 316.763px\">\n<div>\n<div>1 960 \u00d7 1 200 pri 25 sn\u00edmkach za sekundu<\/div>\n<\/div>\n<\/td>\n<\/tr>\n<tr>\n<td style=\"width: 304.025px\"><\/td>\n<td style=\"width: 314.812px\">Optick\u00e1 \u0161o\u0161ovka<\/td>\n<td style=\"width: 316.763px\">22 mm<\/td>\n<\/tr>\n<tr>\n<td style=\"width: 304.025px\"><\/td>\n<td style=\"width: 314.812px\">Korekcia obrazu<\/td>\n<td style=\"width: 316.763px\">\n<div>\n<div>3D DNR, adapt\u00edvne AGC<\/div>\n<\/div>\n<\/td>\n<\/tr>\n<tr>\n<td style=\"width: 304.025px\">Zobrazi\u0165 obr\u00e1zok<\/td>\n<td style=\"width: 314.812px\">Zobrazenie<\/td>\n<td style=\"width: 316.763px\">\n<div>\n<div>OLED, 1 024 \u00d7 768, 50 Hz<\/div>\n<\/div>\n<\/td>\n<\/tr>\n<tr>\n<td style=\"width: 304.025px\"><\/td>\n<td style=\"width: 314.812px\">Termo\/optick\u00e9 re\u017eimy<\/td>\n<td style=\"width: 316.763px\">\n<div>\n<div>Re\u017eim term\u00e1lnej kamery, \u010diernobiely optick\u00fd re\u017eim, re\u017eim f\u00fazie (term\u00e1lna + optick\u00e1)<\/div>\n<\/div>\n<\/td>\n<\/tr>\n<tr>\n<td style=\"width: 304.025px\"><\/td>\n<td style=\"width: 314.812px\">Farebn\u00e9 palety<\/td>\n<td style=\"width: 316.763px\">\n<div>\n<div>\u010dierna (teplota), \u010derven\u00e1, biela, f\u00fazia, optick\u00e1, f\u00fazia (kombinovan\u00fd termo+optick\u00fd re\u017eim)<\/div>\n<\/div>\n<\/td>\n<\/tr>\n<tr>\n<td style=\"width: 304.025px\">Inteligentn\u00e9 funkcie<\/td>\n<td style=\"width: 314.812px\">Hot-Track<\/td>\n<td style=\"width: 316.763px\">\n<div>\n<div>\u00c1no (ozna\u010denie najhor\u00facej\u0161ieho bodu v celom zornom poli)<\/div>\n<\/div>\n<\/td>\n<\/tr>\n<tr>\n<td style=\"width: 304.025px\"><\/td>\n<td style=\"width: 314.812px\">Zv\u00fdraznenie objektu<\/td>\n<td style=\"width: 316.763px\">\u00c1no<\/td>\n<\/tr>\n<tr>\n<td style=\"width: 304.025px\"><\/td>\n<td style=\"width: 314.812px\">Laserov\u00fd dia\u013ekomer<\/td>\n<td style=\"width: 316.763px\">\n<div>\n<div>\u00c1no, do 600 m<\/div>\n<\/div>\n<\/td>\n<\/tr>\n<tr>\n<td style=\"width: 304.025px\">Syst\u00e9m<\/td>\n<td style=\"width: 314.812px\">Zabudovan\u00e9 \u00falo\u017eisko<\/td>\n<td style=\"width: 316.763px\">16 GB<\/td>\n<\/tr>\n<tr>\n<td style=\"width: 304.025px\"><\/td>\n<td style=\"width: 314.812px\">Z\u00e1znam videa<\/td>\n<td style=\"width: 316.763px\">\u00c1no<\/td>\n<\/tr>\n<tr>\n<td style=\"width: 304.025px\"><\/td>\n<td style=\"width: 314.812px\">Fotografovanie<\/td>\n<td style=\"width: 316.763px\">\u00c1no<\/td>\n<\/tr>\n<tr>\n<td style=\"width: 304.025px\"><\/td>\n<td style=\"width: 314.812px\">Prehr\u00e1vanie videa<\/td>\n<td style=\"width: 316.763px\">\u00c1no<\/td>\n<\/tr>\n<tr>\n<td style=\"width: 304.025px\"><\/td>\n<td style=\"width: 314.812px\">Zobrazi\u0165 fotografiu<\/td>\n<td style=\"width: 316.763px\">\u00c1no<\/td>\n<\/tr>\n<tr>\n<td style=\"width: 304.025px\"><\/td>\n<td style=\"width: 314.812px\">Wi-Fi<\/td>\n<td style=\"width: 316.763px\">\u00c1no<\/td>\n<\/tr>\n<tr>\n<td style=\"width: 304.025px\">Nap\u00e1janie<\/td>\n<td style=\"width: 314.812px\">Typ bat\u00e9rie<\/td>\n<td style=\"width: 316.763px\">\n<div>\n<div>1\u00d7 bat\u00e9ria 18650<\/div>\n<\/div>\n<\/td>\n<\/tr>\n<tr>\n<td style=\"width: 304.025px\"><\/td>\n<td style=\"width: 314.812px\">V\u00fddr\u017e<\/td>\n<td style=\"width: 316.763px\">4,5 hodiny<\/td>\n<\/tr>\n<tr>\n<td style=\"width: 304.025px\"><\/td>\n<td style=\"width: 314.812px\">Indik\u00e1tor nabitia bat\u00e9rie<\/td>\n<td style=\"width: 316.763px\">\u00c1no<\/td>\n<\/tr>\n<tr>\n<td style=\"width: 304.025px\">Ostatn\u00e9 parametre<\/td>\n<td style=\"width: 314.812px\">Prev\u00e1dzkov\u00e1 teplota<\/td>\n<td style=\"width: 316.763px\">\n<div>\n<div>-20 \u00b0C - +55 \u00b0C<\/div>\n<\/div>\n<\/td>\n<\/tr>\n<tr>\n<td style=\"width: 304.025px\"><\/td>\n<td style=\"width: 314.812px\">Stupe\u0148 krytia<\/td>\n<td style=\"width: 316.763px\">IP67<\/td>\n<\/tr>\n<tr>\n<td style=\"width: 304.025px\"><\/td>\n<td style=\"width: 314.812px\">Le\u0161enie<\/td>\n<td style=\"width: 316.763px\">\n<div>\n<div>\u00c1no (UNC 1\/4\u2033-20)<\/div>\n<\/div>\n<\/td>\n<\/tr>\n<tr>\n<td style=\"width: 304.025px\"><\/td>\n<td style=\"width: 314.812px\">Pripojen\u00e9 na<\/td>\n<td style=\"width: 316.763px\">USB-C<\/td>\n<\/tr>\n<tr>\n<td style=\"width: 304.025px\"><\/td>\n<td style=\"width: 314.812px\">Rozmery<\/td>\n<td style=\"width: 316.763px\">\n<div>\n<div>87,2 mm \u00d7 61 mm \u00d7 158,3 mm<\/div>\n<\/div>\n<\/td>\n<\/tr>\n<tr>\n<td style=\"width: 304.025px\"><\/td>\n<td style=\"width: 314.812px\">Hmotnos\u0165<\/td>\n<td style=\"width: 316.763px\">547 g<\/td>\n<\/tr>\n<\/tbody>\n<\/table>\n<p data-start=\"45\" data-end=\"67\"><strong data-start=\"45\" data-end=\"67\">Obsah balenia:<\/strong><\/p>\n<ul>\n<li data-start=\"71\" data-end=\"146\"><strong data-start=\"71\" data-end=\"88\">Gryphon GQ50L<\/strong> term\u00e1lne zobrazovanie a no\u010dn\u00e9 videnie v jednom, <strong data-start=\"119\" data-end=\"146\">s laserov\u00fdm dia\u013ekomerom<\/strong><\/li>\n<li data-start=\"149\" data-end=\"190\"><strong data-start=\"149\" data-end=\"171\">Nab\u00edjate\u013en\u00e9 18650<\/strong> typ bat\u00e9rie<\/li>\n<li data-start=\"193\" data-end=\"220\"><strong data-start=\"193\" data-end=\"206\">Ochrann\u00e9 vrecko<\/strong> pre zariadenie<\/li>\n<li data-start=\"223\" data-end=\"261\"><strong data-start=\"223\" data-end=\"246\">N\u00e1vod na pou\u017eitie<\/strong><\/li>\n<li data-start=\"264\" data-end=\"278\"><strong data-start=\"264\" data-end=\"278\" data-is-last-node=\"\">Z\u00e1ves<\/strong><\/li>\n<\/ul>\n<p>Ofici\u00e1lna str\u00e1nka zna\u010dky: <a href=\"https:\/\/www.hikmicrotech.com\/\">https:\/\/www.hikmicrotech.com\/<\/a><\/p>","protected":false},"excerpt":{"rendered":"<p><strong data-start=\"42\" data-end=\"132\">Termov\u00edzny monokul\u00e1r + no\u010dn\u00e9 videnie v jednom + 600 m laserov\u00fd dia\u013ekomer v jednom zariaden\u00ed.<\/strong><\/p>\n<ul>\n<li>50 mm objekt\u00edv<\/li>\n<li>Optick\u00e9 zv\u00e4\u010d\u0161enie: <strong data-start=\"174\" data-end=\"182\">2,9\u00d7<\/strong><\/li>\n<li>Digit\u00e1lny zoom: <strong data-start=\"206\" data-end=\"217\">a\u017e 8\u00d7<\/strong><\/li>\n<li>\u00dapln\u00e9 zv\u00e4\u010d\u0161enie: <strong data-start=\"238\" data-end=\"247\">23,2\u00d7<\/strong><\/li>\n<li>Detek\u010dn\u00e1 vzdialenos\u0165: <strong data-start=\"271\" data-end=\"286\">do 2600 m<\/strong><\/li>\n<li>Zobrazenie: <strong data-start=\"299\" data-end=\"322\">OLED 1 024 \u00d7 768 px<\/strong><\/li>\n<li>Senzor Hikmicro: <strong data-start=\"344\" data-end=\"372\">640 \u00d7 512 px, 12 \u00b5m, VOx<\/strong><\/li>\n<li>Optick\u00fd modul no\u010dn\u00e9ho videnia: <strong data-start=\"401\" data-end=\"431\">\u010cip CMOS 1 960 \u00d7 1 200 px<\/strong><\/li>\n<li>Re\u017eim \u00faspory energie (re\u017eim sp\u00e1nku)<\/li>\n<li>Z\u00e1sobovanie potravinami: <strong data-start=\"482\" data-end=\"512\">dob\u00edjacia bat\u00e9ria 18650<\/strong><\/li>\n<li>Prev\u00e1dzkov\u00fd \u010das: <strong data-start=\"525\" data-end=\"541\">a\u017e 4,5 hodiny<\/strong><\/li>\n<li>Hmotnos\u0165: <strong data-start=\"552\" data-end=\"561\">547 g<\/strong><\/li>\n<li>Odolnos\u0165 vo\u010di vode: <strong data-start=\"577\" data-end=\"585\">IP67<\/strong> (ochrana proti ponoreniu do vody - <strong data-start=\"617\" data-end=\"648\">30 min\u00fat do h\u013abky 1 metra<\/strong>)<\/li>\n<\/ul>","protected":false},"featured_media":7609,"comment_status":"open","ping_status":"closed","template":"","meta":[],"product_brand":[],"product_cat":[39,45],"product_tag":[40,715,31,18,234],"class_list":{"0":"post-7608","1":"product","2":"type-product","3":"status-publish","4":"has-post-thumbnail","6":"product_cat-digitalis-ejjellato","7":"product_cat-hokamera","8":"product_tag-ejjellato","9":"product_tag-gryphon","10":"product_tag-hikmicro","11":"product_tag-hokamera","12":"product_tag-lezeres-tavmero","14":"first","15":"outofstock","16":"taxable","17":"shipping-taxable","18":"purchasable","19":"product-type-simple"},"jetpack_sharing_enabled":true,"_links":{"self":[{"href":"https:\/\/bestoptika.eu\/sk\/wp-json\/wp\/v2\/product\/7608","targetHints":{"allow":["GET"]}}],"collection":[{"href":"https:\/\/bestoptika.eu\/sk\/wp-json\/wp\/v2\/product"}],"about":[{"href":"https:\/\/bestoptika.eu\/sk\/wp-json\/wp\/v2\/types\/product"}],"replies":[{"embeddable":true,"href":"https:\/\/bestoptika.eu\/sk\/wp-json\/wp\/v2\/comments?post=7608"}],"wp:featuredmedia":[{"embeddable":true,"href":"https:\/\/bestoptika.eu\/sk\/wp-json\/wp\/v2\/media\/7609"}],"wp:attachment":[{"href":"https:\/\/bestoptika.eu\/sk\/wp-json\/wp\/v2\/media?parent=7608"}],"wp:term":[{"taxonomy":"product_brand","embeddable":true,"href":"https:\/\/bestoptika.eu\/sk\/wp-json\/wp\/v2\/product_brand?post=7608"},{"taxonomy":"product_cat","embeddable":true,"href":"https:\/\/bestoptika.eu\/sk\/wp-json\/wp\/v2\/product_cat?post=7608"},{"taxonomy":"product_tag","embeddable":true,"href":"https:\/\/bestoptika.eu\/sk\/wp-json\/wp\/v2\/product_tag?post=7608"}],"curies":[{"name":"wp","href":"https:\/\/api.w.org\/{rel}","templated":true}]}}