{"id":7744,"date":"2026-02-06T10:16:33","date_gmt":"2026-02-06T09:16:33","guid":{"rendered":"https:\/\/bestoptika.eu\/?post_type=product&#038;p=7744"},"modified":"2026-02-06T10:16:33","modified_gmt":"2026-02-06T09:16:33","slug":"deerhunter-anti-insect-noi-vadasznadrag-rovarok-ellen","status":"publish","type":"product","link":"https:\/\/bestoptika.eu\/sk\/product\/deerhunter-anti-insect-noi-vadasznadrag-rovarok-ellen\/","title":{"rendered":"Deerhunter Anti-Insect d\u00e1mske po\u013eovn\u00edcke nohavice proti hmyzu"},"content":{"rendered":"<p>D\u00e1mske po\u013eovn\u00edcke nohavice Deerhunter Anti-Insect HHL s \u00fapravou proti hmyzu pom\u00e1haj\u00fa chr\u00e1ni\u0165 pred hmyzom, klie\u0161\u0165ami, kom\u00e1rmi, mravcami alebo muchami po\u010das jarn\u00fdch a letn\u00fdch mesiacov. Ur\u010den\u00e9 na turistiku, lov alebo kempovanie. O\u0161etrenie proti hmyzu poskytuje zv\u00fd\u0161en\u00fa ochranu. Elastick\u00fd p\u00e1s, predtvarovan\u00e9 kolen\u00e1, zadn\u00e1 v\u00fdstu\u017e a nastavite\u013en\u00fd \u010dlenok s p\u00e1sikmi na such\u00fd zips poskytuj\u00fa pohodlie a vo\u013enos\u0165 pohybu.<\/p>\n<p>Predn\u00e9 vreck\u00e1, prelo\u017een\u00e9 stehenn\u00e9 vreck\u00e1 a skryt\u00e9 zipsy pon\u00fakaj\u00fa v\u0161estrannos\u0165. Zadn\u00e9 vrecko so skryt\u00fdm zipsom umo\u017e\u0148uje zabezpe\u010di\u0165 cennosti. S\u00fa \u013eahk\u00e9, \u0161t\u00fdlov\u00e9 a nevyhnutn\u00e9 na ochranu pred hmyzom.<\/p>\n<p><strong>Technol\u00f3gia HHL<\/strong> - \u017eivotne d\u00f4le\u017eit\u00e1 ochrana<\/p>\n<p>Vital Protection je vysoko \u00fa\u010dinn\u00e1 technol\u00f3gia ochrany proti hmyzu, ktor\u00e1 je \u0161pi\u010dkou na trhu... Vital Protection pohlcuje bakt\u00e9rie a pachy, ktor\u00e9 sp\u00f4sobuj\u00fa rozpad tkaniva, a z\u00e1rove\u0148 zabezpe\u010duje z\u00e1kladn\u00fa ochranu zdravia a pohodu kone\u010dn\u00e9ho pou\u017e\u00edvate\u013ea.<\/p>\n<h2>Popis produktu<\/h2>\n<ul>\n<li><strong>Farba:<\/strong> olivovo zelen\u00e1 s hnedou<\/li>\n<li><strong>Vonkaj\u0161ie zlo\u017eenie:<\/strong> 93% polyamid \/ 7% elastan<\/li>\n<li><strong>Potvrdenie:<\/strong> 100% polyamid<\/li>\n<\/ul>\n<h2>Parametre produktu<\/h2>\n<ul>\n<li>Ochrana proti kom\u00e1rom, klie\u0161\u0165om, mravcom a much\u00e1m<\/li>\n<li>Pru\u017enos\u0165 v p\u00e1se<\/li>\n<li>Dve predn\u00e9 vreck\u00e1<\/li>\n<li>Dve vreck\u00e1 na stehn\u00e1ch, skladacie a so skryt\u00fdm zipsom<\/li>\n<li>Zadn\u00e9 vrecko so skryt\u00fdm zipsom<\/li>\n<li>Kolen\u00e1 v prednom tvare<\/li>\n<li>Posil\u0148ovanie chrbta a kolien<\/li>\n<li>Nastavite\u013en\u00e9 \u010dlenky s popruhom a such\u00fdm zipsom<\/li>\n<\/ul>","protected":false},"excerpt":{"rendered":"<p>Deerhunter Anti-Insect d\u00e1mske po\u013eovn\u00edcke nohavice proti hmyzu s \u00fapravou HHL Vital Protection pom\u00e1haj\u00fa chr\u00e1ni\u0165 pred kom\u00e1rmi, klie\u0161\u0165ami, mravcami a muchami od jari do leta a z\u00e1rove\u0148 maj\u00fa elastick\u00fd p\u00e1s, predtvarovan\u00e9 kolen\u00e1, v\u00fdstuhy, nastavite\u013en\u00e9 \u010dlenky a mno\u017estvo vreciek na pohodln\u00fa turistiku, lov a kempovanie.<\/p>","protected":false},"featured_media":7753,"comment_status":"open","ping_status":"closed","template":"","meta":[],"product_brand":[],"product_cat":[322],"product_tag":[708,314],"class_list":{"0":"post-7744","1":"product","2":"type-product","3":"status-publish","4":"has-post-thumbnail","6":"product_cat-nadragok","7":"product_tag-anti-insect","8":"product_tag-deerhunter","10":"first","11":"instock","12":"taxable","13":"shipping-taxable","14":"purchasable","15":"product-type-variable","16":"has-default-attributes"},"jetpack_sharing_enabled":true,"_links":{"self":[{"href":"https:\/\/bestoptika.eu\/sk\/wp-json\/wp\/v2\/product\/7744","targetHints":{"allow":["GET"]}}],"collection":[{"href":"https:\/\/bestoptika.eu\/sk\/wp-json\/wp\/v2\/product"}],"about":[{"href":"https:\/\/bestoptika.eu\/sk\/wp-json\/wp\/v2\/types\/product"}],"replies":[{"embeddable":true,"href":"https:\/\/bestoptika.eu\/sk\/wp-json\/wp\/v2\/comments?post=7744"}],"wp:featuredmedia":[{"embeddable":true,"href":"https:\/\/bestoptika.eu\/sk\/wp-json\/wp\/v2\/media\/7753"}],"wp:attachment":[{"href":"https:\/\/bestoptika.eu\/sk\/wp-json\/wp\/v2\/media?parent=7744"}],"wp:term":[{"taxonomy":"product_brand","embeddable":true,"href":"https:\/\/bestoptika.eu\/sk\/wp-json\/wp\/v2\/product_brand?post=7744"},{"taxonomy":"product_cat","embeddable":true,"href":"https:\/\/bestoptika.eu\/sk\/wp-json\/wp\/v2\/product_cat?post=7744"},{"taxonomy":"product_tag","embeddable":true,"href":"https:\/\/bestoptika.eu\/sk\/wp-json\/wp\/v2\/product_tag?post=7744"}],"curies":[{"name":"wp","href":"https:\/\/api.w.org\/{rel}","templated":true}]}}