{"id":7766,"date":"2026-02-06T10:28:29","date_gmt":"2026-02-06T09:28:29","guid":{"rendered":"https:\/\/bestoptika.eu\/?post_type=product&#038;p=7766"},"modified":"2026-02-06T10:28:29","modified_gmt":"2026-02-06T09:28:29","slug":"deerhunter-lady-reinforced-tights-black-noi-leggings","status":"publish","type":"product","link":"https:\/\/bestoptika.eu\/sk\/product\/deerhunter-lady-reinforced-tights-black-noi-leggings\/","title":{"rendered":"Deerhunter Lady Reinforced Tights Black d\u00e1mske leg\u00edny"},"content":{"rendered":"<p>D\u00e1mske leg\u00edny Deerhunter Lady Reinforced Tights Black s\u00fa skvel\u00fdm doplnkom na ka\u017ed\u00fa pr\u00edle\u017eitos\u0165. Maj\u00fa elegantn\u00fd strih, ktor\u00fd dokonale tvaruje \u017eensk\u00fa postavu. S\u00fa ve\u013emi priedu\u0161n\u00e9, vyroben\u00e9 najm\u00e4 na jarn\u00e9 a letn\u00e9 mesiace. S\u00fa vyroben\u00e9 zo zmesi kvalitn\u00fdch materi\u00e1lov v pomere 76% polyamidu a 24% elastanu. Aby boli leg\u00edny naozaj pohodln\u00e9, na najviac pou\u017e\u00edvan\u00fdch \u010dastiach, kolen\u00e1ch a spodnej \u010dasti, je pridan\u00e1 v\u00fdstu\u017e, ktor\u00e1 zvy\u0161uje kvalitu a odolnos\u0165 v t\u00fdch najn\u00e1ro\u010dnej\u0161\u00edch podmienkach. Maj\u00fa 2 vreck\u00e1, jedno na zips na prednej strane stehna a druh\u00e9 na zadnej strane. Vydajte sa na lov, prech\u00e1dzku, turistiku, do pr\u00e1ce alebo si jedine\u010dn\u00e9 leg\u00edny Deerhunter obujte na vo\u013en\u00fd \u010das.<\/p>\n<h2>Popis produktu<\/h2>\n<ul>\n<li><strong>Farba:<\/strong> 999 - \u010cierna<\/li>\n<li><strong>Materi\u00e1l:<\/strong> 76% polyamid, 24% elastan<\/li>\n<li><strong>Posilnenie:<\/strong> 67% polyamid, 26% polyester, 7% polyuret\u00e1n<\/li>\n<li><strong>Posilnenie:<\/strong> oblas\u0165 zadku a kolien<\/li>\n<li><strong>Po\u010det vreciek:<\/strong> 2<\/li>\n<li><strong>Odpor\u00fa\u010da sa pranie:<\/strong> umyt\u00e9 podobn\u00fdmi farbami<\/li>\n<\/ul>\n<h2>Parametre produktu<\/h2>\n<ul>\n<li>Maxim\u00e1lne pohodlie a flexibiln\u00fd pohyb<\/li>\n<li>Posil\u0148ovanie zadku a kolien<\/li>\n<li>Vhodn\u00e9 na v\u0161estrann\u00e9 pou\u017eitie<\/li>\n<li>2 vreck\u00e1 na nevyhnutn\u00e9 pr\u00edslu\u0161enstvo<\/li>\n<li>Elegantn\u00fd \u017eensk\u00fd strih<\/li>\n<\/ul>","protected":false},"excerpt":{"rendered":"<p>Deerhunter Lady Reinforced Tights Black d\u00e1mske leg\u00edny s\u00fa vyroben\u00e9 z priedu\u0161nej stre\u010dovej tkaniny, maj\u00fa zosilnen\u00fa spodn\u00fa \u010das\u0165 a kolen\u00e1 pre v\u00e4\u010d\u0161iu odolnos\u0165 a v\u010faka dvom vreck\u00e1m a \u0161t\u00fdlov\u00e9mu strihu s\u00fa ide\u00e1lne na jarno-letn\u00e9 lovy, prech\u00e1dzky, turistiku alebo ka\u017edodenn\u00e9 nosenie.<\/p>","protected":false},"featured_media":7776,"comment_status":"open","ping_status":"closed","template":"","meta":[],"product_brand":[],"product_cat":[322],"product_tag":[314,710],"class_list":{"0":"post-7766","1":"product","2":"type-product","3":"status-publish","4":"has-post-thumbnail","6":"product_cat-nadragok","7":"product_tag-deerhunter","8":"product_tag-lady-reinforced-tights","10":"first","11":"instock","12":"taxable","13":"shipping-taxable","14":"purchasable","15":"product-type-variable","16":"has-default-attributes"},"jetpack_sharing_enabled":true,"_links":{"self":[{"href":"https:\/\/bestoptika.eu\/sk\/wp-json\/wp\/v2\/product\/7766","targetHints":{"allow":["GET"]}}],"collection":[{"href":"https:\/\/bestoptika.eu\/sk\/wp-json\/wp\/v2\/product"}],"about":[{"href":"https:\/\/bestoptika.eu\/sk\/wp-json\/wp\/v2\/types\/product"}],"replies":[{"embeddable":true,"href":"https:\/\/bestoptika.eu\/sk\/wp-json\/wp\/v2\/comments?post=7766"}],"wp:featuredmedia":[{"embeddable":true,"href":"https:\/\/bestoptika.eu\/sk\/wp-json\/wp\/v2\/media\/7776"}],"wp:attachment":[{"href":"https:\/\/bestoptika.eu\/sk\/wp-json\/wp\/v2\/media?parent=7766"}],"wp:term":[{"taxonomy":"product_brand","embeddable":true,"href":"https:\/\/bestoptika.eu\/sk\/wp-json\/wp\/v2\/product_brand?post=7766"},{"taxonomy":"product_cat","embeddable":true,"href":"https:\/\/bestoptika.eu\/sk\/wp-json\/wp\/v2\/product_cat?post=7766"},{"taxonomy":"product_tag","embeddable":true,"href":"https:\/\/bestoptika.eu\/sk\/wp-json\/wp\/v2\/product_tag?post=7766"}],"curies":[{"name":"wp","href":"https:\/\/api.w.org\/{rel}","templated":true}]}}