{"id":7883,"date":"2026-02-06T11:53:52","date_gmt":"2026-02-06T10:53:52","guid":{"rendered":"https:\/\/bestoptika.eu\/?post_type=product&#038;p=7883"},"modified":"2026-02-06T11:53:52","modified_gmt":"2026-02-06T10:53:52","slug":"deerhunter-strike-pacific-blue-ferfi-nyari-rovidnadrag","status":"publish","type":"product","link":"https:\/\/bestoptika.eu\/sk\/product\/deerhunter-strike-pacific-blue-ferfi-nyari-rovidnadrag\/","title":{"rendered":"Deerhunter Strike Pacific Blue p\u00e1nske letn\u00e9 \u0161ortky"},"content":{"rendered":"<p>P\u00e1nske letn\u00e9 \u0161ortky Deerhunter Strike Pacific Blue na vonkaj\u0161ie pou\u017eitie, turistiku a kempovanie. Kvalitn\u00e9 materi\u00e1ly zaru\u010duj\u00fa pohodln\u00e9 nosenie aj v letn\u00fdch hor\u00fa\u010dav\u00e1ch. Kvalita a priedu\u0161nos\u0165 \u0161ortiek Deerhunter si v\u00e1s po\u010das letn\u00fdch dn\u00ed z\u00edska.<\/p>\n<h2>Popis produktu<\/h2>\n<ul>\n<li><strong>Farba:<\/strong> 772 - Tichomorsk\u00e1 modr\u00e1<\/li>\n<li><strong>Vonkaj\u0161ie zlo\u017eenie:<\/strong> 63% polyester \/ 35% bavlna<\/li>\n<\/ul>\n<h2>Parametre produktu<\/h2>\n<ul>\n<li>Elastick\u00fd nastavite\u013en\u00fd p\u00e1s<\/li>\n<li>Pohodln\u00e9 vrecko na zips<\/li>\n<li>S tefl\u00f3nov\u00fdm povlakom<\/li>\n<li>Ide\u00e1lne na turistiku<\/li>\n<\/ul>","protected":false},"excerpt":{"rendered":"<p>Deerhunter Strike Pacific Blue p\u00e1nske letn\u00e9 \u0161ortky s\u00fa vyroben\u00e9 z priedu\u0161nej a pohodlnej tkaniny s tefl\u00f3novou \u00fapravou, elastick\u00fdm nastavite\u013en\u00fdm p\u00e1som a vreckami na zips, tak\u017ee s\u00fa ide\u00e1lne na turistiku, kempovanie a pou\u017e\u00edvanie v pr\u00edrode.<\/p>","protected":false},"featured_media":7893,"comment_status":"open","ping_status":"closed","template":"","meta":[],"product_brand":[],"product_cat":[322],"product_tag":[314,689],"class_list":{"0":"post-7883","1":"product","2":"type-product","3":"status-publish","4":"has-post-thumbnail","6":"product_cat-nadragok","7":"product_tag-deerhunter","8":"product_tag-strike","10":"first","11":"instock","12":"taxable","13":"shipping-taxable","14":"purchasable","15":"product-type-variable","16":"has-default-attributes"},"jetpack_sharing_enabled":true,"_links":{"self":[{"href":"https:\/\/bestoptika.eu\/sk\/wp-json\/wp\/v2\/product\/7883","targetHints":{"allow":["GET"]}}],"collection":[{"href":"https:\/\/bestoptika.eu\/sk\/wp-json\/wp\/v2\/product"}],"about":[{"href":"https:\/\/bestoptika.eu\/sk\/wp-json\/wp\/v2\/types\/product"}],"replies":[{"embeddable":true,"href":"https:\/\/bestoptika.eu\/sk\/wp-json\/wp\/v2\/comments?post=7883"}],"wp:featuredmedia":[{"embeddable":true,"href":"https:\/\/bestoptika.eu\/sk\/wp-json\/wp\/v2\/media\/7893"}],"wp:attachment":[{"href":"https:\/\/bestoptika.eu\/sk\/wp-json\/wp\/v2\/media?parent=7883"}],"wp:term":[{"taxonomy":"product_brand","embeddable":true,"href":"https:\/\/bestoptika.eu\/sk\/wp-json\/wp\/v2\/product_brand?post=7883"},{"taxonomy":"product_cat","embeddable":true,"href":"https:\/\/bestoptika.eu\/sk\/wp-json\/wp\/v2\/product_cat?post=7883"},{"taxonomy":"product_tag","embeddable":true,"href":"https:\/\/bestoptika.eu\/sk\/wp-json\/wp\/v2\/product_tag?post=7883"}],"curies":[{"name":"wp","href":"https:\/\/api.w.org\/{rel}","templated":true}]}}