{"id":7895,"date":"2026-02-06T11:58:33","date_gmt":"2026-02-06T10:58:33","guid":{"rendered":"https:\/\/bestoptika.eu\/?post_type=product&#038;p=7895"},"modified":"2026-02-06T11:59:26","modified_gmt":"2026-02-06T10:59:26","slug":"deerhunter-lady-ann-black-ink-noi-nadrag","status":"publish","type":"product","link":"https:\/\/bestoptika.eu\/sk\/product\/deerhunter-lady-ann-black-ink-noi-nadrag\/","title":{"rendered":"Deerhunter Lady Ann Black Ink d\u00e1mske nohavice"},"content":{"rendered":"<p>D\u00e1mske nohavice Deerhunter Lady Ann Black Ink maj\u00fa tefl\u00f3nov\u00fa \u00fapravu, ktor\u00e1 zabezpe\u010duje r\u00fdchlej\u0161ie schnutie odevu. Ve\u013emi ob\u013e\u00faben\u00e9 nohavice na lov, \u0161port alebo turistiku. Nohavice s\u00fa vhodn\u00e9 od jari do leta. Dokonal\u00fa kvalitu materi\u00e1lu ocen\u00edte najm\u00e4 pri dlh\u00fdch t\u00farach.<\/p>\n<h2>Popis produktu<\/h2>\n<ul>\n<li><strong>Ve\u013ekos\u0165:<\/strong> 36-48<\/li>\n<li><strong>Farba:<\/strong> 985 - \u010cierny atrament<\/li>\n<li><strong>Vonkaj\u0161ie zlo\u017eenie:<\/strong> 65% polyester 35% bavlna<\/li>\n<li><strong>Kontrast:<\/strong> 57% polyamid 33% polyester 10% elastan<\/li>\n<li><strong>Povrchov\u00e1 \u00faprava:<\/strong> odpudzuje vodu<\/li>\n<\/ul>\n<h2>Parametre produktu<\/h2>\n<ul>\n<li>Elastick\u00fd p\u00e1s pre pohodln\u00e9 obliekanie<\/li>\n<li>Dve predn\u00e9 vreck\u00e1<\/li>\n<li>Flexibiln\u00e9 oblasti pre v\u00e4\u010d\u0161iu vo\u013enos\u0165 pohybu<\/li>\n<\/ul>","protected":false},"excerpt":{"rendered":"<p>Deerhunter Lady Ann Black Ink d\u00e1mske nohavice maj\u00fa tefl\u00f3nov\u00fa, vodoodpudiv\u00fa \u00fapravu, r\u00fdchloschn\u00faci, elastick\u00fd p\u00e1s a elastick\u00e9 vsadky pre pohyblivos\u0165, tak\u017ee s\u00fa ide\u00e1lne na lov, \u0161port a dlh\u0161ie t\u00fary od jari do leta.<\/p>","protected":false},"featured_media":7904,"comment_status":"open","ping_status":"closed","template":"","meta":[],"product_brand":[],"product_cat":[322],"product_tag":[314,705],"class_list":{"0":"post-7895","1":"product","2":"type-product","3":"status-publish","4":"has-post-thumbnail","6":"product_cat-nadragok","7":"product_tag-deerhunter","8":"product_tag-lady-ann","10":"first","11":"instock","12":"taxable","13":"shipping-taxable","14":"purchasable","15":"product-type-variable","16":"has-default-attributes"},"jetpack_sharing_enabled":true,"_links":{"self":[{"href":"https:\/\/bestoptika.eu\/sk\/wp-json\/wp\/v2\/product\/7895","targetHints":{"allow":["GET"]}}],"collection":[{"href":"https:\/\/bestoptika.eu\/sk\/wp-json\/wp\/v2\/product"}],"about":[{"href":"https:\/\/bestoptika.eu\/sk\/wp-json\/wp\/v2\/types\/product"}],"replies":[{"embeddable":true,"href":"https:\/\/bestoptika.eu\/sk\/wp-json\/wp\/v2\/comments?post=7895"}],"wp:featuredmedia":[{"embeddable":true,"href":"https:\/\/bestoptika.eu\/sk\/wp-json\/wp\/v2\/media\/7904"}],"wp:attachment":[{"href":"https:\/\/bestoptika.eu\/sk\/wp-json\/wp\/v2\/media?parent=7895"}],"wp:term":[{"taxonomy":"product_brand","embeddable":true,"href":"https:\/\/bestoptika.eu\/sk\/wp-json\/wp\/v2\/product_brand?post=7895"},{"taxonomy":"product_cat","embeddable":true,"href":"https:\/\/bestoptika.eu\/sk\/wp-json\/wp\/v2\/product_cat?post=7895"},{"taxonomy":"product_tag","embeddable":true,"href":"https:\/\/bestoptika.eu\/sk\/wp-json\/wp\/v2\/product_tag?post=7895"}],"curies":[{"name":"wp","href":"https:\/\/api.w.org\/{rel}","templated":true}]}}