{"id":7939,"date":"2026-02-06T13:30:57","date_gmt":"2026-02-06T12:30:57","guid":{"rendered":"https:\/\/bestoptika.eu\/?post_type=product&#038;p=7939"},"modified":"2026-02-06T13:30:57","modified_gmt":"2026-02-06T12:30:57","slug":"deerhunter-rogaland-stretch-driftwood-ferfi-nadrag","status":"publish","type":"product","link":"https:\/\/bestoptika.eu\/sk\/product\/deerhunter-rogaland-stretch-driftwood-ferfi-nadrag\/","title":{"rendered":"Deerhunter Rogaland Stretch Driftwood p\u00e1nske nohavice"},"content":{"rendered":"<p>P\u00e1nske nohavice Deerhunter Rogaland Stretch Driftwood vhodn\u00e9 od jari do leta. Nohavice Rogaland poskytuj\u00fa maxim\u00e1lnu vo\u013enos\u0165 pohybu a s\u00fa ide\u00e1lne na dlh\u00e9 prech\u00e1dzky v pr\u00edrode. Samozrejmos\u0165ou je vysok\u00e1 odolnos\u0165 vo\u010di t\u0155\u0148om. Nohavice Deerhunter maj\u00fa modern\u00fd dizajn a s\u00fa vodoodpudiv\u00e9. Ur\u010dite ocen\u00edte elastick\u00fd p\u00e1s na pohodln\u00e9 obliekanie.<\/p>\n<h2>Popis produktu<\/h2>\n<ul>\n<li><strong>Ve\u013ekos\u0165:<\/strong> 48-60<\/li>\n<li><strong>Farba:<\/strong> 269-Driftwood<\/li>\n<li><strong>Vonkaj\u0161ie zlo\u017eenie:<\/strong> 65% polyester 35% bavlna<\/li>\n<li><strong>Kontrast:<\/strong> 57% polyamid 33% polyester 10% elastan<\/li>\n<li><strong>Povrchov\u00e1 \u00faprava:<\/strong> odpudzuje vodu<\/li>\n<\/ul>\n<h2>Parametre produktu<\/h2>\n<ul>\n<li>Elastick\u00fd p\u00e1s pre pohodln\u00e9 obliekanie<\/li>\n<li>Dve predn\u00e9 vreck\u00e1<\/li>\n<li>Dve stehenn\u00e9 vreck\u00e1 so skryt\u00fdm zipsom<\/li>\n<li>Jedno zadn\u00e9 vrecko so skryt\u00fdm zipsom<\/li>\n<li>Flexibiln\u00e9 oblasti pre v\u00e4\u010d\u0161iu vo\u013enos\u0165 pohybu<\/li>\n<\/ul>","protected":false},"excerpt":{"rendered":"<p>P\u00e1nske nohavice Deerhunter Rogaland Stretch Driftwood maj\u00fa vodoodpudiv\u00fa a treniu odoln\u00fa kon\u0161trukciu, elastick\u00fd p\u00e1s a stre\u010dov\u00e9 vlo\u017eky s viacer\u00fdmi skryt\u00fdmi vreckami na zips, v\u010faka \u010domu s\u00fa ide\u00e1lne na dlh\u0161ie t\u00fary a prech\u00e1dzky pr\u00edrodou od jari do leta.<\/p>","protected":false},"featured_media":7947,"comment_status":"open","ping_status":"closed","template":"","meta":[],"product_brand":[],"product_cat":[322],"product_tag":[314,697],"class_list":{"0":"post-7939","1":"product","2":"type-product","3":"status-publish","4":"has-post-thumbnail","6":"product_cat-nadragok","7":"product_tag-deerhunter","8":"product_tag-rogaland-stretch","10":"first","11":"instock","12":"taxable","13":"shipping-taxable","14":"purchasable","15":"product-type-variable","16":"has-default-attributes"},"jetpack_sharing_enabled":true,"_links":{"self":[{"href":"https:\/\/bestoptika.eu\/sk\/wp-json\/wp\/v2\/product\/7939","targetHints":{"allow":["GET"]}}],"collection":[{"href":"https:\/\/bestoptika.eu\/sk\/wp-json\/wp\/v2\/product"}],"about":[{"href":"https:\/\/bestoptika.eu\/sk\/wp-json\/wp\/v2\/types\/product"}],"replies":[{"embeddable":true,"href":"https:\/\/bestoptika.eu\/sk\/wp-json\/wp\/v2\/comments?post=7939"}],"wp:featuredmedia":[{"embeddable":true,"href":"https:\/\/bestoptika.eu\/sk\/wp-json\/wp\/v2\/media\/7947"}],"wp:attachment":[{"href":"https:\/\/bestoptika.eu\/sk\/wp-json\/wp\/v2\/media?parent=7939"}],"wp:term":[{"taxonomy":"product_brand","embeddable":true,"href":"https:\/\/bestoptika.eu\/sk\/wp-json\/wp\/v2\/product_brand?post=7939"},{"taxonomy":"product_cat","embeddable":true,"href":"https:\/\/bestoptika.eu\/sk\/wp-json\/wp\/v2\/product_cat?post=7939"},{"taxonomy":"product_tag","embeddable":true,"href":"https:\/\/bestoptika.eu\/sk\/wp-json\/wp\/v2\/product_tag?post=7939"}],"curies":[{"name":"wp","href":"https:\/\/api.w.org\/{rel}","templated":true}]}}