{"id":808,"date":"2024-06-02T14:17:05","date_gmt":"2024-06-02T12:17:05","guid":{"rendered":"https:\/\/bestoptika.eu\/?post_type=product&#038;p=808"},"modified":"2026-01-11T19:20:10","modified_gmt":"2026-01-11T18:20:10","slug":"hikmicro-panther-pq35l","status":"publish","type":"product","link":"https:\/\/bestoptika.eu\/sk\/product\/hikmicro-panther-pq35l\/","title":{"rendered":"Hikmicro PANTHER PQ35L termov\u00edzny pu\u0161koh\u013ead s laserov\u00fdm dia\u013ekomerom"},"content":{"rendered":"<p><span style=\"font-weight: 400\">Fotoapar\u00e1t m\u00e1 12-mikr\u00f3nov\u00fd sn\u00edma\u010d, <\/span><b>35 mm<\/b><span style=\"font-weight: 400\">-vybaven\u00e9 optikou. Zorn\u00fd uhol <\/span><b>12,5 stup\u0148a<\/b><span style=\"font-weight: 400\">. <\/span><\/p>\n<table>\n<tbody>\n<tr>\n<td colspan=\"2\"><b>Hlavn\u00e9 funkcie<\/b><\/td>\n<\/tr>\n<tr>\n<td><span style=\"font-weight: 400\">Maxim\u00e1lne rozl\u00ed\u0161enie<\/span><\/td>\n<td><span style=\"font-weight: 400\">640\u00d7512<\/span><\/td>\n<\/tr>\n<tr>\n<td><span style=\"font-weight: 400\">Aktualiz\u00e1cia obr\u00e1zkov<\/span><\/td>\n<td><span style=\"font-weight: 400\">50 Hz<\/span><\/td>\n<\/tr>\n<tr>\n<td><span style=\"font-weight: 400\">NETD<\/span><\/td>\n<td><span style=\"font-weight: 400\">Menej ako 35mK<\/span><\/td>\n<\/tr>\n<tr>\n<td><span style=\"font-weight: 400\">\u0160o\u0161ovka<\/span><\/td>\n<td><span style=\"font-weight: 400\">35 mm<\/span><\/td>\n<\/tr>\n<tr>\n<td><span style=\"font-weight: 400\">Min. ohniskov\u00e1 vzdialenos\u0165<\/span><\/td>\n<td><span style=\"font-weight: 400\">2m, F1.0<\/span><\/td>\n<\/tr>\n<tr>\n<td><span style=\"font-weight: 400\">Zorn\u00fd uhol<\/span><\/td>\n<td><span style=\"font-weight: 400\">12.52\u00b0 x 10.03\u00b0<\/span><\/td>\n<\/tr>\n<tr>\n<td><span style=\"font-weight: 400\">Zv\u00e4\u010d\u0161i\u0165<\/span><\/td>\n<td><span style=\"font-weight: 400\">1.82x<\/span><\/td>\n<\/tr>\n<tr>\n<td colspan=\"2\"><b>Zobrazenie<\/b><\/td>\n<\/tr>\n<tr>\n<td><span style=\"font-weight: 400\">Max. rozl\u00ed\u0161enie<\/span><\/td>\n<td><span style=\"font-weight: 400\">1024 \u00d7 768, 0,39 palca, OLED<\/span><\/td>\n<\/tr>\n<tr>\n<td><span style=\"font-weight: 400\">Re\u017eim FFC<\/span><\/td>\n<td><span style=\"font-weight: 400\">Automatick\u00e1, manu\u00e1lna, extern\u00e1 korekcia<\/span><\/td>\n<\/tr>\n<tr>\n<td><span style=\"font-weight: 400\">Odch\u00e1dzaj\u00faci \u017eiak<\/span><\/td>\n<td><span style=\"font-weight: 400\">6 mm<\/span><\/td>\n<\/tr>\n<tr>\n<td><span style=\"font-weight: 400\">Eyelines<\/span><\/td>\n<td><span style=\"font-weight: 400\">45 mm<\/span><\/td>\n<\/tr>\n<tr>\n<td><span style=\"font-weight: 400\">Nastavenie dioptri\u00ed<\/span><\/td>\n<td><span style=\"font-weight: 400\">-5D do 3D<\/span><\/td>\n<\/tr>\n<tr>\n<td colspan=\"2\"><b>V\u0161eobecn\u00e9<\/b><\/td>\n<\/tr>\n<tr>\n<td><span style=\"font-weight: 400\">Mechanick\u00e1 ochrana<\/span><\/td>\n<td><span style=\"font-weight: 400\">IP67<\/span><\/td>\n<\/tr>\n<tr>\n<td><span style=\"font-weight: 400\">Hmotnos\u0165<\/span><\/td>\n<td><span style=\"font-weight: 400\">518 g bez bat\u00e9rie<\/span><\/td>\n<\/tr>\n<tr>\n<td><span style=\"font-weight: 400\">Rozmery<\/span><\/td>\n<td><span style=\"font-weight: 400\">200,38 x 66,32 x 87,10 mm<\/span><\/td>\n<\/tr>\n<tr>\n<td><span style=\"font-weight: 400\">Prev\u00e1dzkov\u00e1 teplota<\/span><\/td>\n<td><span style=\"font-weight: 400\">-30\u00b0C a\u017e +55\u00b0C<\/span><\/td>\n<\/tr>\n<tr>\n<td colspan=\"2\"><b>Syst\u00e9m<\/b><\/td>\n<\/tr>\n<tr>\n<td><span style=\"font-weight: 400\">Sn\u00edmanie sn\u00edmok<\/span><\/td>\n<td><span style=\"font-weight: 400\">\u00c1no<\/span><\/td>\n<\/tr>\n<tr>\n<td><span style=\"font-weight: 400\">Hotspot<\/span><\/td>\n<td><span style=\"font-weight: 400\">\u00c1no<\/span><\/td>\n<\/tr>\n<tr>\n<td><span style=\"font-weight: 400\">PIP<\/span><\/td>\n<td><span style=\"font-weight: 400\">\u00c1no<\/span><\/td>\n<\/tr>\n<tr>\n<td><span style=\"font-weight: 400\">Pohotovostn\u00fd re\u017eim<\/span><\/td>\n<td><span style=\"font-weight: 400\">\u00c1no<\/span><\/td>\n<\/tr>\n<tr>\n<td><span style=\"font-weight: 400\">Ukladanie<\/span><\/td>\n<td><span style=\"font-weight: 400\">Zabudovan\u00e1 pam\u00e4\u0165 EMMC (16 GB)<\/span><\/td>\n<\/tr>\n<tr>\n<td colspan=\"2\"><b>Dod\u00e1vka elektrickej energie<\/b><\/td>\n<\/tr>\n<tr>\n<td><span style=\"font-weight: 400\">Bat\u00e9ria<\/span><\/td>\n<td><span style=\"font-weight: 400\">Nab\u00edjate\u013en\u00e1 l\u00edtium-i\u00f3nov\u00e1 bat\u00e9ria<\/span><\/td>\n<\/tr>\n<tr>\n<td><span style=\"font-weight: 400\">Prev\u00e1dzkov\u00e9 hodiny<\/span><\/td>\n<td><span style=\"font-weight: 400\">\u22655h <\/span><span style=\"font-weight: 400\">(25 \u00b0C, Wi-Fi vypnut\u00e9)<\/span><\/td>\n<\/tr>\n<tr>\n<td><span style=\"font-weight: 400\">Z\u00e1suvka nab\u00edja\u010dky<\/span><\/td>\n<td><span style=\"font-weight: 400\">5 V DC\/2 A, typ C\u00a0<\/span><\/td>\n<\/tr>\n<tr>\n<td colspan=\"2\"><b>Laserov\u00fd dia\u013ekomer<\/b><\/td>\n<\/tr>\n<tr>\n<td><span style=\"font-weight: 400\">Oddelenie laserovej bezpe\u010dnosti<\/span><\/td>\n<td><span style=\"font-weight: 400\">Trieda 1<\/span><\/td>\n<\/tr>\n<tr>\n<td><span style=\"font-weight: 400\">Vlnov\u00e1 d\u013a\u017eka<\/span><\/td>\n<td><span style=\"font-weight: 400\">905 nm<\/span><\/td>\n<\/tr>\n<tr>\n<td><span style=\"font-weight: 400\">Meranie maxim\u00e1lnej vzdialenosti<\/span><\/td>\n<td><span style=\"font-weight: 400\">600 m<\/span><\/td>\n<\/tr>\n<tr>\n<td><span style=\"font-weight: 400\">Vzdialenos\u0165 merania<\/span><\/td>\n<td><span style=\"font-weight: 400\">\u00b11m<\/span><\/td>\n<\/tr>\n<tr>\n<td><span style=\"font-weight: 400\">Meranie min. vzdialenosti<\/span><\/td>\n<td><span style=\"font-weight: 400\">10 m<\/span><\/td>\n<\/tr>\n<\/tbody>\n<\/table>\n<p><a href=\"https:\/\/www.hikmicrotech.com\/en\/outdoor-products\/panther-lrf-thermal-scope\/\">https:\/\/www.hikmicrotech.com\/en\/outdoor-products\/panther-lrf-thermal-scope\/<\/a><\/p>","protected":false},"excerpt":{"rendered":"<ul>\n<li style=\"font-weight: 400\"><span style=\"font-weight: 400\">\"Srdcom\" zariadenia je patentovan\u00fd vysokocitliv\u00fd sn\u00edmac\u00ed prvok spolo\u010dnosti HIKVISION s rozl\u00ed\u0161en\u00edm 640 \u00d7 512 pixelov.<\/span><\/li>\n<li style=\"font-weight: 400\"><span style=\"font-weight: 400\">35 mm objekt\u00edv a 12 mikr\u00f3nov\u00fd sn\u00edma\u010d<\/span><\/li>\n<li style=\"font-weight: 400\"><span style=\"font-weight: 400\">Vynikaj\u00faca hodnota NETD ( &lt;35mk ( @25\u00b0C, F=1.0) zaru\u010duje jasn\u00fd a kontrastn\u00fd obraz v hmle a da\u017edi<\/span><\/li>\n<li style=\"font-weight: 400\"><span style=\"font-weight: 400\">0,4-palcov\u00fd displej OLED s rozl\u00ed\u0161en\u00edm 1024 \u00d7 768 pixelov poskytuje ostr\u00fd a jasn\u00fd obraz<\/span><\/li>\n<li style=\"font-weight: 400\"><span style=\"font-weight: 400\">Zabudovan\u00fd laserov\u00fd dia\u013ekomer s merac\u00edm rozsahom 600 metrov<\/span><\/li>\n<\/ul>","protected":false},"featured_media":809,"comment_status":"open","ping_status":"closed","template":"","meta":[],"product_brand":[],"product_cat":[30,17],"product_tag":[32,31,18],"class_list":{"0":"post-808","1":"product","2":"type-product","3":"status-publish","4":"has-post-thumbnail","6":"product_cat-celtavcso","7":"product_cat-hokamera-kereso","8":"product_tag-celtavcso","9":"product_tag-hikmicro","10":"product_tag-hokamera","12":"first","13":"instock","14":"sale","15":"taxable","16":"shipping-taxable","17":"purchasable","18":"product-type-simple"},"jetpack_sharing_enabled":true,"_links":{"self":[{"href":"https:\/\/bestoptika.eu\/sk\/wp-json\/wp\/v2\/product\/808","targetHints":{"allow":["GET"]}}],"collection":[{"href":"https:\/\/bestoptika.eu\/sk\/wp-json\/wp\/v2\/product"}],"about":[{"href":"https:\/\/bestoptika.eu\/sk\/wp-json\/wp\/v2\/types\/product"}],"replies":[{"embeddable":true,"href":"https:\/\/bestoptika.eu\/sk\/wp-json\/wp\/v2\/comments?post=808"}],"wp:featuredmedia":[{"embeddable":true,"href":"https:\/\/bestoptika.eu\/sk\/wp-json\/wp\/v2\/media\/809"}],"wp:attachment":[{"href":"https:\/\/bestoptika.eu\/sk\/wp-json\/wp\/v2\/media?parent=808"}],"wp:term":[{"taxonomy":"product_brand","embeddable":true,"href":"https:\/\/bestoptika.eu\/sk\/wp-json\/wp\/v2\/product_brand?post=808"},{"taxonomy":"product_cat","embeddable":true,"href":"https:\/\/bestoptika.eu\/sk\/wp-json\/wp\/v2\/product_cat?post=808"},{"taxonomy":"product_tag","embeddable":true,"href":"https:\/\/bestoptika.eu\/sk\/wp-json\/wp\/v2\/product_tag?post=808"}],"curies":[{"name":"wp","href":"https:\/\/api.w.org\/{rel}","templated":true}]}}