{"id":8137,"date":"2026-02-06T16:21:57","date_gmt":"2026-02-06T15:21:57","guid":{"rendered":"https:\/\/bestoptika.eu\/?post_type=product&#038;p=8137"},"modified":"2026-02-06T16:21:57","modified_gmt":"2026-02-06T15:21:57","slug":"deerhunter-excape-insulated-cardigan-art-green-ferfi-termo-polo","status":"publish","type":"product","link":"https:\/\/bestoptika.eu\/sk\/product\/deerhunter-excape-insulated-cardigan-art-green-ferfi-termo-polo\/","title":{"rendered":"Deerhunter Excape Insulated Cardigan Art Green p\u00e1nske termo tri\u010dko"},"content":{"rendered":"<p>P\u00e1nske termo tri\u010dko Deerhunter Excape Insulated Cardigan Art Green je skuto\u010dne flexibiln\u00e9 a priedu\u0161n\u00e9 rie\u0161enie, ktor\u00e9 v\u00e1m po\u010das lovu v\u017edy poskytne izol\u00e1ciu. \u010ci u\u017e lov\u00edte r\u00e1no alebo ve\u010der, v\u017edy sa budete c\u00edti\u0165 v teple. Tri\u010dko je vyroben\u00e9 z kvalitnej, r\u00fdchloschn\u00facej tkaniny, doplnenej o antibakteri\u00e1lnu \u00fapravu Silvadur. Ruk\u00e1vy s\u00fa vybaven\u00e9 otvormi na palce, ktor\u00e9 s\u00fa navrhnut\u00e9 tak, aby tri\u010dko lep\u0161ie dr\u017ealo na tele. \u0160tvorsmern\u00e1 elastick\u00e1 tkanina poskytuje dokonal\u00e9 pohodlie a vo\u013enos\u0165 po\u010das akejko\u013evek aktivity. Toto tri\u010dko m\u00f4\u017eete pou\u017ei\u0165 nielen na lov, ale aj na turistiku, prech\u00e1dzky po hrebeni, prech\u00e1dzky lesom alebo aj na ka\u017edodenn\u00e9 nosenie po\u010das chladn\u00fdch mesiacov.<\/p>\n<p>EKOTEX je certifik\u00e1t v\u00fdrobku, ktor\u00fd neobsahuje \u0161kodliv\u00e9 l\u00e1tky. Je to popredn\u00fd svetov\u00fd certifik\u00e1t zdravotnej nez\u00e1vadnosti pre v\u0161etky textiln\u00e9 v\u00fdrobky.<\/p>\n<h2>Popis produktu<\/h2>\n<ul>\n<li><strong>Farba:<\/strong> 376 - Art Green<\/li>\n<li><strong>Ve\u013ekos\u0165:<\/strong> S-3XL<\/li>\n<li><strong>Materi\u00e1l:<\/strong> 92% polyester, 8% elastan<\/li>\n<li><strong>Odpor\u00fa\u010da sa pranie:<\/strong> nepou\u017e\u00edvajte oplachovac\u00ed prostriedok, perte s podobn\u00fdmi farbami<\/li>\n<li><strong>Lie\u010dba:<\/strong> Antibakteri\u00e1lna lie\u010dba Silvadur<\/li>\n<\/ul>\n<h2>Parametre produktu<\/h2>\n<ul>\n<li>Antibakteri\u00e1lna lie\u010dba Silvadur<\/li>\n<li>R\u00fdchloschn\u00faci materi\u00e1l<\/li>\n<li>Ruk\u00e1vy s otvorom na palec<\/li>\n<li>Pohodlie a vo\u013enos\u0165 pohybu<\/li>\n<li>Prsn\u00e9 vrecko pre najmen\u0161\u00edch<\/li>\n<\/ul>","protected":false},"excerpt":{"rendered":"<p>P\u00e1nsky zateplen\u00fd sveter Deerhunter Excape Insulated Cardigan Art Green je vyroben\u00fd z elastickej, priedu\u0161nej a r\u00fdchloschn\u00facej tkaniny s antibakteri\u00e1lnou \u00fapravou Silvadur, 4-cestn\u00fdm stre\u010dom, ruk\u00e1vmi s otvormi na palec a n\u00e1prsn\u00fdmi vreckami, tak\u017ee je ide\u00e1lny na lov, turistiku a be\u017en\u00e9 nosenie v chladn\u00fdch mesiacoch.<\/p>","protected":false},"featured_media":8144,"comment_status":"open","ping_status":"closed","template":"","meta":[],"product_brand":[],"product_cat":[323],"product_tag":[314,759],"class_list":{"0":"post-8137","1":"product","2":"type-product","3":"status-publish","4":"has-post-thumbnail","6":"product_cat-termo-ruhak","7":"product_tag-deerhunter","8":"product_tag-excape-insulated","10":"first","11":"instock","12":"taxable","13":"shipping-taxable","14":"purchasable","15":"product-type-variable","16":"has-default-attributes"},"jetpack_sharing_enabled":true,"_links":{"self":[{"href":"https:\/\/bestoptika.eu\/sk\/wp-json\/wp\/v2\/product\/8137","targetHints":{"allow":["GET"]}}],"collection":[{"href":"https:\/\/bestoptika.eu\/sk\/wp-json\/wp\/v2\/product"}],"about":[{"href":"https:\/\/bestoptika.eu\/sk\/wp-json\/wp\/v2\/types\/product"}],"replies":[{"embeddable":true,"href":"https:\/\/bestoptika.eu\/sk\/wp-json\/wp\/v2\/comments?post=8137"}],"wp:featuredmedia":[{"embeddable":true,"href":"https:\/\/bestoptika.eu\/sk\/wp-json\/wp\/v2\/media\/8144"}],"wp:attachment":[{"href":"https:\/\/bestoptika.eu\/sk\/wp-json\/wp\/v2\/media?parent=8137"}],"wp:term":[{"taxonomy":"product_brand","embeddable":true,"href":"https:\/\/bestoptika.eu\/sk\/wp-json\/wp\/v2\/product_brand?post=8137"},{"taxonomy":"product_cat","embeddable":true,"href":"https:\/\/bestoptika.eu\/sk\/wp-json\/wp\/v2\/product_cat?post=8137"},{"taxonomy":"product_tag","embeddable":true,"href":"https:\/\/bestoptika.eu\/sk\/wp-json\/wp\/v2\/product_tag?post=8137"}],"curies":[{"name":"wp","href":"https:\/\/api.w.org\/{rel}","templated":true}]}}