{"id":8181,"date":"2026-02-13T08:12:00","date_gmt":"2026-02-13T07:12:00","guid":{"rendered":"https:\/\/bestoptika.eu\/?post_type=product&#038;p=8181"},"modified":"2026-02-19T17:34:09","modified_gmt":"2026-02-19T16:34:09","slug":"hikmicro-alpex-pro-a50p-digitalis-ejjellato-celtavcso","status":"publish","type":"product","link":"https:\/\/bestoptika.eu\/sk\/product\/hikmicro-alpex-pro-a50p-digitalis-ejjellato-celtavcso\/","title":{"rendered":"Hikmicro ALPEX PRO A50P pu\u0161koh\u013ead, no\u010dn\u00fd zameriava\u010d"},"content":{"rendered":"<p><strong>Hikmicro ALPEX PRO A50P pu\u0161koh\u013ead, no\u010dn\u00fd zameriava\u010d<\/strong><\/p>\n<p data-start=\"0\" data-end=\"425\">Univerz\u00e1lny <strong data-start=\"15\" data-end=\"37\">HIKMICRO ALPEX PRO<\/strong> je nekompromisne prisp\u00f4sobite\u013en\u00fd lesn\u00e9mu aj otvoren\u00e9mu ter\u00e9nu. Poskytuje mimoriadne jasn\u00fd a detailn\u00fd obraz za v\u0161etk\u00fdch podmienok - pri slabom osvetlen\u00ed, vo dne aj v noci, nepretr\u017eite, 24 hod\u00edn denne, 7 dn\u00ed v t\u00fd\u017edni. Nov\u00fd model prich\u00e1dza s ni\u017e\u0161ou hmotnos\u0165ou, modern\u00fdm, inovat\u00edvnym dizajnom a e\u0161te intuit\u00edvnej\u0161\u00edm ovl\u00e1dan\u00edm, ktor\u00e9 umo\u017e\u0148uje r\u00fdchlu a ist\u00fa reakciu v ter\u00e9ne.<\/p>\n<p data-start=\"427\" data-end=\"442\"><strong data-start=\"427\" data-end=\"442\">Hlavn\u00e9 v\u00fdhody:<\/strong><\/p>\n<ul data-start=\"443\" data-end=\"666\">\n<li data-start=\"443\" data-end=\"502\">\n<p data-start=\"445\" data-end=\"502\">Sn\u00edma\u010d s rozl\u00ed\u0161en\u00edm 12 MP - a\u017e 37% lep\u0161ia kvalita obrazu<\/p>\n<\/li>\n<li data-start=\"503\" data-end=\"540\">\n<p data-start=\"505\" data-end=\"540\">V\u00e4\u010d\u0161\u00ed displej ako 20%<\/p>\n<\/li>\n<li data-start=\"541\" data-end=\"566\">\n<p data-start=\"543\" data-end=\"566\">Hmotnos\u0165 iba 886 g<\/p>\n<\/li>\n<li data-start=\"567\" data-end=\"624\">\n<p data-start=\"569\" data-end=\"624\">Vynikaj\u00faci jas F0,9 s technol\u00f3giou Light Pro zalo\u017eenou na umelej inteligencii<\/p>\n<\/li>\n<li data-start=\"625\" data-end=\"666\">\n<p data-start=\"627\" data-end=\"666\">Jednoduch\u00fd dizajn a intuit\u00edvne ovl\u00e1danie<\/p>\n<\/li>\n<\/ul>\n<p data-start=\"668\" data-end=\"1030\">Nov\u00e1 gener\u00e1cia digit\u00e1lnych pu\u0161koh\u013eadov Alpex Pro je vybaven\u00e1 sn\u00edma\u010dom s vysok\u00fdm rozl\u00ed\u0161en\u00edm 4512 \u00d7 2512 px (12 MP), ktor\u00fd zlep\u0161uje kvalitu obrazu a\u017e o 37%. V\u00fdrazne sa zlep\u0161ila \u010distota a detailnos\u0165 obrazu. Vysok\u00fa kvalitu si zachov\u00e1va 0,6\" displej AMOLED s rozl\u00ed\u0161en\u00edm 1920 \u00d7 1080 px, ktor\u00fd je o viac ako 20% v\u00e4\u010d\u0161\u00ed ako predch\u00e1dzaj\u00faca gener\u00e1cia.<\/p>\n<p data-start=\"1032\" data-end=\"1619\">Dokonca aj v s\u00famraku, detaily <strong data-start=\"1079\" data-end=\"1092\">Light Pro<\/strong> funkcie. Spracovanie obrazu zalo\u017een\u00e9 na umelej inteligencii optimalizuje jas na clonu F0,9, \u010d\u00edm v\u00fdrazne zlep\u0161uje kvalitu obrazu pri slabom osvetlen\u00ed. Jej v\u00fdhodou je aj to, \u017ee umo\u017e\u0148uje a\u017e o 30 min\u00fat dlh\u0161ie sledovanie za s\u00famraku so \u017eiv\u00fdmi farbami a z\u00e1rove\u0148 a\u017e trojn\u00e1sobne zni\u017euje ru\u0161iv\u00fd \u0161um. Funkcia je akt\u00edvna v no\u010dnom a s\u00famra\u010dnom re\u017eime, tak\u017ee obrysy zveri s\u00fa jasne vidite\u013en\u00e9 a \u017eiadny pohyb nezostane nepov\u0161imnut\u00fd.<\/p>\n<p data-start=\"1621\" data-end=\"1851\">\u013dahk\u00e1 kon\u0161trukcia a intuit\u00edvne ovl\u00e1danie zaru\u010duj\u00fa pohodln\u00e9 pou\u017e\u00edvanie aj v n\u00e1ro\u010dn\u00fdch podmienkach. V\u010faka stup\u0148u vodotesnosti IP67 <strong data-start=\"1791\" data-end=\"1809\">Alpex Pro A50P<\/strong> spo\u013eahliv\u00fd partner v da\u017edi a snehu.<\/p>\n<p data-start=\"1853\" data-end=\"2113\">Infra\u010derven\u00fd osvet\u013eova\u010d nie je s\u00fa\u010das\u0165ou dod\u00e1vky, ale v na\u0161om sortimente n\u00e1jdete vhodn\u00e9 rie\u0161enie. Vyberte si kvalitu <strong data-start=\"1968\" data-end=\"1981\">TenoSight<\/strong> na\u0161ich laserov\u00fdch osvet\u013eova\u010dov alebo origin\u00e1lneho pr\u00edslu\u0161enstva Hikmicro a zabezpe\u010duj\u00fa no\u010dn\u00fa detek\u010dn\u00fa vzdialenos\u0165 a\u017e 350 metrov.<\/p>\n<p data-start=\"2115\" data-end=\"2332\">Zariadenie je nap\u00e1jan\u00e9 tromi bat\u00e9riami - dvoma vstavan\u00fdmi a jednou vymenite\u013enou typu 18650 - ktor\u00e9 poskytuj\u00fa v\u00fddr\u017e a\u017e 7 hod\u00edn. Vstavan\u00fd re\u017eim sp\u00e1nku pom\u00e1ha zn\u00ed\u017ei\u0165 spotrebu energie.<\/p>\n<p data-start=\"2334\" data-end=\"2662\">So zabudovan\u00fdm \u00falo\u017eiskom s kapacitou a\u017e 64 GB m\u00f4\u017eete fotografova\u0165 a nahr\u00e1va\u0165 vide\u00e1 v rozl\u00ed\u0161en\u00ed 1920 \u00d7 1080 px. Zariadenie m\u00f4\u017eete tie\u017e pripoji\u0165 k po\u010d\u00edta\u010du alebo mobiln\u00e9mu telef\u00f3nu prostredn\u00edctvom pripojenia USB-C na jednoduch\u00e9 pripojenie k po\u010d\u00edta\u010du alebo mobiln\u00e9mu telef\u00f3nu. <strong data-start=\"2619\" data-end=\"2637\">HIKMICRO Sight<\/strong> pomocou aplik\u00e1cie.<\/p>\n<table dir=\"ltr\" style=\"width: 916px\" border=\"1\" cellspacing=\"0\" cellpadding=\"0\" data-sheets-root=\"1\" data-sheets-baot=\"1\">\n<colgroup>\n<col width=\"86\" \/>\n<col width=\"140\" \/><\/colgroup>\n<tbody>\n<tr>\n<td style=\"width: 436.575px\">Parameter<\/td>\n<td style=\"width: 474.625px\">Hodnota<\/td>\n<\/tr>\n<tr>\n<td style=\"width: 436.575px\">Senzor<\/td>\n<td style=\"width: 474.625px\">4512 \u00d7 2512 px<\/td>\n<\/tr>\n<tr>\n<td style=\"width: 436.575px\">Zobrazenie<\/td>\n<td style=\"width: 474.625px\">\n<div>\n<div>0,6\u2033 AMOLED, 1920 \u00d7 1080 px<\/div>\n<\/div>\n<\/td>\n<\/tr>\n<tr>\n<td style=\"width: 436.575px\">Obnovovacia frekvencia obrazu<\/td>\n<td style=\"width: 474.625px\">50 Hz<\/td>\n<\/tr>\n<tr>\n<td style=\"width: 436.575px\">\u0160o\u0161ovka<\/td>\n<td style=\"width: 474.625px\">50 mm<\/td>\n<\/tr>\n<tr>\n<td style=\"width: 436.575px\">Zaznamenan\u00e1 hodnota<\/td>\n<td style=\"width: 474.625px\">F1.8<\/td>\n<\/tr>\n<tr>\n<td style=\"width: 436.575px\">Zorn\u00e9 pole<\/td>\n<td style=\"width: 474.625px\">7,2\u00b0 \u00d7 4,0\u00b0<\/td>\n<\/tr>\n<tr>\n<td style=\"width: 436.575px\">Optick\u00e9 zv\u00e4\u010d\u0161enie<\/td>\n<td style=\"width: 474.625px\">4\u00d7<\/td>\n<\/tr>\n<tr>\n<td style=\"width: 436.575px\">Digit\u00e1lny zoom<\/td>\n<td style=\"width: 474.625px\">6\u00d7<\/td>\n<\/tr>\n<tr>\n<td style=\"width: 436.575px\">Dioptrick\u00e1 korekcia<\/td>\n<td style=\"width: 474.625px\">-5D - +3D<\/td>\n<\/tr>\n<tr>\n<td style=\"width: 436.575px\">Rozl\u00ed\u0161enie videa<\/td>\n<td style=\"width: 474.625px\">1920 \u00d7 1080 px<\/td>\n<\/tr>\n<tr>\n<td style=\"width: 436.575px\">Fotografovanie<\/td>\n<td style=\"width: 474.625px\">\u00c1no<\/td>\n<\/tr>\n<tr>\n<td style=\"width: 436.575px\">Nahr\u00e1vanie zvuku<\/td>\n<td style=\"width: 474.625px\">\u00c1no<\/td>\n<\/tr>\n<tr>\n<td style=\"width: 436.575px\">Nahr\u00e1vanie po sn\u00edman\u00ed<\/td>\n<td style=\"width: 474.625px\">\u00c1no<\/td>\n<\/tr>\n<tr>\n<td style=\"width: 436.575px\">Denn\u00e1 detek\u010dn\u00e1 vzdialenos\u0165<\/td>\n<td style=\"width: 474.625px\">1500 m<\/td>\n<\/tr>\n<tr>\n<td style=\"width: 436.575px\">No\u010dn\u00e1 detek\u010dn\u00e1 vzdialenos\u0165<\/td>\n<td style=\"width: 474.625px\">do 350 m<\/td>\n<\/tr>\n<tr>\n<td style=\"width: 436.575px\">Extern\u00fd infra\u010derven\u00fd osvet\u013eova\u010d<\/td>\n<td style=\"width: 474.625px\">\n<div>\n<div>Nie je s\u00fa\u010das\u0165ou dod\u00e1vky, verzia 850 \/ 940 nm je k dispoz\u00edcii v na\u0161om webovom obchode<\/div>\n<\/div>\n<\/td>\n<\/tr>\n<tr>\n<td style=\"width: 436.575px\">Stupe\u0148 krytia<\/td>\n<td style=\"width: 474.625px\">IP67<\/td>\n<\/tr>\n<tr>\n<td style=\"width: 436.575px\">Wi-Fi<\/td>\n<td style=\"width: 474.625px\">\u00c1no<\/td>\n<\/tr>\n<tr>\n<td style=\"width: 436.575px\">Pam\u00e4\u0165<\/td>\n<td style=\"width: 474.625px\">Vstavan\u00fd, 64 GB<\/td>\n<\/tr>\n<tr>\n<td style=\"width: 436.575px\">Prev\u00e1dzkov\u00e1 teplota<\/td>\n<td style=\"width: 474.625px\">-30 \u00b0C - +55 \u00b0C<\/td>\n<\/tr>\n<tr>\n<td style=\"width: 436.575px\">Bat\u00e9ria<\/td>\n<td style=\"width: 474.625px\">\n<div>\n<div>2\u00d7 vstavan\u00fd + 1\u00d7 vymenite\u013en\u00fd 18650<\/div>\n<\/div>\n<\/td>\n<\/tr>\n<tr>\n<td style=\"width: 436.575px\">V\u00fddr\u017e bat\u00e9rie<\/td>\n<td style=\"width: 474.625px\">a\u017e 7 hod\u00edn<\/td>\n<\/tr>\n<tr>\n<td style=\"width: 436.575px\">Priemer r\u00farky<\/td>\n<td style=\"width: 474.625px\">30 mm<\/td>\n<\/tr>\n<tr>\n<td style=\"width: 436.575px\">Rozmery<\/td>\n<td style=\"width: 474.625px\">443 \u00d7 70 \u00d7 91 mm<\/td>\n<\/tr>\n<tr>\n<td style=\"width: 436.575px\">Hmotnos\u0165<\/td>\n<td style=\"width: 474.625px\">852 g<\/td>\n<\/tr>\n<\/tbody>\n<\/table>\n<p data-start=\"0\" data-end=\"22\"><strong data-start=\"0\" data-end=\"22\">Obsah balenia:<\/strong><\/p>\n<ul>\n<li data-start=\"26\" data-end=\"61\">Pu\u0161koh\u013ead Hikmicro Alpex Pro A50P<\/li>\n<li data-start=\"64\" data-end=\"105\">Kvalitn\u00e1 prepravn\u00e1 ta\u0161ka s logom HIKMICRO<\/li>\n<li data-start=\"108\" data-end=\"131\">Pripojovac\u00ed k\u00e1bel USB-C<\/li>\n<li data-start=\"134\" data-end=\"156\">1\u00d7 bat\u00e9ria 18650<\/li>\n<li data-start=\"159\" data-end=\"181\">\u010cistiaca handri\u010dka na optiku<\/li>\n<li data-start=\"184\" data-end=\"202\">Nab\u00edja\u010dka bat\u00e9ri\u00ed<\/li>\n<li data-start=\"205\" data-end=\"250\">N\u00e1vod na pou\u017eitie<\/li>\n<\/ul>\n<p>Ofici\u00e1lna str\u00e1nka zna\u010dky: <a href=\"https:\/\/www.hikmicrotech.com\/hu\/\">https:\/\/www.hikmicrotech.com\/hu\/<\/a><\/p>","protected":false},"excerpt":{"rendered":"<p>Hikmicro <strong>ALPEX PRO A50P <\/strong>pu\u0161koh\u013ead, no\u010dn\u00fd zameriava\u010d:<\/p>\n<ul>\n<li>Sn\u00edma\u010d: 4512 \u00d7 2512 px (12 MP)<\/li>\n<li>Objekt\u00edv: 50 mm<\/li>\n<li>Detek\u010dn\u00e1 vzdialenos\u0165: do 350 m<\/li>\n<li>Optick\u00e9 zv\u00e4\u010d\u0161enie: 4\u00d7<\/li>\n<li>Digit\u00e1lny zoom: a\u017e 6\u00d7<\/li>\n<li>Displej: 0,6\u2033 AMOLED, 1920 \u00d7 1080 px<\/li>\n<li>Obnovovacia frekvencia obrazu: 50 Hz<\/li>\n<li>Pripojenie extern\u00e9ho infra\u010derven\u00e9ho osvet\u013eova\u010da (nie je s\u00fa\u010das\u0165ou dod\u00e1vky): 850\/940 nm<\/li>\n<li>Prev\u00e1dzkov\u00e9 re\u017eimy: de\u0148 \/ s\u00famrak \/ noc \/ automatick\u00fd \/ zelen\u00fd \/ oran\u017eov\u00fd<\/li>\n<li>Funkcia: Light Pro<\/li>\n<li>Rozl\u00ed\u0161enie videa: 1920 \u00d7 1080 px<\/li>\n<li>Prev\u00e1dzkov\u00fd \u010das: a\u017e 7 hod\u00edn<\/li>\n<li>Nap\u00e1janie: 2\u00d7 vstavan\u00e1 bat\u00e9ria + 1\u00d7 vymenite\u013en\u00e1 bat\u00e9ria 18650<\/li>\n<\/ul>","protected":false},"featured_media":8186,"comment_status":"open","ping_status":"closed","template":"","meta":[],"product_brand":[],"product_cat":[30,39],"product_tag":[244,32,41,31],"class_list":{"0":"post-8181","1":"product","2":"type-product","3":"status-publish","4":"has-post-thumbnail","6":"product_cat-celtavcso","7":"product_cat-digitalis-ejjellato","8":"product_tag-alpex","9":"product_tag-celtavcso","10":"product_tag-digitalis-ejjellato","11":"product_tag-hikmicro","13":"first","14":"instock","15":"featured","16":"taxable","17":"shipping-taxable","18":"purchasable","19":"product-type-simple"},"jetpack_sharing_enabled":true,"_links":{"self":[{"href":"https:\/\/bestoptika.eu\/sk\/wp-json\/wp\/v2\/product\/8181","targetHints":{"allow":["GET"]}}],"collection":[{"href":"https:\/\/bestoptika.eu\/sk\/wp-json\/wp\/v2\/product"}],"about":[{"href":"https:\/\/bestoptika.eu\/sk\/wp-json\/wp\/v2\/types\/product"}],"replies":[{"embeddable":true,"href":"https:\/\/bestoptika.eu\/sk\/wp-json\/wp\/v2\/comments?post=8181"}],"wp:featuredmedia":[{"embeddable":true,"href":"https:\/\/bestoptika.eu\/sk\/wp-json\/wp\/v2\/media\/8186"}],"wp:attachment":[{"href":"https:\/\/bestoptika.eu\/sk\/wp-json\/wp\/v2\/media?parent=8181"}],"wp:term":[{"taxonomy":"product_brand","embeddable":true,"href":"https:\/\/bestoptika.eu\/sk\/wp-json\/wp\/v2\/product_brand?post=8181"},{"taxonomy":"product_cat","embeddable":true,"href":"https:\/\/bestoptika.eu\/sk\/wp-json\/wp\/v2\/product_cat?post=8181"},{"taxonomy":"product_tag","embeddable":true,"href":"https:\/\/bestoptika.eu\/sk\/wp-json\/wp\/v2\/product_tag?post=8181"}],"curies":[{"name":"wp","href":"https:\/\/api.w.org\/{rel}","templated":true}]}}