{"id":833,"date":"2024-06-02T14:49:53","date_gmt":"2024-06-02T12:49:53","guid":{"rendered":"https:\/\/bestoptika.eu\/?post_type=product&#038;p=833"},"modified":"2025-12-13T22:32:05","modified_gmt":"2025-12-13T21:32:05","slug":"hikmicro-raptor-rh50l","status":"publish","type":"product","link":"https:\/\/bestoptika.eu\/sk\/product\/hikmicro-raptor-rh50l\/","title":{"rendered":"Hikmicro RAPTOR RH50L Termov\u00edzny binokul\u00e1r"},"content":{"rendered":"<p><span style=\"font-weight: 400;\">A <\/span><b>S\u00e9ria Hikmicro Raptor<\/b><span style=\"font-weight: 400;\"> Ru\u010dn\u00e9, dvojzorn\u00edkov\u00e9, dvojspektr\u00e1lne termokamery so stredn\u00fdm a vysok\u00fdm rozl\u00ed\u0161en\u00edm termokamery s mimoriadne citlivou no\u010dnou\/dennou optickou kamerou, zabudovan\u00fdm laserov\u00fdm dia\u013ekomerom a zabudovan\u00fdm infra\u010derven\u00fdm \u017eiari\u010dom a rozl\u00ed\u0161en\u00edm 1024 \u00d7 768 pixelov, <\/span><b>OLED <\/b><span style=\"font-weight: 400;\">maj\u00fa displej. Z\u00edskan\u00e9 z <\/span><b>RH50L<\/b><span style=\"font-weight: 400;\"> Typ <\/span><b>stredn\u00e9 rozl\u00ed\u0161enie 384\u00d7288<\/b><span style=\"font-weight: 400;\"> pixelov\u00fd sn\u00edma\u010d s ultravysokou tepelnou citlivos\u0165ou (NETD&lt;20mK) s rozl\u00ed\u0161en\u00edm obrazu 2560 x 1440 pixelov <\/span><b>ultra citliv\u00e9<\/b><span style=\"font-weight: 400;\"> (0,001 lux) <\/span><b>optick\u00e1 kamera na denn\u00e9\/no\u010dn\u00e9 pou\u017eitie<\/b><span style=\"font-weight: 400;\"> a <\/span><b>laserov\u00fd dia\u013ekomer<\/b><span style=\"font-weight: 400;\"> obsahuje aj. <\/span><\/p>\n<p>&nbsp;<\/p>\n<table>\n<tbody>\n<tr>\n<td colspan=\"2\"><b>Hlavn\u00e9 funkcie<\/b><\/td>\n<\/tr>\n<tr>\n<td><span style=\"font-weight: 400;\">Maxim\u00e1lne rozl\u00ed\u0161enie<\/span><\/td>\n<td><span style=\"font-weight: 400;\">384 \u00d7 288<\/span><\/td>\n<\/tr>\n<tr>\n<td><span style=\"font-weight: 400;\">Aktualiz\u00e1cia obr\u00e1zkov<\/span><\/td>\n<td><span style=\"font-weight: 400;\">25 Hz<\/span><\/td>\n<\/tr>\n<tr>\n<td><span style=\"font-weight: 400;\">NETD<\/span><\/td>\n<td><span style=\"font-weight: 400;\">Menej ako 20mK<\/span><\/td>\n<\/tr>\n<tr>\n<td><span style=\"font-weight: 400;\">\u0160o\u0161ovka<\/span><\/td>\n<td><span style=\"font-weight: 400;\">50 mm, F0,9<\/span><\/td>\n<\/tr>\n<tr>\n<td><span style=\"font-weight: 400;\">Zorn\u00fd uhol<\/span><\/td>\n<td><span style=\"font-weight: 400;\">5,3\u00b0 \u00d7 4,0\u00b0 \uff08H \u00d7 V\uff09\/ 9,3 m \u00d7 7,0 m<\/span><\/td>\n<\/tr>\n<tr>\n<td><span style=\"font-weight: 400;\">Zv\u00e4\u010d\u0161i\u0165<\/span><\/td>\n<td><span style=\"font-weight: 400;\">5.7\u00d7 - 91.2\u00d7 (16\u00d7)<\/span><\/td>\n<\/tr>\n<tr>\n<td><span style=\"font-weight: 400;\">Detek\u010dn\u00e1 vzdialenos\u0165<\/span><\/td>\n<td><span style=\"font-weight: 400;\">2600m<\/span><\/td>\n<\/tr>\n<tr>\n<td colspan=\"2\"><b>Optick\u00fd modul<\/b><\/td>\n<\/tr>\n<tr>\n<td><span style=\"font-weight: 400;\">Detek\u010dn\u00e1 vzdialenos\u0165<\/span><\/td>\n<td><span style=\"font-weight: 400;\">400m\u00a0<\/span><\/td>\n<\/tr>\n<tr>\n<td><span style=\"font-weight: 400;\">Vlnov\u00e1 d\u013a\u017eka IR odpa\u013eovacieho zariadenia<\/span><\/td>\n<td><span style=\"font-weight: 400;\">850 nm<\/span><\/td>\n<\/tr>\n<tr>\n<td colspan=\"2\"><b>Zobrazenie<\/b><\/td>\n<\/tr>\n<tr>\n<td><span style=\"font-weight: 400;\">Max. rozl\u00ed\u0161enie<\/span><\/td>\n<td><span style=\"font-weight: 400;\">0,39 palca, OLED, 1024 \u00d7768<\/span><\/td>\n<\/tr>\n<tr>\n<td><span style=\"font-weight: 400;\">Re\u017eim FFC<\/span><\/td>\n<td><span style=\"font-weight: 400;\">Automatick\u00e1, manu\u00e1lna, extern\u00e1 korekcia<\/span><\/td>\n<\/tr>\n<tr>\n<td colspan=\"2\"><b>V\u0161eobecn\u00e9<\/b><\/td>\n<\/tr>\n<tr>\n<td><span style=\"font-weight: 400;\">Mechanick\u00e1 ochrana<\/span><\/td>\n<td><span style=\"font-weight: 400;\">IP67<\/span><\/td>\n<\/tr>\n<tr>\n<td><span style=\"font-weight: 400;\">Hmotnos\u0165<\/span><\/td>\n<td><span style=\"font-weight: 400;\">980g<\/span><\/td>\n<\/tr>\n<tr>\n<td><span style=\"font-weight: 400;\">Rozmery<\/span><\/td>\n<td><span style=\"font-weight: 400;\">217,5 mm \u00d7 155,0 mm \u00d7 87,5 mm<\/span><\/td>\n<\/tr>\n<tr>\n<td><span style=\"font-weight: 400;\">Prev\u00e1dzkov\u00e1 teplota<\/span><\/td>\n<td><span style=\"font-weight: 400;\">-30\u00b0C a\u017e +55\u00b0C<\/span><\/td>\n<\/tr>\n<tr>\n<td><span style=\"font-weight: 400;\">Ukladanie<\/span><\/td>\n<td><span style=\"font-weight: 400;\">Zabudovan\u00e1 pam\u00e4\u0165 EMMC (64 GB)<\/span><\/td>\n<\/tr>\n<tr>\n<td colspan=\"2\"><b>Dod\u00e1vka elektrickej energie<\/b><\/td>\n<\/tr>\n<tr>\n<td><span style=\"font-weight: 400;\">Bat\u00e9ria<\/span><\/td>\n<td><span style=\"font-weight: 400;\">Vymenite\u013en\u00e1 a dob\u00edjate\u013en\u00e1 l\u00edtiov\u00e1 bat\u00e9ria<\/span><\/td>\n<\/tr>\n<tr>\n<td><span style=\"font-weight: 400;\">Prev\u00e1dzkov\u00e9 hodiny<\/span><\/td>\n<td><span style=\"font-weight: 400;\">8 hod\u00edn <\/span><span style=\"font-weight: 400;\">(25 \u00b0C, Wi-Fi vypnut\u00e9)<\/span><\/td>\n<\/tr>\n<tr>\n<td><span style=\"font-weight: 400;\">Z\u00e1suvka nab\u00edja\u010dky<\/span><\/td>\n<td><span style=\"font-weight: 400;\">5 V DC\/2 A, typ C\u00a0<\/span><\/td>\n<\/tr>\n<tr>\n<td colspan=\"2\"><b>Laserov\u00fd dia\u013ekomer<\/b><\/td>\n<\/tr>\n<tr>\n<td><span style=\"font-weight: 400;\">Oddelenie laserovej bezpe\u010dnosti<\/span><\/td>\n<td><span style=\"font-weight: 400;\">Trieda 1<\/span><\/td>\n<\/tr>\n<tr>\n<td><span style=\"font-weight: 400;\">Vlnov\u00e1 d\u013a\u017eka<\/span><\/td>\n<td><span style=\"font-weight: 400;\">905 nm<\/span><\/td>\n<\/tr>\n<tr>\n<td><span style=\"font-weight: 400;\">Meranie maxim\u00e1lnej vzdialenosti<\/span><\/td>\n<td><span style=\"font-weight: 400;\">1000 m<\/span><\/td>\n<\/tr>\n<tr>\n<td><span style=\"font-weight: 400;\">Vzdialenos\u0165 merania<\/span><\/td>\n<td><span style=\"font-weight: 400;\">\u00b11m<\/span><\/td>\n<\/tr>\n<\/tbody>\n<\/table>\n<p><a href=\"https:\/\/www.hikmicrotech.com\/en\/outdoor-products\/raptor-thermal-binocular\/\">https:\/\/www.hikmicrotech.com\/en\/outdoor-products\/raptor-thermal-binocular\/<\/a><\/p>","protected":false},"excerpt":{"rendered":"<ul>\n<li style=\"font-weight: 400;\"><span style=\"font-weight: 400;\">Kombinovan\u00fd obraz z dvojspektr\u00e1lnej, zn\u00e1mej aj ako dvojspektr\u00e1lna kamera, umo\u017e\u0148uje presnej\u0161iu a skor\u0161iu detekciu ako pri pou\u017eit\u00ed len termokamery<\/span><\/li>\n<li style=\"font-weight: 400;\"><span style=\"font-weight: 400;\">DDE - digit\u00e1lne vylep\u0161enie detailov<\/span><\/li>\n<li style=\"font-weight: 400;\"><span style=\"font-weight: 400;\">V\u010faka 50 mm objekt\u00edvu a 12 mikr\u00f3nov\u00e9mu sn\u00edma\u010du mo\u017eno rozpozna\u0165 \u013eudsk\u00fa postavu alebo jele\u0148a a\u017e na vzdialenos\u0165 2600 metrov.<\/span><\/li>\n<li style=\"font-weight: 400;\"><span style=\"font-weight: 400;\">Displej OLED s rozl\u00ed\u0161en\u00edm 1024 \u00d7 768 pixelov poskytuje ostr\u00fd a jasn\u00fd obraz<\/span><\/li>\n<\/ul>","protected":false},"featured_media":840,"comment_status":"open","ping_status":"closed","template":"","meta":[],"product_brand":[],"product_cat":[17],"product_tag":[31,18],"class_list":{"0":"post-833","1":"product","2":"type-product","3":"status-publish","4":"has-post-thumbnail","6":"product_cat-hokamera-kereso","7":"product_tag-hikmicro","8":"product_tag-hokamera","10":"first","11":"outofstock","12":"taxable","13":"shipping-taxable","14":"purchasable","15":"product-type-simple"},"jetpack_sharing_enabled":true,"_links":{"self":[{"href":"https:\/\/bestoptika.eu\/sk\/wp-json\/wp\/v2\/product\/833","targetHints":{"allow":["GET"]}}],"collection":[{"href":"https:\/\/bestoptika.eu\/sk\/wp-json\/wp\/v2\/product"}],"about":[{"href":"https:\/\/bestoptika.eu\/sk\/wp-json\/wp\/v2\/types\/product"}],"replies":[{"embeddable":true,"href":"https:\/\/bestoptika.eu\/sk\/wp-json\/wp\/v2\/comments?post=833"}],"wp:featuredmedia":[{"embeddable":true,"href":"https:\/\/bestoptika.eu\/sk\/wp-json\/wp\/v2\/media\/840"}],"wp:attachment":[{"href":"https:\/\/bestoptika.eu\/sk\/wp-json\/wp\/v2\/media?parent=833"}],"wp:term":[{"taxonomy":"product_brand","embeddable":true,"href":"https:\/\/bestoptika.eu\/sk\/wp-json\/wp\/v2\/product_brand?post=833"},{"taxonomy":"product_cat","embeddable":true,"href":"https:\/\/bestoptika.eu\/sk\/wp-json\/wp\/v2\/product_cat?post=833"},{"taxonomy":"product_tag","embeddable":true,"href":"https:\/\/bestoptika.eu\/sk\/wp-json\/wp\/v2\/product_tag?post=833"}],"curies":[{"name":"wp","href":"https:\/\/api.w.org\/{rel}","templated":true}]}}