{"id":8541,"date":"2026-03-28T14:34:28","date_gmt":"2026-03-28T13:34:28","guid":{"rendered":"https:\/\/bestoptika.eu\/?post_type=product&#038;p=8541"},"modified":"2026-03-28T14:34:28","modified_gmt":"2026-03-28T13:34:28","slug":"pulsar-symbion-dxr50-lrf-multispektralis-keresotavcso","status":"publish","type":"product","link":"https:\/\/bestoptika.eu\/sk\/product\/pulsar-symbion-dxr50-lrf-multispektralis-keresotavcso\/","title":{"rendered":"Pulsar Symbion DXR50 LRF multispektr\u00e1lny binokul\u00e1r s laserov\u00fdm dia\u013ekomerom"},"content":{"rendered":"<p><strong>Pulsar Symbion DXR50 LRF multispektr\u00e1lny binokul\u00e1r s laserov\u00fdm dia\u013ekomerom<\/strong><\/p>\n<p data-start=\"0\" data-end=\"79\"><strong data-start=\"0\" data-end=\"79\">Digit\u00e1lna presnos\u0165 a tepeln\u00e1 presnos\u0165 pre nepretr\u017eit\u00fa prev\u00e1dzku 24\/7<\/strong><\/p>\n<p data-start=\"81\" data-end=\"328\">Termov\u00edzne \u010falekoh\u013eady Symbion LRF s\u00fa k dispoz\u00edcii v dvoch modeloch: DXT50 a DXR50. Kombinuj\u00fa digit\u00e1lny 4K sn\u00edma\u010d pre jasn\u00e9 pozorovanie za denn\u00e9ho svetla a za s\u00famraku s pr\u00e9miov\u00fdm termov\u00edznym sn\u00edma\u010dom na detekciu tepelnej stopy za ak\u00fdchko\u013evek podmienok.<\/p>\n<p data-start=\"330\" data-end=\"550\">Vstavan\u00fd infra\u010derven\u00fd pr\u00edsvit zabezpe\u010duje spo\u013eahliv\u00fa vidite\u013enos\u0165 pri zhor\u0161en\u00fdch sveteln\u00fdch podmienkach, zatia\u013e \u010do re\u017eim obraz v obraze umo\u017e\u0148uje sledova\u0165 oba kan\u00e1ly s\u00fa\u010dasne pre kompletn\u00fd preh\u013ead o situ\u00e1cii.<\/p>\n<p data-start=\"552\" data-end=\"806\" data-is-last-node=\"\" data-is-only-node=\"\">Integrovan\u00fd laserov\u00fd dia\u013ekomer poskytuje r\u00fdchle a presn\u00e9 meranie vzdialenosti. Intuit\u00edvne a odoln\u00e9 telo umo\u017e\u0148uje pohodln\u00e9 ovl\u00e1danie jednou rukou a je kon\u0161truovan\u00e9 tak, aby odolalo n\u00e1ro\u010dn\u00e9mu profesion\u00e1lnemu pou\u017eitiu v ter\u00e9ne.<\/p>\n<p data-start=\"552\" data-end=\"806\" data-is-last-node=\"\" data-is-only-node=\"\"><strong data-start=\"0\" data-end=\"32\" data-is-only-node=\"\">Multispektr\u00e1lne zobrazenie<\/strong><\/p>\n<p data-start=\"552\" data-end=\"806\" data-is-last-node=\"\" data-is-only-node=\"\">Plynule prep\u00ednajte medzi plnofarebn\u00fdm denn\u00fdm alebo termov\u00edznym zobrazen\u00edm, digit\u00e1lnym no\u010dn\u00fdm zobrazen\u00edm tak za s\u00famraku, ako aj v\u010faka vstavan\u00e9mu IR pr\u00edsvitu aj v \u00faplnej tme. Skenujte ter\u00e9n, detekujte tepeln\u00e9 stopy a r\u00fdchlej\u0161ie identifikujte ciele pre sebavedom\u00e9 a informovan\u00e9 rozhodnutia.<\/p>\n<div class=\"products__description\">\n<p><strong>4K digit\u00e1lny plnofarebn\u00fd senzor<\/strong><\/p>\n<p>Za\u017eite s\u00fdte a detailn\u00e9 farby obrazu po\u010das denn\u00e9ho pozorovania, jasn\u00fa vidite\u013enos\u0165 za s\u00famraku a vysokokontrastn\u00fd obraz v noci. Vstavan\u00e9 infra\u010derven\u00e9 osvetlenie zabezpe\u010duje spo\u013eahliv\u00fd v\u00fdkon pri slabom osvetlen\u00ed, \u010do v\u00e1m umo\u017e\u0148uje 24\/7 skenova\u0165 ter\u00e9n a identifikova\u0165 zver.<\/p>\n<p><strong data-start=\"0\" data-end=\"22\" data-is-only-node=\"\">Termov\u00edzne senzory<\/strong><\/p>\n<p>Udr\u017eujte si stabiln\u00fd obraz aj pri ve\u013ekom zv\u00e4\u010d\u0161en\u00ed. Elektronick\u00e1 stabiliz\u00e1cia obrazu zni\u017euje rozmazanie sp\u00f4soben\u00e9 pohybom a kompenzuje pohyby r\u00fak, \u010do v\u00e1m umo\u017e\u0148uje bez n\u00e1mahy sledova\u0165 zvierat\u00e1, skenova\u0165 ter\u00e9n a vytv\u00e1ra\u0165 ostr\u00e9 a jasn\u00e9 sn\u00edmky.<\/p>\n<p><strong data-start=\"0\" data-end=\"19\" data-is-only-node=\"\">Stabiliz\u00e1cia obrazu<\/strong><\/p>\n<p>Elektronick\u00e1 stabiliz\u00e1cia obrazu zni\u017euje rozmazanie sp\u00f4soben\u00e9 pohybom a kompenzuje pohyb r\u00fak, tak\u017ee m\u00f4\u017eete \u013eahko sledova\u0165 zvierat\u00e1, pos\u00fava\u0165 pole a zachyt\u00e1va\u0165 ostr\u00e9 a jasn\u00e9 z\u00e1bery.<\/p>\n<p data-start=\"0\" data-end=\"337\"><strong data-start=\"0\" data-end=\"38\">Optimalizovan\u00e9 na pou\u017e\u00edvanie jednou rukou<\/strong><\/p>\n<p data-start=\"0\" data-end=\"337\">Ovl\u00e1dajte jednoducho a pohodlne jednou rukou v\u010faka dvojit\u00fdm zaostrovac\u00edm kolieskam s centr\u00e1lnym zaostrovan\u00edm a intuit\u00edvne umiestnen\u00fdm ovl\u00e1dac\u00edm prvkom. Je navrhnut\u00fd pre \u013eav\u00e1kov aj prav\u00e1kov, tak\u017ee nastavenie je prirodzen\u00e9 a vy sa m\u00f4\u017eete s\u00fastredi\u0165 na akciu.<\/p>\n<p data-start=\"339\" data-end=\"632\"><strong data-start=\"339\" data-end=\"373\">Vstavan\u00fd laserov\u00fd dia\u013ekomer<\/strong><\/p>\n<p data-start=\"339\" data-end=\"632\">Zmerajte vzdialenosti r\u00fdchlo a presne a\u017e do 1500 m pomocou v\u00fdkonn\u00e9ho laserov\u00e9ho dia\u013ekomera. Prep\u00ednajte medzi re\u017eimom skenovania a jednotliv\u00e9ho merania, aby ste okam\u017eite vyhodnotili vzdialenos\u0165 a s istotou si napl\u00e1novali \u010fal\u0161\u00ed krok.<\/p>\n<p data-start=\"634\" data-end=\"889\"><strong data-start=\"634\" data-end=\"673\">Kombinovan\u00e9 multispektr\u00e1lne re\u017eimy PiP<\/strong><\/p>\n<p data-start=\"634\" data-end=\"889\">Zobrazujte digit\u00e1lne a term\u00e1lne kan\u00e1ly s\u00fa\u010dasne v re\u017eime obraz v obraze, aby ste mohli s istotou detegova\u0165, potvrdzova\u0165 a sledova\u0165 ciele aj v zlo\u017eit\u00fdch podmienkach alebo pri zn\u00ed\u017eenej vidite\u013enosti.<\/p>\n<p data-start=\"891\" data-end=\"1164\"><strong data-start=\"891\" data-end=\"920\">Vstavan\u00fd IR pr\u00edsvit<\/strong><\/p>\n<p data-start=\"891\" data-end=\"1164\">Zachovajte si jasn\u00fa vidite\u013enos\u0165 aj v \u00faplnej tme v\u010faka zaostrite\u013en\u00e9mu infra\u010derven\u00e9mu pr\u00edsvitu s vlnovou d\u013a\u017ekou 850 nm. Tri nastavite\u013en\u00e9 \u00farovne v\u00fdkonu sa prisp\u00f4sobia meniacim sa podmienkam a zabezpe\u010dia, \u017ee \u017eiadny pohyb nezostane bez pov\u0161imnutia.<\/p>\n<p data-start=\"1166\" data-end=\"1458\"><strong data-start=\"1166\" data-end=\"1189\">Nov\u00e9 grafick\u00e9 rozhranie<\/strong><\/p>\n<p data-start=\"1166\" data-end=\"1458\">R\u00fdchle prech\u00e1dzanie nastaven\u00ed v\u010faka intuit\u00edvnemu rozhraniu, ktor\u00e9 zabezpe\u010duje jasn\u00fd preh\u013ead a jednoduch\u00fd pr\u00edstup ku k\u013e\u00fa\u010dov\u00fdm funkci\u00e1m. Tr\u00e1vte menej \u010dasu nastavovan\u00edm a viac \u010dasu pozorovan\u00edm, sledovan\u00edm a sebavedom\u00fdm rozhodovan\u00edm v ter\u00e9ne.<\/p>\n<p data-section-id=\"1lyhxaf\" data-start=\"1465\" data-end=\"1485\"><strong>\u010eal\u0161ie funkcie:<\/strong><\/p>\n<ul data-start=\"1486\" data-end=\"1923\" data-is-last-node=\"\" data-is-only-node=\"\">\n<li data-section-id=\"sk3ugr\" data-start=\"1486\" data-end=\"1518\">Haptick\u00e1 vibra\u010dn\u00e1 sp\u00e4tn\u00e1 v\u00e4zba<\/li>\n<li data-section-id=\"x094e\" data-start=\"1519\" data-end=\"1552\">Inteligentn\u00e9 monitorovanie energie<\/li>\n<li data-section-id=\"pazg2k\" data-start=\"1553\" data-end=\"1585\">Klasick\u00fd binokul\u00e1rny dizajn<\/li>\n<li data-section-id=\"1xtyej0\" data-start=\"1586\" data-end=\"1620\">Nahr\u00e1vanie fotografi\u00ed a vide\u00ed so zvukom<\/li>\n<li data-section-id=\"yb8k64\" data-start=\"1621\" data-end=\"1654\">Hmatov\u00fd 3-polohov\u00fd vyp\u00edna\u010d<\/li>\n<li data-section-id=\"1o0tp9r\" data-start=\"1655\" data-end=\"1694\">Zobrazenie skuto\u010dnej horizont\u00e1lnej vzdialenosti<\/li>\n<li data-section-id=\"vu5oxv\" data-start=\"1695\" data-end=\"1752\">Podpora aplik\u00e1ci\u00ed Stream Vision 2 a Stream Vision Ballistics<\/li>\n<li data-section-id=\"sg9vwr\" data-start=\"1753\" data-end=\"1790\">Zabudovan\u00e1 balistick\u00e1 kalkula\u010dka<\/li>\n<li data-section-id=\"1hqdvpj\" data-start=\"1791\" data-end=\"1824\">3 \u00farovne zosilnenia citlivosti<\/li>\n<li data-section-id=\"166b322\" data-start=\"1825\" data-end=\"1854\">Re\u017eim sp\u00e1nku \u0161etriaci energiu<\/li>\n<li data-section-id=\"1gui0jd\" data-start=\"1855\" data-end=\"1891\">4 re\u017eimy zobrazenia digit\u00e1lneho obrazu<\/li>\n<li data-section-id=\"1qgakv0\" data-start=\"1892\" data-end=\"1923\" data-is-last-node=\"\">Hmatov\u00fd 3-polohov\u00fd vyp\u00edna\u010d<\/li>\n<\/ul>\n<table dir=\"ltr\" style=\"width: 941px\" border=\"1\" cellspacing=\"0\" cellpadding=\"0\" data-sheets-root=\"1\" data-sheets-baot=\"1\">\n<colgroup>\n<col width=\"100\" \/>\n<col width=\"100\" \/><\/colgroup>\n<tbody>\n<tr>\n<td style=\"width: 457.575px\">Vlastn\u00edctvo<\/td>\n<td style=\"width: 478.625px\">Hodnota<\/td>\n<\/tr>\n<tr>\n<td style=\"width: 457.575px\">Zv\u00e4\u010d\u0161i\u0165<\/td>\n<td style=\"width: 478.625px\">\n<div>\n<div>Termo: 4-32\u00d7 | Digit\u00e1lne: 6,5-26\u00d7<\/div>\n<\/div>\n<\/td>\n<\/tr>\n<tr>\n<td style=\"width: 457.575px\">Digit\u00e1lny zoom<\/td>\n<td style=\"width: 478.625px\">\n<div>\n<div>Termo: 8\u00d7 | Digit\u00e1lne: 4\u00d7<\/div>\n<\/div>\n<\/td>\n<\/tr>\n<tr>\n<td style=\"width: 457.575px\">Tepeln\u00e1 citlivos\u0165 (zariadenie)<\/td>\n<td style=\"width: 478.625px\">Termo: &lt; 18 mK<\/td>\n<\/tr>\n<tr>\n<td style=\"width: 457.575px\">Senzor<\/td>\n<td style=\"width: 478.625px\">\n<div>\n<div>Termo: nechladen\u00fd mikrobolometer | Digit\u00e1lny: CMOS 4K<\/div>\n<\/div>\n<\/td>\n<\/tr>\n<tr>\n<td style=\"width: 457.575px\">Ve\u013ekos\u0165 pixelov<\/td>\n<td style=\"width: 478.625px\">Termo: 12 \u00b5m<\/td>\n<\/tr>\n<tr>\n<td style=\"width: 457.575px\">Rozl\u00ed\u0161enie senzora<\/td>\n<td style=\"width: 478.625px\">\n<div>\n<div>Termo: 640 \u00d7 480 | Digit\u00e1lne: 3840 \u00d7 2160<\/div>\n<\/div>\n<\/td>\n<\/tr>\n<tr>\n<td style=\"width: 457.575px\">Tepeln\u00e1 citlivos\u0165 sn\u00edma\u010da<\/td>\n<td style=\"width: 478.625px\">Termo: &lt; 35 mK<\/td>\n<\/tr>\n<tr>\n<td style=\"width: 457.575px\">Dia\u013ekomer<\/td>\n<td style=\"width: 478.625px\">\n<div>\n<div>1500 m (laser 905 nm, trieda 1)<\/div>\n<\/div>\n<\/td>\n<\/tr>\n<tr>\n<td style=\"width: 457.575px\">Presnos\u0165 merania<\/td>\n<td style=\"width: 478.625px\">1 m<\/td>\n<\/tr>\n<tr>\n<td style=\"width: 457.575px\">Rozl\u00ed\u0161enie displeja<\/td>\n<td style=\"width: 478.625px\">1920 \u00d7 1080 px<\/td>\n<\/tr>\n<tr>\n<td style=\"width: 457.575px\">Obnovovacia frekvencia obrazu<\/td>\n<td style=\"width: 478.625px\">50 Hz<\/td>\n<\/tr>\n<tr>\n<td style=\"width: 457.575px\">Typ displeja<\/td>\n<td style=\"width: 478.625px\">\n<div>\n<div>MicroLED (AMOLED)<\/div>\n<\/div>\n<\/td>\n<\/tr>\n<tr>\n<td style=\"width: 457.575px\">Detek\u010dn\u00e1 vzdialenos\u0165<\/td>\n<td style=\"width: 478.625px\">Termo: 2300 m<\/td>\n<\/tr>\n<tr>\n<td style=\"width: 457.575px\">Parametre objekt\u00edvu:<\/td>\n<td style=\"width: 478.625px\">\n<div>\n<div>Termo: F50\/1,0 | Digit\u00e1lne: F50\/1,8<\/div>\n<\/div>\n<\/td>\n<\/tr>\n<tr>\n<td style=\"width: 457.575px\">Zorn\u00fd uhol<\/td>\n<td style=\"width: 478.625px\">\n<div>\n<div>Termo: 8,5\u00b0 | Digit\u00e1lne: 5,8\u00b0<\/div>\n<\/div>\n<\/td>\n<\/tr>\n<tr>\n<td style=\"width: 457.575px\">Zorn\u00e9 pole na 100 m<\/td>\n<td style=\"width: 478.625px\">\n<div>\n<div>Teplo: 15,4 m | Digit\u00e1lne: 10,2 m<\/div>\n<\/div>\n<\/td>\n<\/tr>\n<tr>\n<td style=\"width: 457.575px\">O\u010dn\u00ed reli\u00e9f<\/td>\n<td style=\"width: 478.625px\">13 mm<\/td>\n<\/tr>\n<tr>\n<td style=\"width: 457.575px\">Priemer vych\u00e1dzaj\u00facej zreni\u010dky<\/td>\n<td style=\"width: 478.625px\">5 mm<\/td>\n<\/tr>\n<tr>\n<td style=\"width: 457.575px\">Dioptrick\u00e1 korekcia<\/td>\n<td style=\"width: 478.625px\">-5 \/ +5 dioptri\u00ed<\/td>\n<\/tr>\n<tr>\n<td style=\"width: 457.575px\">Medzio\u010dn\u00e1 vzdialenos\u0165<\/td>\n<td style=\"width: 478.625px\">62,5 - 74 mm<\/td>\n<\/tr>\n<tr>\n<td style=\"width: 457.575px\">Minim\u00e1lna ohniskov\u00e1 vzdialenos\u0165<\/td>\n<td style=\"width: 478.625px\">3 m<\/td>\n<\/tr>\n<tr>\n<td style=\"width: 457.575px\">Z\u00e1sobovanie potravinami<\/td>\n<td style=\"width: 478.625px\">\n<div>\n<div>Li-ion bat\u00e9ria APS 5 \/ 4900 mAh<\/div>\n<\/div>\n<\/td>\n<\/tr>\n<tr>\n<td style=\"width: 457.575px\">Extern\u00e9 nap\u00e1janie<\/td>\n<td style=\"width: 478.625px\">\n<div>\n<div>5 V, 9 V (USB typu C)<\/div>\n<\/div>\n<\/td>\n<\/tr>\n<tr>\n<td style=\"width: 457.575px\">Videorekord\u00e9r<\/td>\n<td style=\"width: 478.625px\">\u00c1no<\/td>\n<\/tr>\n<tr>\n<td style=\"width: 457.575px\">Pam\u00e4\u0165<\/td>\n<td style=\"width: 478.625px\">64 GB<\/td>\n<\/tr>\n<tr>\n<td style=\"width: 457.575px\">Form\u00e1t videa\/fotografi\u00ed<\/td>\n<td style=\"width: 478.625px\">.mp4 \/ .jpg<\/td>\n<\/tr>\n<tr>\n<td style=\"width: 457.575px\">Rozl\u00ed\u0161enie videa\/fotografi\u00ed<\/td>\n<td style=\"width: 478.625px\">1440 \u00d7 1080<\/td>\n<\/tr>\n<tr>\n<td style=\"width: 457.575px\">Materi\u00e1l z<\/td>\n<td style=\"width: 478.625px\">\n<div>\n<div>Hor\u010d\u00edkov\u00e1 zliatina<\/div>\n<\/div>\n<\/td>\n<\/tr>\n<tr>\n<td style=\"width: 457.575px\">Odolnos\u0165 vo\u010di vode<\/td>\n<td style=\"width: 478.625px\">IP67 (vodotesnos\u0165)<\/td>\n<\/tr>\n<tr>\n<td style=\"width: 457.575px\">Prejs\u0165 na<\/td>\n<td style=\"width: 478.625px\">1\/4\u2033<\/td>\n<\/tr>\n<tr>\n<td style=\"width: 457.575px\">Prev\u00e1dzkov\u00e1 teplota<\/td>\n<td style=\"width: 478.625px\">-25 - +50 \u00b0C<\/td>\n<\/tr>\n<tr>\n<td style=\"width: 457.575px\">Mobiln\u00e1 aplik\u00e1cia<\/td>\n<td style=\"width: 478.625px\">\n<div>\n<div>Stream Vision 2, Stream Vision Ballistics<\/div>\n<\/div>\n<\/td>\n<\/tr>\n<tr>\n<td style=\"width: 457.575px\">Bluetooth<\/td>\n<td style=\"width: 478.625px\">BLE 4.2<\/td>\n<\/tr>\n<tr>\n<td style=\"width: 457.575px\">Wi-Fi<\/td>\n<td style=\"width: 478.625px\">\n<div>\n<div>2,4 \/ 5 GHz, IEEE 802.11 b\/g\/n\/ac (WPA)<\/div>\n<\/div>\n<\/td>\n<\/tr>\n<tr>\n<td style=\"width: 457.575px\">Typ IR osvetlenia<\/td>\n<td style=\"width: 478.625px\">LED<\/td>\n<\/tr>\n<tr>\n<td style=\"width: 457.575px\">IR v\u00fdkon<\/td>\n<td style=\"width: 478.625px\">200 mW<\/td>\n<\/tr>\n<tr>\n<td style=\"width: 457.575px\">IR vlnov\u00e1 d\u013a\u017eka<\/td>\n<td style=\"width: 478.625px\">850 nm<\/td>\n<\/tr>\n<tr>\n<td style=\"width: 457.575px\">Typ USB<\/td>\n<td style=\"width: 478.625px\">USB typu C<\/td>\n<\/tr>\n<tr>\n<td style=\"width: 457.575px\">Prev\u00e1dzkov\u00fd \u010das (pri 22 \u00b0C)<\/td>\n<td style=\"width: 478.625px\">8 hod\u00edn<\/td>\n<\/tr>\n<tr>\n<td style=\"width: 457.575px\">Rozmery<\/td>\n<td style=\"width: 478.625px\">\n<div>\n<div>207 \u00d7 132 \u00d7 72 mm<\/div>\n<\/div>\n<\/td>\n<\/tr>\n<tr>\n<td style=\"width: 457.575px\">Hmotnos\u0165<\/td>\n<td style=\"width: 478.625px\">\n<div>\n<div>1 kg (s bat\u00e9riou)<\/div>\n<\/div>\n<\/td>\n<\/tr>\n<\/tbody>\n<\/table>\n<\/div>","protected":false},"excerpt":{"rendered":"<p>Pr\u00e9miov\u00fd multispektr\u00e1lny \u010falekoh\u013ead s termov\u00edziou, no\u010dn\u00fdm viden\u00edm a plnofarebn\u00fdm denn\u00fdm sn\u00edmkovan\u00edm a integrovan\u00fdm laserov\u00fdm dia\u013ekomerom. V\u010faka \u0161irok\u00e9mu zorn\u00e9mu po\u013eu je ur\u010den\u00fd na skenovanie lesov a zmie\u0161an\u00e9ho ter\u00e9nu a poskytuje maxim\u00e1lne detaily obrazu a r\u00fdchlu detekciu za denn\u00e9ho svetla, v tme aj za s\u00famraku.<\/p>","protected":false},"featured_media":8542,"comment_status":"open","ping_status":"closed","template":"","meta":[],"product_brand":[],"product_cat":[39,45,48,99],"product_tag":[125,40,18,50,768,44,769],"class_list":{"0":"post-8541","1":"product","2":"type-product","3":"status-publish","4":"has-post-thumbnail","6":"product_cat-digitalis-ejjellato","7":"product_cat-hokamera","8":"product_cat-hokamera-keresotavcso","9":"product_cat-lezeres-tavmero","10":"product_tag-binokular","11":"product_tag-ejjellato","12":"product_tag-hokamera","13":"product_tag-hokamera-keresotavcso","14":"product_tag-multispektralis","15":"product_tag-pulsar","16":"product_tag-symbion","18":"first","19":"instock","20":"taxable","21":"shipping-taxable","22":"purchasable","23":"product-type-simple"},"jetpack_sharing_enabled":true,"_links":{"self":[{"href":"https:\/\/bestoptika.eu\/sk\/wp-json\/wp\/v2\/product\/8541","targetHints":{"allow":["GET"]}}],"collection":[{"href":"https:\/\/bestoptika.eu\/sk\/wp-json\/wp\/v2\/product"}],"about":[{"href":"https:\/\/bestoptika.eu\/sk\/wp-json\/wp\/v2\/types\/product"}],"replies":[{"embeddable":true,"href":"https:\/\/bestoptika.eu\/sk\/wp-json\/wp\/v2\/comments?post=8541"}],"wp:featuredmedia":[{"embeddable":true,"href":"https:\/\/bestoptika.eu\/sk\/wp-json\/wp\/v2\/media\/8542"}],"wp:attachment":[{"href":"https:\/\/bestoptika.eu\/sk\/wp-json\/wp\/v2\/media?parent=8541"}],"wp:term":[{"taxonomy":"product_brand","embeddable":true,"href":"https:\/\/bestoptika.eu\/sk\/wp-json\/wp\/v2\/product_brand?post=8541"},{"taxonomy":"product_cat","embeddable":true,"href":"https:\/\/bestoptika.eu\/sk\/wp-json\/wp\/v2\/product_cat?post=8541"},{"taxonomy":"product_tag","embeddable":true,"href":"https:\/\/bestoptika.eu\/sk\/wp-json\/wp\/v2\/product_tag?post=8541"}],"curies":[{"name":"wp","href":"https:\/\/api.w.org\/{rel}","templated":true}]}}