{"id":8699,"date":"2026-05-09T10:27:26","date_gmt":"2026-05-09T08:27:26","guid":{"rendered":"https:\/\/bestoptika.eu\/?post_type=product&#038;p=8699"},"modified":"2026-05-09T11:14:27","modified_gmt":"2026-05-09T09:14:27","slug":"infitac-pa01-rmsc-adapter","status":"publish","type":"product","link":"https:\/\/bestoptika.eu\/sk\/product\/infitac-pa01-rmsc-adapter\/","title":{"rendered":"Infitac PA01 RMSc adapt\u00e9r"},"content":{"rendered":"<p><strong>INFITAC PA01 RMSc adapt\u00e9r<\/strong><\/p>\n<p data-start=\"323\" data-end=\"350\"><strong data-start=\"323\" data-end=\"350\">Kompatibiln\u00e9 zbrane:<\/strong><\/p>\n<ul data-start=\"352\" data-end=\"568\" data-is-last-node=\"\" data-is-only-node=\"\">\n<li data-section-id=\"19lmlwi\" data-start=\"352\" data-end=\"406\">Glock G43X MOS a G48 MOS (s v\u00fdrezom RMSc Shield)<\/li>\n<li data-section-id=\"1a0qewc\" data-start=\"407\" data-end=\"434\">Springfield Hellcat OSP<\/li>\n<li data-section-id=\"15ddcv4\" data-start=\"435\" data-end=\"468\">Springfield XD-S Optics Ready<\/li>\n<li data-section-id=\"1si1srq\" data-start=\"469\" data-end=\"497\">Ruger Max-9 Optics Ready<\/li>\n<li data-section-id=\"1d5shjo\" data-start=\"498\" data-end=\"516\">Mossberg MC2sc<\/li>\n<li data-section-id=\"17fn9j6\" data-start=\"517\" data-end=\"551\">SCCY CPX1 a CPX2 Optics Ready<\/li>\n<li data-section-id=\"szr6h1\" data-start=\"552\" data-end=\"568\" data-is-last-node=\"\">SIG Sauer P365<\/li>\n<\/ul>\n<p>&nbsp;<\/p>\n<table dir=\"ltr\" style=\"width: 373px\" border=\"1\" cellspacing=\"0\" cellpadding=\"0\" data-sheets-root=\"1\" data-sheets-baot=\"1\">\n<colgroup>\n<col width=\"94\" \/>\n<col width=\"125\" \/><\/colgroup>\n<tbody>\n<tr>\n<td style=\"width: 175.087px\">Hmotnos\u0165<\/td>\n<td style=\"width: 193.113px\">10,5 g<\/td>\n<\/tr>\n<tr>\n<td style=\"width: 175.087px\">Materi\u00e1l<\/td>\n<td style=\"width: 193.113px\">AL7075-T6<\/td>\n<\/tr>\n<\/tbody>\n<\/table>","protected":false},"excerpt":{"rendered":"<p>Infitac PA01 RMSc Pistol Adapter je mont\u00e1\u017eny adapt\u00e9r ur\u010den\u00fd na upevnenie termov\u00edzneho kolim\u00e1tora Infitac FMP13 na pi\u0161tole s v\u00fdrezom Shield RMSc (Romeo Zero \/ Shield). Umo\u017e\u0148uje bezpe\u010dn\u00e9 a spo\u013eahliv\u00e9 uchytenie bez nutnosti \u00faprav zbrane a je vyroben\u00fd z leteck\u00e9ho hlin\u00edka AL7075-T6.<\/p>","protected":false},"featured_media":8700,"comment_status":"open","ping_status":"closed","template":"","meta":[],"product_brand":[],"product_cat":[140],"product_tag":[141,777],"class_list":{"0":"post-8699","1":"product","2":"type-product","3":"status-publish","4":"has-post-thumbnail","6":"product_cat-adapter","7":"product_tag-adapter","8":"product_tag-infitac","10":"first","11":"instock","12":"taxable","13":"shipping-taxable","14":"purchasable","15":"product-type-simple"},"jetpack_sharing_enabled":true,"_links":{"self":[{"href":"https:\/\/bestoptika.eu\/sk\/wp-json\/wp\/v2\/product\/8699","targetHints":{"allow":["GET"]}}],"collection":[{"href":"https:\/\/bestoptika.eu\/sk\/wp-json\/wp\/v2\/product"}],"about":[{"href":"https:\/\/bestoptika.eu\/sk\/wp-json\/wp\/v2\/types\/product"}],"replies":[{"embeddable":true,"href":"https:\/\/bestoptika.eu\/sk\/wp-json\/wp\/v2\/comments?post=8699"}],"wp:featuredmedia":[{"embeddable":true,"href":"https:\/\/bestoptika.eu\/sk\/wp-json\/wp\/v2\/media\/8700"}],"wp:attachment":[{"href":"https:\/\/bestoptika.eu\/sk\/wp-json\/wp\/v2\/media?parent=8699"}],"wp:term":[{"taxonomy":"product_brand","embeddable":true,"href":"https:\/\/bestoptika.eu\/sk\/wp-json\/wp\/v2\/product_brand?post=8699"},{"taxonomy":"product_cat","embeddable":true,"href":"https:\/\/bestoptika.eu\/sk\/wp-json\/wp\/v2\/product_cat?post=8699"},{"taxonomy":"product_tag","embeddable":true,"href":"https:\/\/bestoptika.eu\/sk\/wp-json\/wp\/v2\/product_tag?post=8699"}],"curies":[{"name":"wp","href":"https:\/\/api.w.org\/{rel}","templated":true}]}}