{"id":872,"date":"2024-06-02T17:08:41","date_gmt":"2024-06-02T15:08:41","guid":{"rendered":"https:\/\/bestoptika.eu\/?post_type=product&#038;p=872"},"modified":"2026-05-07T09:44:12","modified_gmt":"2026-05-07T07:44:12","slug":"hikmicro-stellar-sq35","status":"publish","type":"product","link":"https:\/\/bestoptika.eu\/sk\/product\/hikmicro-stellar-sq35\/","title":{"rendered":"Hikmicro STELLAR SQ35 termov\u00edzny pu\u0161koh\u013ead"},"content":{"rendered":"<p><span style=\"font-weight: 400\">A <\/span><b>S\u00e9ria Hikmicro Stellar SQ <\/b><span style=\"font-weight: 400\">termov\u00edznych kamier s patentovan\u00fdm syst\u00e9mom spolo\u010dnosti Hikvision <\/span><b>640\u00d7512<\/b><span style=\"font-weight: 400\"> rozl\u00ed\u0161enie pixelov. SQ35 s optikou <\/span><b>35 mm<\/b><span style=\"font-weight: 400\">-es, zorn\u00fd uhol <\/span><b>12,5\u00b0<\/b><span style=\"font-weight: 400\">-os, optick\u00e9 zv\u00e4\u010d\u0161enie <\/span><b>2x-in<\/b><span style=\"font-weight: 400\">. Maxim\u00e1lne zv\u00e4\u010d\u0161enie je 8x. Detek\u010dn\u00e1 vzdialenos\u0165 <\/span><b>1800m<\/b><span style=\"font-weight: 400\">.<\/span><\/p>\n<table>\n<tbody>\n<tr>\n<td colspan=\"2\"><b>Hlavn\u00e9 funkcie<\/b><\/td>\n<\/tr>\n<tr>\n<td><span style=\"font-weight: 400\">Maxim\u00e1lne rozl\u00ed\u0161enie<\/span><\/td>\n<td><span style=\"font-weight: 400\">640 \u00d7 512<\/span><\/td>\n<\/tr>\n<tr>\n<td><span style=\"font-weight: 400\">Aktualiz\u00e1cia obr\u00e1zkov<\/span><\/td>\n<td><span style=\"font-weight: 400\">50 Hz<\/span><\/td>\n<\/tr>\n<tr>\n<td><span style=\"font-weight: 400\">\u0160o\u0161ovka<\/span><\/td>\n<td><span style=\"font-weight: 400\">35 mm, F1.0<\/span><\/td>\n<\/tr>\n<tr>\n<td><span style=\"font-weight: 400\">Detek\u010dn\u00e1 vzdialenos\u0165<\/span><\/td>\n<td><span style=\"font-weight: 400\">1800m<\/span><\/td>\n<\/tr>\n<tr>\n<td><span style=\"font-weight: 400\">Zorn\u00fd uhol<\/span><\/td>\n<td><span style=\"font-weight: 400\">12,5\u00b0 \u00d7 10,0\u00b0\/21,9 m x 17,6 m<\/span><\/td>\n<\/tr>\n<tr>\n<td><span style=\"font-weight: 400\">Bl\u00edzkos\u0165<\/span><\/td>\n<td><span style=\"font-weight: 400\">2m<\/span><\/td>\n<\/tr>\n<tr>\n<td><span style=\"font-weight: 400\">Zv\u00e4\u010d\u0161enie<\/span><\/td>\n<td><span style=\"font-weight: 400\">1,6\u00d7-12,8\u00d7 (8\u00d7)<\/span><\/td>\n<\/tr>\n<tr>\n<td colspan=\"2\"><b>Zobrazenie<\/b><\/td>\n<\/tr>\n<tr>\n<td><span style=\"font-weight: 400\">Rozl\u00ed\u0161enie<\/span><\/td>\n<td><span style=\"font-weight: 400\">1024 \u00d7 768, 0,39 palca, OLED<\/span><\/td>\n<\/tr>\n<tr>\n<td><span style=\"font-weight: 400\">Farebn\u00e9 re\u017eimy Stenderd<\/span><\/td>\n<td><span style=\"font-weight: 400\">Biele zv\u00fdraznenie, \u010dierne zv\u00fdraznenie, \u010derven\u00e9 zv\u00fdraznenie, f\u00fazia<\/span><\/td>\n<\/tr>\n<tr>\n<td><span style=\"font-weight: 400\">Odch\u00e1dzaj\u00faci \u017eiak<\/span><\/td>\n<td><span style=\"font-weight: 400\">5 mm<\/span><\/td>\n<\/tr>\n<tr>\n<td><span style=\"font-weight: 400\">O\u010dn\u00fd reli\u00e9f<\/span><\/td>\n<td><span style=\"font-weight: 400\">60 mm<\/span><\/td>\n<\/tr>\n<tr>\n<td><span style=\"font-weight: 400\">Nastavenie dioptri\u00ed<\/span><\/td>\n<td><span style=\"font-weight: 400\">-5D a\u017e 5D<\/span><\/td>\n<\/tr>\n<tr>\n<td colspan=\"2\"><b>V\u0161eobecn\u00e9<\/b><\/td>\n<\/tr>\n<tr>\n<td><span style=\"font-weight: 400\">Mechanick\u00e1 ochrana<\/span><\/td>\n<td><span style=\"font-weight: 400\">IP67<\/span><\/td>\n<\/tr>\n<tr>\n<td><span style=\"font-weight: 400\">Hmotnos\u0165<\/span><\/td>\n<td><span style=\"font-weight: 400\">890 g bez okul\u00e1ra a bat\u00e9rie CR123A<\/span><\/td>\n<\/tr>\n<tr>\n<td><span style=\"font-weight: 400\">Rozmery<\/span><\/td>\n<td><span style=\"font-weight: 400\">407 mm \u00d7 78,1 mm \u00d7 75,9 mm<\/span><\/td>\n<\/tr>\n<tr>\n<td><span style=\"font-weight: 400\">Prev\u00e1dzkov\u00e1 teplota<\/span><\/td>\n<td><span style=\"font-weight: 400\">-30\u00b0C a\u017e +55\u00b0C<\/span><\/td>\n<\/tr>\n<tr>\n<td><span style=\"font-weight: 400\">\u00dalo\u017eisko<\/span><\/td>\n<td><span style=\"font-weight: 400\">Zabudovan\u00e1 pam\u00e4\u0165 EMMC (64 GB)<\/span><\/td>\n<\/tr>\n<tr>\n<td colspan=\"2\"><b>Dod\u00e1vka elektrickej energie<\/b><\/td>\n<\/tr>\n<tr>\n<td><span style=\"font-weight: 400\">Bat\u00e9ria<\/span><\/td>\n<td><span style=\"font-weight: 400\">Dve dob\u00edjate\u013en\u00e9 l\u00edtiov\u00e9 bat\u00e9rie (zabudovan\u00e9) a jedna vymenite\u013en\u00e1 bat\u00e9ria CR123A (extern\u00e1)<\/span><\/td>\n<\/tr>\n<tr>\n<td><span style=\"font-weight: 400\">V\u00fddr\u017e<\/span><\/td>\n<td><span style=\"font-weight: 400\">13 hod\u00edn nepretr\u017eite (25 \u00b0C, Wi-Fi vypnut\u00e9)<\/span><\/td>\n<\/tr>\n<tr>\n<td><span style=\"font-weight: 400\">Zobrazenie kapacity bat\u00e9rie<\/span><\/td>\n<td><span style=\"font-weight: 400\">\u00c1no<\/span><\/td>\n<\/tr>\n<tr>\n<td><span style=\"font-weight: 400\">Ochrana proti preplneniu<\/span><\/td>\n<td><span style=\"font-weight: 400\">\u00c1no<\/span><\/td>\n<\/tr>\n<tr>\n<td><span style=\"font-weight: 400\">Z\u00e1suvka nab\u00edja\u010dky<\/span><\/td>\n<td><span style=\"font-weight: 400\">5 V DC\/2 A, USB typu C<\/span><\/td>\n<\/tr>\n<\/tbody>\n<\/table>\n<p><a href=\"https:\/\/www.hikmicrotech.com\/en\/outdoor-products\/stellar-series-thermal-scope\/\">https:\/\/www.hikmicrotech.com\/en\/outdoor-products\/stellar-series-thermal-scope\/<\/a><\/p>","protected":false},"excerpt":{"rendered":"<ul>\n<li style=\"font-weight: 400\"><span style=\"font-weight: 400\">640 \u00d7 512<\/span><span style=\"font-weight: 400\"> Rozl\u00ed\u0161enie<\/span><\/li>\n<li style=\"font-weight: 400\"><span style=\"font-weight: 400\">0,39-palcov\u00fd displej OLED s rozl\u00ed\u0161en\u00edm 1024 \u00d7 768<\/span><\/li>\n<li style=\"font-weight: 400\"><span style=\"font-weight: 400\">Detek\u010dn\u00e1 vzdialenos\u0165 do 1800 m<\/span><\/li>\n<li style=\"font-weight: 400\"><span style=\"font-weight: 400\">Dve dob\u00edjate\u013en\u00e9 l\u00edtiov\u00e9 bat\u00e9rie a jedna vymenite\u013en\u00e1 bat\u00e9ria<\/span><\/li>\n<\/ul>","protected":false},"featured_media":873,"comment_status":"open","ping_status":"closed","template":"","meta":[],"product_brand":[],"product_cat":[30,17],"product_tag":[32,31,18],"class_list":{"0":"post-872","1":"product","2":"type-product","3":"status-publish","4":"has-post-thumbnail","6":"product_cat-celtavcso","7":"product_cat-hokamera-kereso","8":"product_tag-celtavcso","9":"product_tag-hikmicro","10":"product_tag-hokamera","12":"first","13":"instock","14":"sale","15":"taxable","16":"shipping-taxable","17":"purchasable","18":"product-type-simple"},"jetpack_sharing_enabled":true,"_links":{"self":[{"href":"https:\/\/bestoptika.eu\/sk\/wp-json\/wp\/v2\/product\/872","targetHints":{"allow":["GET"]}}],"collection":[{"href":"https:\/\/bestoptika.eu\/sk\/wp-json\/wp\/v2\/product"}],"about":[{"href":"https:\/\/bestoptika.eu\/sk\/wp-json\/wp\/v2\/types\/product"}],"replies":[{"embeddable":true,"href":"https:\/\/bestoptika.eu\/sk\/wp-json\/wp\/v2\/comments?post=872"}],"wp:featuredmedia":[{"embeddable":true,"href":"https:\/\/bestoptika.eu\/sk\/wp-json\/wp\/v2\/media\/873"}],"wp:attachment":[{"href":"https:\/\/bestoptika.eu\/sk\/wp-json\/wp\/v2\/media?parent=872"}],"wp:term":[{"taxonomy":"product_brand","embeddable":true,"href":"https:\/\/bestoptika.eu\/sk\/wp-json\/wp\/v2\/product_brand?post=872"},{"taxonomy":"product_cat","embeddable":true,"href":"https:\/\/bestoptika.eu\/sk\/wp-json\/wp\/v2\/product_cat?post=872"},{"taxonomy":"product_tag","embeddable":true,"href":"https:\/\/bestoptika.eu\/sk\/wp-json\/wp\/v2\/product_tag?post=872"}],"curies":[{"name":"wp","href":"https:\/\/api.w.org\/{rel}","templated":true}]}}