{"id":8732,"date":"2026-05-09T11:27:07","date_gmt":"2026-05-09T09:27:07","guid":{"rendered":"https:\/\/bestoptika.eu\/?post_type=product&#038;p=8732"},"modified":"2026-05-09T11:29:28","modified_gmt":"2026-05-09T09:29:28","slug":"infitac-pm04-aimpoint-acro-mount-adapter","status":"publish","type":"product","link":"https:\/\/bestoptika.eu\/sk\/product\/infitac-pm04-aimpoint-acro-mount-adapter\/","title":{"rendered":"Infitac PM04 Aimpoint Acro Mount adapt\u00e9r"},"content":{"rendered":"<p><strong>INFITAC PM04 Aimpoint Acro Mount adapt\u00e9r<\/strong><\/p>\n<p><strong data-start=\"345\" data-end=\"373\">Kompatibiln\u00e9 platformy:<\/strong><\/p>\n<ul data-start=\"375\" data-end=\"512\" data-is-last-node=\"\" data-is-only-node=\"\">\n<li data-section-id=\"fomeav\" data-start=\"375\" data-end=\"445\">V\u0161etky zbrane a syst\u00e9my s li\u0161tou Aimpoint Acro<\/li>\n<li data-section-id=\"18bny64\" data-start=\"446\" data-end=\"512\" data-is-last-node=\"\">Pi\u0161tole a pu\u0161ky vybaven\u00e9 mont\u00e1\u017enou li\u0161tou Aimpoint Acro<\/li>\n<\/ul>\n<p>&nbsp;<\/p>\n<table dir=\"ltr\" border=\"1\" cellspacing=\"0\" cellpadding=\"0\" data-sheets-root=\"1\" data-sheets-baot=\"1\">\n<colgroup>\n<col width=\"94\" \/>\n<col width=\"125\" \/><\/colgroup>\n<tbody>\n<tr>\n<td>Hmotnos\u0165<\/td>\n<td>18,7 g<\/td>\n<\/tr>\n<tr>\n<td>Materi\u00e1l<\/td>\n<td>AL7075-T6<\/td>\n<\/tr>\n<\/tbody>\n<\/table>","protected":false},"excerpt":{"rendered":"<p>Infitac PM04 Aimpoint Acro Mount je mont\u00e1\u017eny adapt\u00e9r s rozhran\u00edm RMR, ktor\u00fd umo\u017e\u0148uje upevnenie termov\u00edzneho kolim\u00e1tora Infitac FMP13 na platformy vyu\u017e\u00edvaj\u00face syst\u00e9m li\u0161ty Aimpoint Acro. V\u010faka robustnej kovovej kon\u0161trukcii z leteck\u00e9ho hlin\u00edka AL7075-T6 zabezpe\u010duje spo\u013eahliv\u00e9 a pevn\u00e9 uchytenie aj pri intenz\u00edvnom sp\u00e4tnom r\u00e1ze.<\/p>","protected":false},"featured_media":8733,"comment_status":"open","ping_status":"closed","template":"","meta":[],"product_brand":[],"product_cat":[140],"product_tag":[141,777],"class_list":{"0":"post-8732","1":"product","2":"type-product","3":"status-publish","4":"has-post-thumbnail","6":"product_cat-adapter","7":"product_tag-adapter","8":"product_tag-infitac","10":"first","11":"instock","12":"taxable","13":"shipping-taxable","14":"purchasable","15":"product-type-simple"},"jetpack_sharing_enabled":true,"_links":{"self":[{"href":"https:\/\/bestoptika.eu\/sk\/wp-json\/wp\/v2\/product\/8732","targetHints":{"allow":["GET"]}}],"collection":[{"href":"https:\/\/bestoptika.eu\/sk\/wp-json\/wp\/v2\/product"}],"about":[{"href":"https:\/\/bestoptika.eu\/sk\/wp-json\/wp\/v2\/types\/product"}],"replies":[{"embeddable":true,"href":"https:\/\/bestoptika.eu\/sk\/wp-json\/wp\/v2\/comments?post=8732"}],"wp:featuredmedia":[{"embeddable":true,"href":"https:\/\/bestoptika.eu\/sk\/wp-json\/wp\/v2\/media\/8733"}],"wp:attachment":[{"href":"https:\/\/bestoptika.eu\/sk\/wp-json\/wp\/v2\/media?parent=8732"}],"wp:term":[{"taxonomy":"product_brand","embeddable":true,"href":"https:\/\/bestoptika.eu\/sk\/wp-json\/wp\/v2\/product_brand?post=8732"},{"taxonomy":"product_cat","embeddable":true,"href":"https:\/\/bestoptika.eu\/sk\/wp-json\/wp\/v2\/product_cat?post=8732"},{"taxonomy":"product_tag","embeddable":true,"href":"https:\/\/bestoptika.eu\/sk\/wp-json\/wp\/v2\/product_tag?post=8732"}],"curies":[{"name":"wp","href":"https:\/\/api.w.org\/{rel}","templated":true}]}}